{"id":4252,"date":"2017-04-03T12:17:58","date_gmt":"2017-04-03T10:17:58","guid":{"rendered":"http:\/\/psi-matrix.eu\/fr\/?page_id=4252"},"modified":"2017-10-16T14:51:28","modified_gmt":"2017-10-16T12:51:28","slug":"nouvelles","status":"publish","type":"page","link":"https:\/\/psi-matrix.eu\/fr\/nouvelles\/nouvelles\/","title":{"rendered":"Nouveaut\u00e9s"},"content":{"rendered":"<p>[vc_row][vc_column][vc_column_text]\t\r\n\t<div class=\"wpnawfree-plugin news-clearfix \">\r\n\r\n\t\t\r\n\t\t\t<div id=\"post-3492\" class=\"news type-news news-col-1 wpnaw-news-post wpnaw-first wpnaw-last has-date\">\r\n\t\t\t\t<div class=\"news-inner-wrap-view news-clearfix \">\r\n\r\n\t\t\t\t\t\t\t\t\t\t<div class=\"news-thumb\">\r\n\t\t\t\t\t\t\t\t\t\t\t\t\t<div class=\"grid-news-thumb\">\r\n\t\t\t\t\t\t\t\t<a href=\"https:\/\/psi-matrix.eu\/fr\/news\/nouveau-catalogue-des-applications-pour-imprimantes\/\"><img width=\"300\" height=\"426\" src=\"https:\/\/psi-matrix.eu\/wordpress\/wp-content\/uploads\/2016\/06\/applik_eng_front_gr.jpg\" class=\"attachment-large size-large wp-post-image\" alt=\"Print_Application\" loading=\"lazy\" srcset=\"https:\/\/psi-matrix.eu\/wordpress\/wp-content\/uploads\/2016\/06\/applik_eng_front_gr.jpg 300w, https:\/\/psi-matrix.eu\/wordpress\/wp-content\/uploads\/2016\/06\/applik_eng_front_gr-211x300.jpg 211w\" sizes=\"(max-width: 300px) 100vw, 300px\" \/><\/a>\r\n\t\t\t\t\t\t\t<\/div>\r\n\t\t\t\t\t\t\t\t\t\t\t<\/div>\r\n\t\t\t\t\t\r\n\t\t\t\t\t<div class=\"news-content\">\r\n\t\t\t\t\t\t\t\t\t\t\t\t\t\t<div class=\"date-post\">\r\n\t\t\t\t\t\t\t\t\t<h2><span>1<\/span><\/h2>\r\n\t\t\t\t\t\t\t\t\t<p>Feb 19<\/p>\r\n\t\t\t\t\t\t\t\t<\/div>\r\n\t\t\t\t\t\t\t\r\n\t\t\t\t\t\t\r\n\t\t\t\t\t\t<div class=\"post-content-text\">\r\n\t\t\t\t\t\t\t<h3 class=\"news-title\"><a href=\"https:\/\/psi-matrix.eu\/fr\/news\/nouveau-catalogue-des-applications-pour-imprimantes\/\" rel=\"bookmark\">Nouveau catalogue des applications pour imprimantes<\/a><\/h3>\t\t\t\t\t\t\t\t\t\t\t\t\t\t\t<div class=\"news-cat\"><\/div>\r\n\t\t\t\t\t\t\t\r\n\t\t\t\t\t\t\t\t\t\t\t\t\t\t\t<div class=\"news-content-excerpt\">\r\n\t\t\t\t\t\t\t\t\t\t\t\t\t\t\t\t\t\t\t<div class=\"news-short-content\">\r\n\t\t\t\t\t\t\t\t\t\t\tThere is a  New Brochure \"Printer-Applications\" with descriptions of applications and examples for the \"Download\".\t\t\t\t\t\t\t\t\t\t<\/div>\r\n\t\t\t\t\t\t\t\t\t\t<a href=\"https:\/\/psi-matrix.eu\/fr\/news\/nouveau-catalogue-des-applications-pour-imprimantes\/\" class=\"news-more-link\">En savoir plus<\/a>\r\n\t\t\t\t\t\t\t\t\t\t\t\t\t\t\t\t\t<\/div><!-- .entry-content -->\r\n\t\t\t\t\t\t\t\t\t\t\t\t\t<\/div>\r\n\r\n\t\t\t\t\t<\/div>\r\n\t\t\t\t<\/div><!-- #post-## -->\r\n\t\t\t<\/div><!-- #post-## -->\r\n\t\t\r\n\t\t\t<div id=\"post-3493\" class=\"news type-news news-col-1 wpnaw-news-post wpnaw-first wpnaw-last has-date\">\r\n\t\t\t\t<div class=\"news-inner-wrap-view news-clearfix \">\r\n\r\n\t\t\t\t\t\t\t\t\t\t<div class=\"news-thumb\">\r\n\t\t\t\t\t\t\t\t\t\t\t\t\t<div class=\"grid-news-thumb\">\r\n\t\t\t\t\t\t\t\t<a href=\"https:\/\/psi-matrix.eu\/fr\/news\/nouveau-catalogue-accessoires-pour-imprimantes\/\"><img width=\"300\" height=\"420\" src=\"https:\/\/psi-matrix.eu\/wordpress\/wp-content\/uploads\/2016\/06\/option_eng_front.jpg\" class=\"attachment-large size-large wp-post-image\" alt=\"Interface_Optionen\" loading=\"lazy\" srcset=\"https:\/\/psi-matrix.eu\/wordpress\/wp-content\/uploads\/2016\/06\/option_eng_front.jpg 300w, https:\/\/psi-matrix.eu\/wordpress\/wp-content\/uploads\/2016\/06\/option_eng_front-214x300.jpg 214w\" sizes=\"(max-width: 300px) 100vw, 300px\" \/><\/a>\r\n\t\t\t\t\t\t\t<\/div>\r\n\t\t\t\t\t\t\t\t\t\t\t<\/div>\r\n\t\t\t\t\t\r\n\t\t\t\t\t<div class=\"news-content\">\r\n\t\t\t\t\t\t\t\t\t\t\t\t\t\t<div class=\"date-post\">\r\n\t\t\t\t\t\t\t\t\t<h2><span>1<\/span><\/h2>\r\n\t\t\t\t\t\t\t\t\t<p>Feb 19<\/p>\r\n\t\t\t\t\t\t\t\t<\/div>\r\n\t\t\t\t\t\t\t\r\n\t\t\t\t\t\t\r\n\t\t\t\t\t\t<div class=\"post-content-text\">\r\n\t\t\t\t\t\t\t<h3 class=\"news-title\"><a href=\"https:\/\/psi-matrix.eu\/fr\/news\/nouveau-catalogue-accessoires-pour-imprimantes\/\" rel=\"bookmark\">Nouveau catalogue accessoires pour imprimantes<\/a><\/h3>\t\t\t\t\t\t\t\t\t\t\t\t\t\t\t<div class=\"news-cat\"><a href=\"https:\/\/psi-matrix.eu\/news-category\/neuigkeiten\/\">Neuigkeiten<\/a>, <a href=\"https:\/\/psi-matrix.eu\/news-category\/neuigkeiten\/\">Neuigkeiten<\/a>, <a href=\"https:\/\/psi-matrix.eu\/news-category\/neuigkeiten\/\">Neuigkeiten<\/a>, <a href=\"https:\/\/psi-matrix.eu\/news-category\/neuigkeiten\/\">Neuigkeiten<\/a>, <a href=\"https:\/\/psi-matrix.eu\/news-category\/neuigkeiten\/\">Neuigkeiten<\/a>, <a href=\"https:\/\/psi-matrix.eu\/news-category\/neuigkeiten\/\">Neuigkeiten<\/a>, <a href=\"https:\/\/psi-matrix.eu\/news-category\/neuigkeiten\/\">Neuigkeiten<\/a><\/div>\r\n\t\t\t\t\t\t\t\r\n\t\t\t\t\t\t\t\t\t\t\t\t\t\t\t<div class=\"news-content-excerpt\">\r\n\t\t\t\t\t\t\t\t\t\t\t\t\t\t\t\t\t\t\t<div class=\"news-short-content\">\r\n\t\t\t\t\t\t\t\t\t\t\tThere is a newly upgraded brochure that combined all printer options to \"Download\".\t\t\t\t\t\t\t\t\t\t<\/div>\r\n\t\t\t\t\t\t\t\t\t\t<a href=\"https:\/\/psi-matrix.eu\/fr\/news\/nouveau-catalogue-accessoires-pour-imprimantes\/\" class=\"news-more-link\">En savoir plus<\/a>\r\n\t\t\t\t\t\t\t\t\t\t\t\t\t\t\t\t\t<\/div><!-- .entry-content -->\r\n\t\t\t\t\t\t\t\t\t\t\t\t\t<\/div>\r\n\r\n\t\t\t\t\t<\/div>\r\n\t\t\t\t<\/div><!-- #post-## -->\r\n\t\t\t<\/div><!-- #post-## -->\r\n\t\t\r\n\t\t\t<div id=\"post-4416\" class=\"news type-news news-col-1 wpnaw-news-post wpnaw-first wpnaw-last has-date\">\r\n\t\t\t\t<div class=\"news-inner-wrap-view news-clearfix \">\r\n\r\n\t\t\t\t\t\t\t\t\t\t<div class=\"news-thumb\">\r\n\t\t\t\t\t\t\t\t\t\t\t\t\t<div class=\"grid-news-thumb\">\r\n\t\t\t\t\t\t\t\t<a href=\"https:\/\/psi-matrix.eu\/fr\/news\/solutions-dimpression-compatible-ibm-4247-ipds\/\"><img width=\"709\" height=\"200\" src=\"https:\/\/psi-matrix.eu\/wordpress\/wp-content\/uploads\/2017\/05\/ibm4.png\" class=\"attachment-large size-large wp-post-image\" alt=\"IBM 4247 compatib\" loading=\"lazy\" srcset=\"https:\/\/psi-matrix.eu\/wordpress\/wp-content\/uploads\/2017\/05\/ibm4.png 709w, https:\/\/psi-matrix.eu\/wordpress\/wp-content\/uploads\/2017\/05\/ibm4-300x85.png 300w\" sizes=\"(max-width: 709px) 100vw, 709px\" \/><\/a>\r\n\t\t\t\t\t\t\t<\/div>\r\n\t\t\t\t\t\t\t\t\t\t\t<\/div>\r\n\t\t\t\t\t\r\n\t\t\t\t\t<div class=\"news-content\">\r\n\t\t\t\t\t\t\t\t\t\t\t\t\t\t<div class=\"date-post\">\r\n\t\t\t\t\t\t\t\t\t<h2><span>3<\/span><\/h2>\r\n\t\t\t\t\t\t\t\t\t<p>May 17<\/p>\r\n\t\t\t\t\t\t\t\t<\/div>\r\n\t\t\t\t\t\t\t\r\n\t\t\t\t\t\t\r\n\t\t\t\t\t\t<div class=\"post-content-text\">\r\n\t\t\t\t\t\t\t<h3 class=\"news-title\"><a href=\"https:\/\/psi-matrix.eu\/fr\/news\/solutions-dimpression-compatible-ibm-4247-ipds\/\" rel=\"bookmark\">Solutions d&#8217;impression compatible IBM 4247 IPDS<\/a><\/h3>\t\t\t\t\t\t\t\t\t\t\t\t\t\t\t<div class=\"news-cat\"><\/div>\r\n\t\t\t\t\t\t\t\r\n\t\t\t\t\t\t\t\t\t\t\t\t\t\t\t<div class=\"news-content-excerpt\">\r\n\t\t\t\t\t\t\t\t\t\t\t\t\t\t\t\t\t\t\t<div class=\"news-short-content\">\r\n\t\t\t\t\t\t\t\t\t\t\t<smal>Solutions d'impression IPDS de PSi Matrix GmbH avec compatibilit\u00e9 IBM 4247<\/smal>\t\t\t\t\t\t\t\t\t\t<\/div>\r\n\t\t\t\t\t\t\t\t\t\t<a href=\"https:\/\/psi-matrix.eu\/fr\/news\/solutions-dimpression-compatible-ibm-4247-ipds\/\" class=\"news-more-link\">En savoir plus<\/a>\r\n\t\t\t\t\t\t\t\t\t\t\t\t\t\t\t\t\t<\/div><!-- .entry-content -->\r\n\t\t\t\t\t\t\t\t\t\t\t\t\t<\/div>\r\n\r\n\t\t\t\t\t<\/div>\r\n\t\t\t\t<\/div><!-- #post-## -->\r\n\t\t\t<\/div><!-- #post-## -->\r\n\t\t\r\n\t\t\t<div id=\"post-4103\" class=\"news type-news news-col-1 wpnaw-news-post wpnaw-first wpnaw-last has-date\">\r\n\t\t\t\t<div class=\"news-inner-wrap-view news-clearfix \">\r\n\r\n\t\t\t\t\t\t\t\t\t\t<div class=\"news-thumb\">\r\n\t\t\t\t\t\t\t\t\t\t\t\t\t<div class=\"grid-news-thumb\">\r\n\t\t\t\t\t\t\t\t<a href=\"https:\/\/psi-matrix.eu\/fr\/news\/imprimante-matricielle-hp-p405-hp2934a\/\"><img width=\"236\" height=\"115\" src=\"https:\/\/psi-matrix.eu\/wordpress\/wp-content\/uploads\/2017\/03\/HP_logo_home1.png\" class=\"attachment-large size-large wp-post-image\" alt=\"\" loading=\"lazy\" \/><\/a>\r\n\t\t\t\t\t\t\t<\/div>\r\n\t\t\t\t\t\t\t\t\t\t\t<\/div>\r\n\t\t\t\t\t\r\n\t\t\t\t\t<div class=\"news-content\">\r\n\t\t\t\t\t\t\t\t\t\t\t\t\t\t<div class=\"date-post\">\r\n\t\t\t\t\t\t\t\t\t<h2><span>7<\/span><\/h2>\r\n\t\t\t\t\t\t\t\t\t<p>Mar 17<\/p>\r\n\t\t\t\t\t\t\t\t<\/div>\r\n\t\t\t\t\t\t\t\r\n\t\t\t\t\t\t\r\n\t\t\t\t\t\t<div class=\"post-content-text\">\r\n\t\t\t\t\t\t\t<h3 class=\"news-title\"><a href=\"https:\/\/psi-matrix.eu\/fr\/news\/imprimante-matricielle-hp-p405-hp2934a\/\" rel=\"bookmark\">Imprimantes matricielles HP P405 (HP2934A)<\/a><\/h3>\t\t\t\t\t\t\t\t\t\t\t\t\t\t\t<div class=\"news-cat\"><\/div>\r\n\t\t\t\t\t\t\t\r\n\t\t\t\t\t\t\t\t\t\t\t\t\t\t\t<div class=\"news-content-excerpt\">\r\n\t\t\t\t\t\t\t\t\t\t\t\t\t\t\t\t\t\t\t<div class=\"news-short-content\">\r\n\t\t\t\t\t\t\t\t\t\t\t<smal>PSi Matrice GmbH, le fabricant original de la HP P405 peut livrer et dans les futurs produits \u00e9gaux aujourd'hui..<\/smal>\t\t\t\t\t\t\t\t\t\t<\/div>\r\n\t\t\t\t\t\t\t\t\t\t<a href=\"https:\/\/psi-matrix.eu\/fr\/news\/imprimante-matricielle-hp-p405-hp2934a\/\" class=\"news-more-link\">En savoir plus<\/a>\r\n\t\t\t\t\t\t\t\t\t\t\t\t\t\t\t\t\t<\/div><!-- .entry-content -->\r\n\t\t\t\t\t\t\t\t\t\t\t\t\t<\/div>\r\n\r\n\t\t\t\t\t<\/div>\r\n\t\t\t\t<\/div><!-- #post-## -->\r\n\t\t\t<\/div><!-- #post-## -->\r\n\t\t\r\n\t\t\t<div id=\"post-3886\" class=\"news type-news news-col-1 wpnaw-news-post wpnaw-first wpnaw-last has-date\">\r\n\t\t\t\t<div class=\"news-inner-wrap-view news-clearfix \">\r\n\r\n\t\t\t\t\t\t\t\t\t\t<div class=\"news-thumb\">\r\n\t\t\t\t\t\t\t\t\t\t\t\t\t<div class=\"grid-news-thumb\">\r\n\t\t\t\t\t\t\t\t<a href=\"https:\/\/psi-matrix.eu\/fr\/news\/dec-la600-dot-matrix-multi-printer\/\"><img width=\"346\" height=\"173\" src=\"https:\/\/psi-matrix.eu\/wordpress\/wp-content\/uploads\/2017\/01\/digital-1.png\" class=\"attachment-large size-large wp-post-image\" alt=\"\" loading=\"lazy\" srcset=\"https:\/\/psi-matrix.eu\/wordpress\/wp-content\/uploads\/2017\/01\/digital-1.png 346w, https:\/\/psi-matrix.eu\/wordpress\/wp-content\/uploads\/2017\/01\/digital-1-300x150.png 300w\" sizes=\"(max-width: 346px) 100vw, 346px\" \/><\/a>\r\n\t\t\t\t\t\t\t<\/div>\r\n\t\t\t\t\t\t\t\t\t\t\t<\/div>\r\n\t\t\t\t\t\r\n\t\t\t\t\t<div class=\"news-content\">\r\n\t\t\t\t\t\t\t\t\t\t\t\t\t\t<div class=\"date-post\">\r\n\t\t\t\t\t\t\t\t\t<h2><span>5<\/span><\/h2>\r\n\t\t\t\t\t\t\t\t\t<p>Jan 17<\/p>\r\n\t\t\t\t\t\t\t\t<\/div>\r\n\t\t\t\t\t\t\t\r\n\t\t\t\t\t\t\r\n\t\t\t\t\t\t<div class=\"post-content-text\">\r\n\t\t\t\t\t\t\t<h3 class=\"news-title\"><a href=\"https:\/\/psi-matrix.eu\/fr\/news\/dec-la600-dot-matrix-multi-printer\/\" rel=\"bookmark\">Imprimantes matricielles DEC LA600<\/a><\/h3>\t\t\t\t\t\t\t\t\t\t\t\t\t\t\t<div class=\"news-cat\"><\/div>\r\n\t\t\t\t\t\t\t\r\n\t\t\t\t\t\t\t\t\t\t\t\t\t\t\t<div class=\"news-content-excerpt\">\r\n\t\t\t\t\t\t\t\t\t\t\t\t\t\t\t\t\t\t\t<div class=\"news-short-content\">\r\n\t\t\t\t\t\t\t\t\t\t\t<smal>PSi Matrix GmbH, le fabricant original du LA600 DEC peut fournir des produits identiques aujourd'hui et \u00e0 l'avenir<\/smal>\t\t\t\t\t\t\t\t\t\t<\/div>\r\n\t\t\t\t\t\t\t\t\t\t<a href=\"https:\/\/psi-matrix.eu\/fr\/news\/dec-la600-dot-matrix-multi-printer\/\" class=\"news-more-link\">En savoir plus<\/a>\r\n\t\t\t\t\t\t\t\t\t\t\t\t\t\t\t\t\t<\/div><!-- .entry-content -->\r\n\t\t\t\t\t\t\t\t\t\t\t\t\t<\/div>\r\n\r\n\t\t\t\t\t<\/div>\r\n\t\t\t\t<\/div><!-- #post-## -->\r\n\t\t\t<\/div><!-- #post-## -->\r\n\t\t\r\n\t\t\t<div id=\"post-3301\" class=\"news type-news news-col-1 wpnaw-news-post wpnaw-first wpnaw-last has-date\">\r\n\t\t\t\t<div class=\"news-inner-wrap-view news-clearfix \">\r\n\r\n\t\t\t\t\t\t\t\t\t\t<div class=\"news-thumb\">\r\n\t\t\t\t\t\t\t\t\t\t\t\t\t<div class=\"grid-news-thumb\">\r\n\t\t\t\t\t\t\t\t<a href=\"https:\/\/psi-matrix.eu\/fr\/news\/9014-das-erfolgsmodell-von-siemens\/\"><img width=\"456\" height=\"227\" src=\"https:\/\/psi-matrix.eu\/wordpress\/wp-content\/uploads\/2016\/11\/Siemens_Nixdorf_logo.png\" class=\"attachment-large size-large wp-post-image\" alt=\"\" loading=\"lazy\" srcset=\"https:\/\/psi-matrix.eu\/wordpress\/wp-content\/uploads\/2016\/11\/Siemens_Nixdorf_logo.png 456w, https:\/\/psi-matrix.eu\/wordpress\/wp-content\/uploads\/2016\/11\/Siemens_Nixdorf_logo-300x149.png 300w\" sizes=\"(max-width: 456px) 100vw, 456px\" \/><\/a>\r\n\t\t\t\t\t\t\t<\/div>\r\n\t\t\t\t\t\t\t\t\t\t\t<\/div>\r\n\t\t\t\t\t\r\n\t\t\t\t\t<div class=\"news-content\">\r\n\t\t\t\t\t\t\t\t\t\t\t\t\t\t<div class=\"date-post\">\r\n\t\t\t\t\t\t\t\t\t<h2><span>2<\/span><\/h2>\r\n\t\t\t\t\t\t\t\t\t<p>Nov 16<\/p>\r\n\t\t\t\t\t\t\t\t<\/div>\r\n\t\t\t\t\t\t\t\r\n\t\t\t\t\t\t\r\n\t\t\t\t\t\t<div class=\"post-content-text\">\r\n\t\t\t\t\t\t\t<h3 class=\"news-title\"><a href=\"https:\/\/psi-matrix.eu\/fr\/news\/9014-das-erfolgsmodell-von-siemens\/\" rel=\"bookmark\">Imprimantes matricielles Siemens 9014<\/a><\/h3>\t\t\t\t\t\t\t\t\t\t\t\t\t\t\t<div class=\"news-cat\"><\/div>\r\n\t\t\t\t\t\t\t\r\n\t\t\t\t\t\t\t\t\t\t\t\t\t\t\t<div class=\"news-content-excerpt\">\r\n\t\t\t\t\t\t\t\t\t\t\t\t\t\t\t\t\t\t\t<div class=\"news-short-content\">\r\n\t\t\t\t\t\t\t\t\t\t\t<smal>Siemens 9014, le mod\u00e8le r\u00e9ussi de Siemens. L'imprimante matricielle PSi PP 405 est identique et peut \u00eatre livr\u00e9e aujourd'hui et \u00e0 l'avenir.<\/smal>\t\t\t\t\t\t\t\t\t\t<\/div>\r\n\t\t\t\t\t\t\t\t\t\t<a href=\"https:\/\/psi-matrix.eu\/fr\/news\/9014-das-erfolgsmodell-von-siemens\/\" class=\"news-more-link\">En savoir plus<\/a>\r\n\t\t\t\t\t\t\t\t\t\t\t\t\t\t\t\t\t<\/div><!-- .entry-content -->\r\n\t\t\t\t\t\t\t\t\t\t\t\t\t<\/div>\r\n\r\n\t\t\t\t\t<\/div>\r\n\t\t\t\t<\/div><!-- #post-## -->\r\n\t\t\t<\/div><!-- #post-## -->\r\n\t\t\r\n\t\t\t<div id=\"post-3334\" class=\"news type-news news-col-1 wpnaw-news-post wpnaw-first wpnaw-last has-date\">\r\n\t\t\t\t<div class=\"news-inner-wrap-view news-clearfix \">\r\n\r\n\t\t\t\t\t\t\t\t\t\t<div class=\"news-thumb\">\r\n\t\t\t\t\t\t\t\t\t\t\t\t\t<div class=\"grid-news-thumb\">\r\n\t\t\t\t\t\t\t\t<a href=\"https:\/\/psi-matrix.eu\/fr\/news\/psi-matrix-druckertreiber-mit-signatur\/\"><img width=\"500\" height=\"214\" src=\"https:\/\/psi-matrix.eu\/wordpress\/wp-content\/uploads\/2016\/08\/signature-e1470232510404.jpg\" class=\"attachment-large size-large wp-post-image\" alt=\"Signature\" loading=\"lazy\" \/><\/a>\r\n\t\t\t\t\t\t\t<\/div>\r\n\t\t\t\t\t\t\t\t\t\t\t<\/div>\r\n\t\t\t\t\t\r\n\t\t\t\t\t<div class=\"news-content\">\r\n\t\t\t\t\t\t\t\t\t\t\t\t\t\t<div class=\"date-post\">\r\n\t\t\t\t\t\t\t\t\t<h2><span>3<\/span><\/h2>\r\n\t\t\t\t\t\t\t\t\t<p>Aug 16<\/p>\r\n\t\t\t\t\t\t\t\t<\/div>\r\n\t\t\t\t\t\t\t\r\n\t\t\t\t\t\t\r\n\t\t\t\t\t\t<div class=\"post-content-text\">\r\n\t\t\t\t\t\t\t<h3 class=\"news-title\"><a href=\"https:\/\/psi-matrix.eu\/fr\/news\/psi-matrix-druckertreiber-mit-signatur\/\" rel=\"bookmark\">Pilote d&#8217;imprimante matricielle PSI avec signature<\/a><\/h3>\t\t\t\t\t\t\t\t\t\t\t\t\t\t\t<div class=\"news-cat\"><\/div>\r\n\t\t\t\t\t\t\t\r\n\t\t\t\t\t\t\t\t\t\t\t\t\t\t\t<div class=\"news-content-excerpt\">\r\n\t\t\t\t\t\t\t\t\t\t\t\t\t\t\t\t\t\t\t<div class=\"news-short-content\">\r\n\t\t\t\t\t\t\t\t\t\t\t[vc_row][vc_column width=\"1\/3\"][vc_single_image source=\"featured_image\" img_size=\"full\" alignment=\"center\" onclick=\"link_image\"][vc_text_separator title=\"for download follow the link below\"][vc_btn title=\"Driver Page\" style=\"3d\" link=\"url:http%3A%2F%2Fpsi-matrix.eu%2Fen%2Fprinter-driver%2F||\"][\/vc_column][vc_column width=\"2\/3\"][vc_column_text]Tous les pilotes d'imprimante...\t\t\t\t\t\t\t\t\t\t<\/div>\r\n\t\t\t\t\t\t\t\t\t\t<a href=\"https:\/\/psi-matrix.eu\/fr\/news\/psi-matrix-druckertreiber-mit-signatur\/\" class=\"news-more-link\">En savoir plus<\/a>\r\n\t\t\t\t\t\t\t\t\t\t\t\t\t\t\t\t\t<\/div><!-- .entry-content -->\r\n\t\t\t\t\t\t\t\t\t\t\t\t\t<\/div>\r\n\r\n\t\t\t\t\t<\/div>\r\n\t\t\t\t<\/div><!-- #post-## -->\r\n\t\t\t<\/div><!-- #post-## -->\r\n\t\t\r\n\t\t<div class=\"news_pagination\">\r\n\t\t\t\t\t<\/div>\r\n\r\n\t<\/div>\r\n\r\n\t[\/vc_column_text][\/vc_column][\/vc_row][vc_row][vc_column][\/vc_column][\/vc_row]<\/p>\n","protected":false},"excerpt":{"rendered":"<p>[vc_row][vc_column][vc_column_text][\/vc_column_text][\/vc_column][\/vc_row][vc_row][vc_column][\/vc_column][\/vc_row]<\/p>\n","protected":false},"author":1,"featured_media":0,"parent":4244,"menu_order":0,"comment_status":"closed","ping_status":"closed","template":"","meta":[],"druckertyp":[],"ahnlichedrucker":[],"serie":[],"_links":{"self":[{"href":"https:\/\/psi-matrix.eu\/fr\/wp-json\/wp\/v2\/pages\/4252"}],"collection":[{"href":"https:\/\/psi-matrix.eu\/fr\/wp-json\/wp\/v2\/pages"}],"about":[{"href":"https:\/\/psi-matrix.eu\/fr\/wp-json\/wp\/v2\/types\/page"}],"author":[{"embeddable":true,"href":"https:\/\/psi-matrix.eu\/fr\/wp-json\/wp\/v2\/users\/1"}],"replies":[{"embeddable":true,"href":"https:\/\/psi-matrix.eu\/fr\/wp-json\/wp\/v2\/comments?post=4252"}],"version-history":[{"count":2,"href":"https:\/\/psi-matrix.eu\/fr\/wp-json\/wp\/v2\/pages\/4252\/revisions"}],"predecessor-version":[{"id":4889,"href":"https:\/\/psi-matrix.eu\/fr\/wp-json\/wp\/v2\/pages\/4252\/revisions\/4889"}],"up":[{"embeddable":true,"href":"https:\/\/psi-matrix.eu\/fr\/wp-json\/wp\/v2\/pages\/4244"}],"wp:attachment":[{"href":"https:\/\/psi-matrix.eu\/fr\/wp-json\/wp\/v2\/media?parent=4252"}],"wp:term":[{"taxonomy":"druckertyp","embeddable":true,"href":"https:\/\/psi-matrix.eu\/fr\/wp-json\/wp\/v2\/druckertyp?post=4252"},{"taxonomy":"ahnlichedrucker","embeddable":true,"href":"https:\/\/psi-matrix.eu\/fr\/wp-json\/wp\/v2\/ahnlichedrucker?post=4252"},{"taxonomy":"serie","embeddable":true,"href":"https:\/\/psi-matrix.eu\/fr\/wp-json\/wp\/v2\/serie?post=4252"}],"curies":[{"name":"wp","href":"https:\/\/api.w.org\/{rel}","templated":true}]}}