{"id":3490,"date":"2016-07-07T07:15:56","date_gmt":"2016-07-07T05:15:56","guid":{"rendered":"http:\/\/psi-matrix.eu\/fr\/applications\/"},"modified":"2019-01-31T16:27:34","modified_gmt":"2019-01-31T14:27:34","slug":"applications","status":"publish","type":"page","link":"https:\/\/psi-matrix.eu\/fr\/applications\/","title":{"rendered":"Applications"},"content":{"rendered":"<p>[vc_row][vc_column]<div class=\"templatera_shortcode\"><div class=\"vc_row wpb_row vc_row-fluid dt-default\" style=\"margin-top: 0px;margin-bottom: 0px\"><div class=\"wpb_column vc_column_container vc_col-sm-12\"><div class=\"vc_column-inner\"><div class=\"wpb_wrapper\"><div class=\"dt-fancy-separator title-left h2-size style-dotted accent-title-color\" style=\"width: 100%;\"><div class=\"dt-fancy-title\"><span class=\"separator-holder separator-left\" style=\"border-color: #e2001a;\"><\/span>Imprimantes pour<span class=\"separator-holder separator-right\" style=\"border-color: #e2001a;\"><\/span><\/div><\/div><div class=\"vc_empty_space\"   style=\"height: 20px\"><span class=\"vc_empty_space_inner\"><\/span><\/div><div class=\"vc_row wpb_row vc_inner vc_row-fluid vc_custom_1465212368561 vc_row-o-equal-height vc_row-flex\"><div class=\"wpb_column vc_column_container vc_col-sm-4 vc_col-lg-2 vc_col-md-3\"><div class=\"vc_column-inner\"><div class=\"wpb_wrapper\">\n\t<div class=\"wpb_text_column wpb_content_element  front-seite-icon\" >\n\t\t<div class=\"wpb_wrapper\">\n\t\t\t<p><a href=\"https:\/\/psi-matrix.eu\/fr\/applications\/la-logistique\/\" data-dt-img-description=\"\"><img class=\"aligncenter wp-image-1058 size-full\" src=\"https:\/\/psi-matrix.eu\/wordpress\/wp-content\/uploads\/2014\/10\/Logistik.png\" alt=\"PSi Matrix - Logistik\" width=\"300\" height=\"300\" \/><\/a><\/p>\n\n\t\t<\/div>\n\t<\/div>\n\n\t<div class=\"wpb_text_column wpb_content_element  front-seite\" >\n\t\t<div class=\"wpb_wrapper\">\n\t\t\t<h3 style=\"text-align: left;\"><a href=\"https:\/\/psi-matrix.eu\/fr\/applications\/la-logistique\/\">La Logistique<\/a><\/h3>\n\n\t\t<\/div>\n\t<\/div>\n<\/div><\/div><\/div><div class=\"wpb_column vc_column_container vc_col-sm-4 vc_col-lg-2 vc_col-md-3\"><div class=\"vc_column-inner\"><div class=\"wpb_wrapper\">\n\t<div class=\"wpb_text_column wpb_content_element  front-seite-icon\" >\n\t\t<div class=\"wpb_wrapper\">\n\t\t\t<p><a href=\"https:\/\/psi-matrix.eu\/fr\/applications\/industrie-automobile\/\" data-dt-img-description=\"\"><img class=\"aligncenter wp-image-3563 size-full\" src=\"https:\/\/psi-matrix.eu\/wordpress\/wp-content\/uploads\/2016\/06\/Industrie-Automotive.png\" alt=\"Industrie-Automotive\" width=\"300\" height=\"300\" \/><\/a><\/p>\n\n\t\t<\/div>\n\t<\/div>\n\n\t<div class=\"wpb_text_column wpb_content_element  front-seite\" >\n\t\t<div class=\"wpb_wrapper\">\n\t\t\t<h3 style=\"text-align: left;\"><a href=\"https:\/\/psi-matrix.eu\/fr\/applications\/industrie-automobile\/\">Industrie \/ Automobile<\/a><\/h3>\n\n\t\t<\/div>\n\t<\/div>\n<\/div><\/div><\/div><div class=\"wpb_column vc_column_container vc_col-sm-4 vc_col-lg-2 vc_col-md-3\"><div class=\"vc_column-inner\"><div class=\"wpb_wrapper\">\n\t<div class=\"wpb_text_column wpb_content_element  front-seite-icon\" >\n\t\t<div class=\"wpb_wrapper\">\n\t\t\t<p><a href=\"https:\/\/psi-matrix.eu\/fr\/applications\/commerce\/\" data-dt-img-description=\"\"><img class=\"aligncenter wp-image-1056 size-full\" src=\"https:\/\/psi-matrix.eu\/wordpress\/wp-content\/uploads\/2014\/10\/Handel.png\" alt=\"PSi Matrix - Handel\" width=\"300\" height=\"300\" \/><\/a><\/p>\n\n\t\t<\/div>\n\t<\/div>\n\n\t<div class=\"wpb_text_column wpb_content_element  front-seite\" >\n\t\t<div class=\"wpb_wrapper\">\n\t\t\t<h3 style=\"text-align: left;\"><a href=\"https:\/\/psi-matrix.eu\/fr\/applications\/commerce\/\">Commerce<\/a><\/h3>\n\n\t\t<\/div>\n\t<\/div>\n<\/div><\/div><\/div><div class=\"wpb_column vc_column_container vc_col-sm-4 vc_col-lg-2 vc_col-md-3\"><div class=\"vc_column-inner\"><div class=\"wpb_wrapper\">\n\t<div class=\"wpb_text_column wpb_content_element  front-seite-icon\" >\n\t\t<div class=\"wpb_wrapper\">\n\t\t\t<p><a href=\"https:\/\/psi-matrix.eu\/fr\/applications\/soins-de-sante\/\" data-dt-img-description=\"\"><img class=\"aligncenter wp-image-1059 size-full\" src=\"https:\/\/psi-matrix.eu\/wordpress\/wp-content\/uploads\/2014\/10\/Med-Versorgung.png\" alt=\"PSi Matrix - Medizinische Versorgung\" width=\"300\" height=\"300\" \/><\/a><\/p>\n\n\t\t<\/div>\n\t<\/div>\n\n\t<div class=\"wpb_text_column wpb_content_element  front-seite\" >\n\t\t<div class=\"wpb_wrapper\">\n\t\t\t<h3 style=\"text-align: left;\"><a href=\"https:\/\/psi-matrix.eu\/fr\/applications\/soins-de-sante\/\">Soins de sant\u00e9<\/a><\/h3>\n\n\t\t<\/div>\n\t<\/div>\n<\/div><\/div><\/div><div class=\"wpb_column vc_column_container vc_col-sm-4 vc_col-lg-2 vc_col-md-3\"><div class=\"vc_column-inner\"><div class=\"wpb_wrapper\">\n\t<div class=\"wpb_text_column wpb_content_element  front-seite-icon\" >\n\t\t<div class=\"wpb_wrapper\">\n\t\t\t<p><a href=\"https:\/\/psi-matrix.eu\/fr\/applications\/administration-publique\/\" data-dt-img-description=\"\"><img class=\"aligncenter wp-image-1060 size-full\" src=\"https:\/\/psi-matrix.eu\/wordpress\/wp-content\/uploads\/2014\/10\/\u00d6ffentl-Verwaltung.png\" alt=\"PSi Matrix - \u00d6ffentliche Verwaltung\" width=\"300\" height=\"300\" \/><\/a><\/p>\n\n\t\t<\/div>\n\t<\/div>\n\n\t<div class=\"wpb_text_column wpb_content_element  front-seite\" >\n\t\t<div class=\"wpb_wrapper\">\n\t\t\t<h3 style=\"text-align: left;\"><a href=\"https:\/\/psi-matrix.eu\/fr\/applications\/administration-publique\/\">Administration publique<\/a><\/h3>\n\n\t\t<\/div>\n\t<\/div>\n<\/div><\/div><\/div><div class=\"wpb_column vc_column_container vc_col-sm-4 vc_col-lg-2 vc_col-md-3\"><div class=\"vc_column-inner\"><div class=\"wpb_wrapper\">\n\t<div class=\"wpb_text_column wpb_content_element  front-seite-icon\" >\n\t\t<div class=\"wpb_wrapper\">\n\t\t\t<p><a href=\"https:\/\/psi-matrix.eu\/fr\/applications\/finances\/\" data-dt-img-description=\"\"><img class=\"aligncenter wp-image-1055 size-full\" src=\"https:\/\/psi-matrix.eu\/wordpress\/wp-content\/uploads\/2014\/10\/Finanzwesen.png\" alt=\"PSi Matrix - Finanzwesen\" width=\"300\" height=\"300\" \/><\/a><\/p>\n\n\t\t<\/div>\n\t<\/div>\n\n\t<div class=\"wpb_text_column wpb_content_element  front-seite\" >\n\t\t<div class=\"wpb_wrapper\">\n\t\t\t<h3 style=\"text-align: left;\"><a href=\"https:\/\/psi-matrix.eu\/fr\/applications\/finances\/\">Finances<\/a><\/h3>\n\n\t\t<\/div>\n\t<\/div>\n<\/div><\/div><\/div><div class=\"wpb_column vc_column_container vc_col-sm-4 vc_col-lg-2 vc_col-md-3\"><div class=\"vc_column-inner\"><div class=\"wpb_wrapper\">\n\t<div class=\"wpb_text_column wpb_content_element  front-seite-icon\" >\n\t\t<div class=\"wpb_wrapper\">\n\t\t\t<p><a href=\"https:\/\/psi-matrix.eu\/fr\/applications\/service-de-passagers\/\" data-dt-img-description=\"\"><img class=\"aligncenter size-full wp-image-1062\" src=\"https:\/\/psi-matrix.eu\/wordpress\/wp-content\/uploads\/2014\/10\/Personenverkehr.png\" alt=\"Personenverkehr\" width=\"300\" height=\"300\" \/><\/a><\/p>\n\n\t\t<\/div>\n\t<\/div>\n\n\t<div class=\"wpb_text_column wpb_content_element  front-seite\" >\n\t\t<div class=\"wpb_wrapper\">\n\t\t\t<h3 style=\"text-align: left;\"><a href=\"https:\/\/psi-matrix.eu\/fr\/applications\/service-de-passagers\/\">Service de passagers<\/a><\/h3>\n\n\t\t<\/div>\n\t<\/div>\n<\/div><\/div><\/div><div class=\"wpb_column vc_column_container vc_col-sm-4 vc_col-lg-2 vc_col-md-3\"><div class=\"vc_column-inner\"><div class=\"wpb_wrapper\">\n\t<div class=\"wpb_text_column wpb_content_element  front-seite-icon\" >\n\t\t<div class=\"wpb_wrapper\">\n\t\t\t<p><a href=\"https:\/\/psi-matrix.eu\/fr\/applications\/production-fabrication\/\" data-dt-img-description=\"\"><img class=\"aligncenter size-full wp-image-1063\" src=\"https:\/\/psi-matrix.eu\/wordpress\/wp-content\/uploads\/2014\/10\/Produktion_Fertigung.png\" alt=\"Produktion_Fertigung\" width=\"300\" height=\"300\" \/><\/a><\/p>\n\n\t\t<\/div>\n\t<\/div>\n\n\t<div class=\"wpb_text_column wpb_content_element  front-seite\" >\n\t\t<div class=\"wpb_wrapper\">\n\t\t\t<h3 style=\"text-align: left;\"><a href=\"https:\/\/psi-matrix.eu\/fr\/applications\/production-fabrication\/\">Production \/ Fabrication<\/a><\/h3>\n\n\t\t<\/div>\n\t<\/div>\n<\/div><\/div><\/div><div class=\"wpb_column vc_column_container vc_col-sm-4 vc_col-lg-2 vc_col-md-3\"><div class=\"vc_column-inner\"><div class=\"wpb_wrapper\">\n\t<div class=\"wpb_text_column wpb_content_element  front-seite-icon\" >\n\t\t<div class=\"wpb_wrapper\">\n\t\t\t<p><a href=\"https:\/\/psi-matrix.eu\/fr\/applications\/applications-bureautiques\/\" data-dt-img-description=\"\"><img class=\"aligncenter size-full wp-image-1054\" src=\"https:\/\/psi-matrix.eu\/wordpress\/wp-content\/uploads\/2014\/10\/B\u00fcroanwendung.png\" alt=\"B\u00fcroanwendung\" width=\"300\" height=\"300\" \/><\/a><\/p>\n\n\t\t<\/div>\n\t<\/div>\n\n\t<div class=\"wpb_text_column wpb_content_element  front-seite\" >\n\t\t<div class=\"wpb_wrapper\">\n\t\t\t<h3 style=\"text-align: left;\"><a href=\"https:\/\/psi-matrix.eu\/fr\/applications\/applications-bureautiques\/\">Applications bureautiques<\/a><\/h3>\n\n\t\t<\/div>\n\t<\/div>\n<\/div><\/div><\/div><div class=\"wpb_column vc_column_container vc_col-sm-4 vc_col-lg-2 vc_col-md-3\"><div class=\"vc_column-inner\"><div class=\"wpb_wrapper\">\n\t<div class=\"wpb_text_column wpb_content_element  front-seite-icon\" >\n\t\t<div class=\"wpb_wrapper\">\n\t\t\t<p><a href=\"https:\/\/psi-matrix.eu\/fr\/applications\/services-de-parcelles\/\" data-dt-img-description=\"\"><img class=\"aligncenter size-full wp-image-1061\" src=\"https:\/\/psi-matrix.eu\/wordpress\/wp-content\/uploads\/2014\/10\/Paketversender.png\" alt=\"Paketversender\" width=\"300\" height=\"300\" \/><\/a><\/p>\n\n\t\t<\/div>\n\t<\/div>\n\n\t<div class=\"wpb_text_column wpb_content_element  front-seite\" >\n\t\t<div class=\"wpb_wrapper\">\n\t\t\t<h3 style=\"text-align: left;\"><a href=\"https:\/\/psi-matrix.eu\/fr\/applications\/services-de-parcelles\/\">Services de parcelles<\/a><\/h3>\n\n\t\t<\/div>\n\t<\/div>\n<\/div><\/div><\/div><div class=\"wpb_column vc_column_container vc_col-sm-4 vc_col-lg-2 vc_col-md-3\"><div class=\"vc_column-inner\"><div class=\"wpb_wrapper\">\n\t<div class=\"wpb_text_column wpb_content_element  front-seite-icon\" >\n\t\t<div class=\"wpb_wrapper\">\n\t\t\t<p><a href=\"https:\/\/psi-matrix.eu\/fr\/applications\/service-d-inspection\/\" data-dt-img-description=\"\"><img class=\"aligncenter size-full wp-image-1064\" src=\"https:\/\/psi-matrix.eu\/wordpress\/wp-content\/uploads\/2014\/10\/Pr\u00fcfstellen.png\" alt=\"Pr\u00fcfstellen\" width=\"300\" height=\"300\" \/><\/a><\/p>\n\n\t\t<\/div>\n\t<\/div>\n\n\t<div class=\"wpb_text_column wpb_content_element  front-seite\" >\n\t\t<div class=\"wpb_wrapper\">\n\t\t\t<h3 style=\"text-align: left;\"><a href=\"https:\/\/psi-matrix.eu\/fr\/applications\/service-d-inspection\/\">Service d\u2019inspection<\/a><\/h3>\n\n\t\t<\/div>\n\t<\/div>\n<\/div><\/div><\/div><div class=\"wpb_column vc_column_container vc_col-sm-4 vc_col-lg-2 vc_col-md-3\"><div class=\"vc_column-inner\"><div class=\"wpb_wrapper\">\n\t<div class=\"wpb_text_column wpb_content_element  front-seite-icon\" >\n\t\t<div class=\"wpb_wrapper\">\n\t\t\t<p><a href=\"https:\/\/psi-matrix.eu\/fr\/applications\/systemes-de-kiosque\/\" data-dt-img-description=\"\"><img class=\"aligncenter size-full wp-image-1543\" src=\"https:\/\/psi-matrix.eu\/wordpress\/wp-content\/uploads\/2016\/06\/Kiosk.png\" alt=\"Kiosk\" width=\"300\" height=\"300\" \/><\/a><\/p>\n\n\t\t<\/div>\n\t<\/div>\n\n\t<div class=\"wpb_text_column wpb_content_element  front-seite\" >\n\t\t<div class=\"wpb_wrapper\">\n\t\t\t<h3><a href=\"https:\/\/psi-matrix.eu\/fr\/applications\/kiosk-systems\/\">Syst\u00e8mes de kiosque<\/a><\/h3>\n\n\t\t<\/div>\n\t<\/div>\n<\/div><\/div><\/div><\/div><\/div><\/div><\/div><\/div><div class=\"vc_row wpb_row vc_row-fluid dt-default\" style=\"margin-top: 0px;margin-bottom: 0px\"><div class=\"wpb_column vc_column_container vc_col-sm-12\"><div class=\"vc_column-inner\"><div class=\"wpb_wrapper\"><\/div><\/div><\/div><\/div><\/div>[vc_empty_space height=&#8221;20px&#8221;]<div class=\"dt-fancy-separator title-left h2-size style-dotted accent-title-color\" style=\"width: 100%;\"><div class=\"dt-fancy-title\"><span class=\"separator-holder separator-left\" style=\"border-color: #e2001a;\"><\/span>Pour imprimer de ....<span class=\"separator-holder separator-right\" style=\"border-color: #e2001a;\"><\/span><\/div><\/div>[vc_empty_space height=&#8221;20px&#8221;][vc_column_text]<form autocomplete=\"off\" name=\"wpv-filter-1428\" action=\"\/fr\/wp-json\/wp\/v2\/pages\/3490?wpv_view_count=1428\" method=\"get\" class=\"wpv-filter-form js-wpv-filter-form js-wpv-filter-form-1428 js-wpv-form-full\" data-viewnumber=\"1428\" data-viewid=\"1428\" data-viewhash=\"eyJuYW1lIjoiZHJ1Y2ttZWRpZW4tYXVmLXN0YXJ0c2VpdGUtdW5kLXN0YXJ0c2VpdGUtYW53ZW5kdW5nZW4ifQ==\" data-viewwidgetid=\"0\" data-orderby=\"\" data-order=\"\" data-orderbyas=\"\" data-orderbysecond=\"\" data-ordersecond=\"\" data-parametric=\"{&quot;query&quot;:&quot;normal&quot;,&quot;id&quot;:1428,&quot;view_id&quot;:1428,&quot;widget_id&quot;:0,&quot;view_hash&quot;:&quot;1428&quot;,&quot;action&quot;:&quot;\\\/fr\\\/wp-json\\\/wp\\\/v2\\\/pages\\\/3490?wpv_view_count=1428&quot;,&quot;sort&quot;:{&quot;orderby&quot;:&quot;&quot;,&quot;order&quot;:&quot;&quot;,&quot;orderby_as&quot;:&quot;&quot;,&quot;orderby_second&quot;:&quot;&quot;,&quot;order_second&quot;:&quot;&quot;},&quot;orderby&quot;:&quot;&quot;,&quot;order&quot;:&quot;&quot;,&quot;orderby_as&quot;:&quot;&quot;,&quot;orderby_second&quot;:&quot;&quot;,&quot;order_second&quot;:&quot;&quot;,&quot;ajax_form&quot;:&quot;&quot;,&quot;ajax_results&quot;:&quot;&quot;,&quot;effect&quot;:&quot;fade&quot;,&quot;prebefore&quot;:&quot;&quot;,&quot;before&quot;:&quot;&quot;,&quot;after&quot;:&quot;&quot;,&quot;attributes&quot;:[],&quot;environment&quot;:{&quot;current_post_id&quot;:3494,&quot;parent_post_id&quot;:3494,&quot;parent_term_id&quot;:0,&quot;parent_user_id&quot;:0,&quot;archive&quot;:{&quot;type&quot;:&quot;&quot;,&quot;name&quot;:&quot;&quot;,&quot;data&quot;:[]}},&quot;loop&quot;:{&quot;type&quot;:&quot;&quot;,&quot;name&quot;:&quot;&quot;,&quot;data&quot;:[],&quot;id&quot;:0}}\" data-attributes=\"[]\" data-environment=\"{&quot;current_post_id&quot;:3494,&quot;parent_post_id&quot;:3494,&quot;parent_term_id&quot;:0,&quot;parent_user_id&quot;:0,&quot;archive&quot;:{&quot;type&quot;:&quot;&quot;,&quot;name&quot;:&quot;&quot;,&quot;data&quot;:[]}}\"><input type=\"hidden\" class=\"js-wpv-dps-filter-data js-wpv-filter-data-for-this-form\" data-action=\"\/fr\/wp-json\/wp\/v2\/pages\/3490?wpv_view_count=1428\" data-page=\"1\" data-ajax=\"disable\" data-effect=\"fade\" data-maxpages=\"0\" data-ajaxprebefore=\"\" data-ajaxbefore=\"\" data-ajaxafter=\"\" \/><input class=\"wpv_view_count wpv_view_count-1428\" type=\"hidden\" name=\"wpv_view_count\" value=\"1428\" \/>\n\n<\/form>\n<div id=\"wpv-view-layout-1428\" class=\"js-wpv-view-layout js-wpv-layout-responsive js-wpv-view-layout-1428\" data-viewnumber=\"1428\" data-pagination=\"{&quot;id&quot;:1428,&quot;query&quot;:&quot;normal&quot;,&quot;type&quot;:&quot;disabled&quot;,&quot;effect&quot;:&quot;fade&quot;,&quot;duration&quot;:500,&quot;speed&quot;:5,&quot;pause_on_hover&quot;:&quot;disabled&quot;,&quot;stop_rollover&quot;:&quot;false&quot;,&quot;cache_pages&quot;:&quot;enabled&quot;,&quot;preload_images&quot;:&quot;enabled&quot;,&quot;preload_pages&quot;:&quot;enabled&quot;,&quot;preload_reach&quot;:1,&quot;spinner&quot;:&quot;builtin&quot;,&quot;spinner_image&quot;:&quot;https:\/\/psi-matrix.eu\/wordpress\/wp-content\/plugins\/wp-views\/res\/img\/ajax-loader.gif&quot;,&quot;callback_next&quot;:&quot;&quot;,&quot;manage_history&quot;:&quot;disabled&quot;,&quot;has_controls_in_form&quot;:&quot;disabled&quot;,&quot;infinite_tolerance&quot;:&quot;0&quot;,&quot;max_pages&quot;:0,&quot;page&quot;:1,&quot;base_permalink&quot;:&quot;\/fr\/wp-json\/wp\/v2\/pages\/3490?wpv_view_count=1428&amp;wpv_paged=WPV_PAGE_NUM&quot;,&quot;loop&quot;:{&quot;type&quot;:&quot;&quot;,&quot;name&quot;:&quot;&quot;,&quot;data&quot;:[],&quot;id&quot;:0}}\" data-permalink=\"\/fr\/wp-json\/wp\/v2\/pages\/3490?wpv_view_count=1428\">\n\n\t\n\t\n\t<table width=\"100%\">\n\t\t<tbody class=\"wpv-loop js-wpv-loop\">\n\t\t\n\t\t\t<tr>\n\t\t\t\t<td class=\"link-anwendungen\" width=\"20%\"><a href=\"https:\/\/psi-matrix.eu\/fr\/applications\/administration-publique\/\">Administration publique<\/a>:<\/td>\n<td class=\"auflistung-anwendungen\">Certificat \/ Re\u00e7us de confirmation, Certificat de qualification, Documents de commande, D\u00e9senregistrement (Cars), Inscription (CAR), Passeports \/ cartes de membre, liste des passagers<\/td>\n\t\t\t<\/tr>\n\t\t\n\t\t\t<tr>\n\t\t\t\t<td class=\"link-anwendungen\" width=\"20%\"><a href=\"https:\/\/psi-matrix.eu\/fr\/applications\/applications-bureautiques\/\">Applications bureautiques<\/a>:<\/td>\n<td class=\"auflistung-anwendungen\">Descriptions, Documents sur le revenu, Mailings<\/td>\n\t\t\t<\/tr>\n\t\t\n\t\t\t<tr>\n\t\t\t\t<td class=\"link-anwendungen\" width=\"20%\"><a href=\"https:\/\/psi-matrix.eu\/fr\/applications\/commerce\/\">Commerce<\/a>:<\/td>\n<td class=\"auflistung-anwendungen\">Autocollant de paquet, Commande de documents, Documents d'exp\u00e9dition, Documents de production avec et sans code-barres, Documents de sous-traitance, Liste de colisage<\/td>\n\t\t\t<\/tr>\n\t\t\n\t\t\t<tr>\n\t\t\t\t<td class=\"link-anwendungen\" width=\"20%\"><a href=\"https:\/\/psi-matrix.eu\/fr\/applications\/finances\/\">Finances<\/a>:<\/td>\n<td class=\"auflistung-anwendungen\">Bordereau de paiement, Email Communications, Formulaire de transfert, Informations de contact, Mailings, Re\u00e7us<\/td>\n\t\t\t<\/tr>\n\t\t\n\t\t\t<tr>\n\t\t\t\t<td class=\"link-anwendungen\" width=\"20%\"><a href=\"https:\/\/psi-matrix.eu\/fr\/applications\/industrie-automobile\/\">Industrie \/ Automobile<\/a>:<\/td>\n<td class=\"auflistung-anwendungen\">Billets pour transports en commun, Certificats d'incapacit\u00e9, Certificats de test, Documents d'entrep\u00f4t, Documents de livraison, Documents sur le revenu, D\u00e9senregistrement (Cars), Listes d'assemblage, Listes d'ordre, Listes de collecte, Livres de voyage, Marquages \u200b\u200b(\u00e9tiquettes de marchandises), Papiers de transport\/commercial, R\u00e9sultats d'essai, Travailler les documents d'accompagnement<\/td>\n\t\t\t<\/tr>\n\t\t\n\t\t\t<tr>\n\t\t\t\t<td class=\"link-anwendungen\" width=\"20%\"><a href=\"https:\/\/psi-matrix.eu\/fr\/applications\/la-logistique\/\">La logistique<\/a>:<\/td>\n<td class=\"auflistung-anwendungen\">AWBs \/ CIM, Airway Bills, Bon de livraison, Carnet de natalit\u00e9, Codes \u00e0 barres, Impression de factures, Livres de voyage<\/td>\n\t\t\t<\/tr>\n\t\t\n\t\t\t<tr>\n\t\t\t\t<td class=\"link-anwendungen\" width=\"20%\"><a href=\"https:\/\/psi-matrix.eu\/fr\/applications\/logistique-medicale\/\">Logistique m\u00e9dicale<\/a>:<\/td>\n<td class=\"auflistung-anwendungen\">AWBs \/ CIM, Airway Bills, Carnet des vaccinations, Codes \u00e0 barres, Documents de fret a\u00e9rien, Documents de livraison, Listes d'ordre, Travailler cartes d'accompagnement<\/td>\n\t\t\t<\/tr>\n\t\t\n\t\t\t<tr>\n\t\t\t\t<td class=\"link-anwendungen\" width=\"20%\"><a href=\"https:\/\/psi-matrix.eu\/fr\/applications\/service-d-inspection\/\">Organismes de contr\u00f4le<\/a>:<\/td>\n<td class=\"auflistung-anwendungen\">Certificat d'essais, Certificat d'immatriculation, Certificat d'immatriculation international de voiture, Certificat de qualification, Certificats, Certificats de test, Descriptions, Email Communications, Informations produit techniques, Re\u00e7us suppl\u00e9mentaires, rapports d'essais<\/td>\n\t\t\t<\/tr>\n\t\t\n\t\t\t<tr>\n\t\t\t\t<td class=\"link-anwendungen\" width=\"20%\"><a href=\"https:\/\/psi-matrix.eu\/fr\/applications\/production-fabrication\/\">Production \/ Fabrication<\/a>:<\/td>\n<td class=\"auflistung-anwendungen\">Bon de livraison, Certificat d'essais, Commande de documents, Documents d'exp\u00e9dition, Documents de commande, Etiquettes d'exp\u00e9dition, Impression de factures, Informations de contact, Lettre d'information, Liste de colisage, Listes d'assemblage, Listes de fret, Marquages \u200b\u200b(\u00e9tiquettes de marchandises), Ordonnances, Travailler cartes d'accompagnement, Travailler les documents d'accompagnement, \u00e9tiquettes<\/td>\n\t\t\t<\/tr>\n\t\t\n\t\t\t<tr>\n\t\t\t\t<td class=\"link-anwendungen\" width=\"20%\"><a href=\"https:\/\/psi-matrix.eu\/fr\/applications\/soins-de-sante\/\">Secteur sant\u00e9<\/a>:<\/td>\n<td class=\"auflistung-anwendungen\">Carnet de natalit\u00e9, Carnet des vaccinations, Certificat \/ Re\u00e7us de confirmation, Certificats d'incapacit\u00e9, Formulaire de transfert, Ordonnances, Re\u00e7us, \u00e9tiquettes<\/td>\n\t\t\t<\/tr>\n\t\t\n\t\t\t<tr>\n\t\t\t\t<td class=\"link-anwendungen\" width=\"20%\"><a href=\"https:\/\/psi-matrix.eu\/fr\/applications\/services-de-parcelles\/\">Services de parcelles<\/a>:<\/td>\n<td class=\"auflistung-anwendungen\"><\/td>\n\t\t\t<\/tr>\n\t\t\n\t\t\t<tr>\n\t\t\t\t<td class=\"link-anwendungen\" width=\"20%\"><a href=\"https:\/\/psi-matrix.eu\/fr\/applications\/systemes-de-kiosque\/\">Syst\u00e8mes de kiosque<\/a>:<\/td>\n<td class=\"auflistung-anwendungen\">Preuve d'une pes\u00e9e<\/td>\n\t\t\t<\/tr>\n\t\t\n\t\t\t<tr>\n\t\t\t\t<td class=\"link-anwendungen\" width=\"20%\"><a href=\"https:\/\/psi-matrix.eu\/fr\/applications\/service-de-passagers\/\">Transport des personnes<\/a>:<\/td>\n<td class=\"auflistung-anwendungen\">Billets pour ferries, Billets pour transport regionaux et grandes lignes, Billets pour transports en commun, Lettre d'information, Re\u00e7us suppl\u00e9mentaires, liste des passagers<\/td>\n\t\t\t<\/tr>\n\t\t\n\t\t<\/tbody>\n\t<\/table>\n\t\n\t\n\t\n<\/div>[\/vc_column_text][\/vc_column][\/vc_row][vc_row][vc_column][\/vc_column][\/vc_row]<\/p>\n","protected":false},"excerpt":{"rendered":"<p>Imprimantes pour La Logistique Industrie \/ Automobile Commerce Soins de sant\u00e9 Administration publique Finances Service de passagers Production \/ Fabrication Applications bureautiques Services de parcelles Service d\u2019inspection Syst\u00e8mes de kiosque<\/p>\n","protected":false},"author":3,"featured_media":0,"parent":0,"menu_order":0,"comment_status":"closed","ping_status":"closed","template":"","meta":[],"druckertyp":[],"ahnlichedrucker":[],"serie":[],"_links":{"self":[{"href":"https:\/\/psi-matrix.eu\/fr\/wp-json\/wp\/v2\/pages\/3490"}],"collection":[{"href":"https:\/\/psi-matrix.eu\/fr\/wp-json\/wp\/v2\/pages"}],"about":[{"href":"https:\/\/psi-matrix.eu\/fr\/wp-json\/wp\/v2\/types\/page"}],"author":[{"embeddable":true,"href":"https:\/\/psi-matrix.eu\/fr\/wp-json\/wp\/v2\/users\/3"}],"replies":[{"embeddable":true,"href":"https:\/\/psi-matrix.eu\/fr\/wp-json\/wp\/v2\/comments?post=3490"}],"version-history":[{"count":4,"href":"https:\/\/psi-matrix.eu\/fr\/wp-json\/wp\/v2\/pages\/3490\/revisions"}],"predecessor-version":[{"id":5327,"href":"https:\/\/psi-matrix.eu\/fr\/wp-json\/wp\/v2\/pages\/3490\/revisions\/5327"}],"wp:attachment":[{"href":"https:\/\/psi-matrix.eu\/fr\/wp-json\/wp\/v2\/media?parent=3490"}],"wp:term":[{"taxonomy":"druckertyp","embeddable":true,"href":"https:\/\/psi-matrix.eu\/fr\/wp-json\/wp\/v2\/druckertyp?post=3490"},{"taxonomy":"ahnlichedrucker","embeddable":true,"href":"https:\/\/psi-matrix.eu\/fr\/wp-json\/wp\/v2\/ahnlichedrucker?post=3490"},{"taxonomy":"serie","embeddable":true,"href":"https:\/\/psi-matrix.eu\/fr\/wp-json\/wp\/v2\/serie?post=3490"}],"curies":[{"name":"wp","href":"https:\/\/api.w.org\/{rel}","templated":true}]}}