{"id":3378,"date":"2016-07-27T14:15:06","date_gmt":"2016-07-27T12:15:06","guid":{"rendered":"http:\/\/psi-matrix.eu\/fr\/company-profile\/environment-and-green-it\/"},"modified":"2016-11-25T10:24:04","modified_gmt":"2016-11-25T08:24:04","slug":"environment-and-green-it","status":"publish","type":"page","link":"https:\/\/psi-matrix.eu\/fr\/company-profile\/environment-and-green-it\/","title":{"rendered":"Environnement et Informatique durable (Green IT)"},"content":{"rendered":"<p>[vc_row][vc_column][vc_column_text]<\/p>\n<h3>Environnement et Informatique durable (Green IT)<\/h3>\n<p>[\/vc_column_text][\/vc_column][\/vc_row][vc_row][vc_column][vc_column_text]<\/p>\n<p style=\"text-align: justify;\">Nous sommes pleinement conscients de la responsabilit\u00e9 envers notre environnement ainsi que des ressources limit\u00e9es \u00e0 l&#8217;\u00e9chelle mondiale.<\/p>\n<p style=\"text-align: justify;\">Nos produits ont \u00e9t\u00e9 con\u00e7us pour une longue dur\u00e9e de vie et une faible consommation d&#8217;\u00e9nergie. En termes de Green IT, nous apportons notre contribution \u00e0 la r\u00e9duction des d\u00e9chets et \u00e0 l&#8217;\u00e9conomie de mati\u00e8res premi\u00e8res.<\/p>\n<p style=\"text-align: justify;\">Conform\u00e9ment \u00e0 la directive 2002\/95 \/ CE de la Communaut\u00e9 europ\u00e9enne sur la limitation de l&#8217;utilisation de certaines substances dangereuses dans les \u00e9quipements \u00e9lectriques et \u00e9lectroniques (RoHS), nos produits sont exempts de plomb, de mercure, de cadmium et d&#8217;autres substances nocives pour l&#8217;environnement S&#8217;appliquent respectivement aux limites strictes. Nous aidons \u00e0 prot\u00e9ger l&#8217;environnement et \u00e0 r\u00e9duire la pollution de la nature.<\/p>\n<p>[\/vc_column_text][\/vc_column][\/vc_row]<\/p>\n","protected":false},"excerpt":{"rendered":"<p>[vc_row][vc_column][vc_column_text] Environnement et Informatique durable (Green IT) [\/vc_column_text][\/vc_column][\/vc_row][vc_row][vc_column][vc_column_text] Nous sommes pleinement conscients de la responsabilit\u00e9 envers notre environnement ainsi que des ressources limit\u00e9es \u00e0 l&#8217;\u00e9chelle mondiale. Nos produits ont \u00e9t\u00e9 con\u00e7us pour une longue dur\u00e9e de vie et une faible consommation d&#8217;\u00e9nergie. En termes de Green IT, nous apportons notre contribution \u00e0 la r\u00e9duction des&hellip;<\/p>\n","protected":false},"author":3,"featured_media":0,"parent":3377,"menu_order":0,"comment_status":"closed","ping_status":"closed","template":"","meta":[],"druckertyp":[],"ahnlichedrucker":[],"serie":[],"_links":{"self":[{"href":"https:\/\/psi-matrix.eu\/fr\/wp-json\/wp\/v2\/pages\/3378"}],"collection":[{"href":"https:\/\/psi-matrix.eu\/fr\/wp-json\/wp\/v2\/pages"}],"about":[{"href":"https:\/\/psi-matrix.eu\/fr\/wp-json\/wp\/v2\/types\/page"}],"author":[{"embeddable":true,"href":"https:\/\/psi-matrix.eu\/fr\/wp-json\/wp\/v2\/users\/3"}],"replies":[{"embeddable":true,"href":"https:\/\/psi-matrix.eu\/fr\/wp-json\/wp\/v2\/comments?post=3378"}],"version-history":[{"count":2,"href":"https:\/\/psi-matrix.eu\/fr\/wp-json\/wp\/v2\/pages\/3378\/revisions"}],"predecessor-version":[{"id":3608,"href":"https:\/\/psi-matrix.eu\/fr\/wp-json\/wp\/v2\/pages\/3378\/revisions\/3608"}],"up":[{"embeddable":true,"href":"https:\/\/psi-matrix.eu\/fr\/wp-json\/wp\/v2\/pages\/3377"}],"wp:attachment":[{"href":"https:\/\/psi-matrix.eu\/fr\/wp-json\/wp\/v2\/media?parent=3378"}],"wp:term":[{"taxonomy":"druckertyp","embeddable":true,"href":"https:\/\/psi-matrix.eu\/fr\/wp-json\/wp\/v2\/druckertyp?post=3378"},{"taxonomy":"ahnlichedrucker","embeddable":true,"href":"https:\/\/psi-matrix.eu\/fr\/wp-json\/wp\/v2\/ahnlichedrucker?post=3378"},{"taxonomy":"serie","embeddable":true,"href":"https:\/\/psi-matrix.eu\/fr\/wp-json\/wp\/v2\/serie?post=3378"}],"curies":[{"name":"wp","href":"https:\/\/api.w.org\/{rel}","templated":true}]}}