{"id":3377,"date":"2016-07-27T14:21:42","date_gmt":"2016-07-27T12:21:42","guid":{"rendered":"http:\/\/psi-matrix.eu\/fr\/company-profile\/"},"modified":"2016-11-25T09:41:30","modified_gmt":"2016-11-25T07:41:30","slug":"company-profile","status":"publish","type":"page","link":"https:\/\/psi-matrix.eu\/fr\/company-profile\/","title":{"rendered":"Profil de l\u2019entreprise"},"content":{"rendered":"<p>[vc_row][vc_column][vc_column_text]<\/p>\n<h3>Rapide, flexible, \u00e9conomique &#8211;\u00a0 les solutions d\u2019impression matricielle de PSi Matrix GmbH<\/h3>\n<p>[\/vc_column_text][\/vc_column][\/vc_row][vc_row][vc_column][vc_column_text]<\/p>\n<p style=\"text-align: justify;\">PSi &#8211; Printer Systems International a \u00e9t\u00e9 l&#8217;un des principaux fabricants d&#8217;imprimantes matricielles haut de gamme pour les applications professionnelles. La soci\u00e9t\u00e9 a \u00e9t\u00e9 fond\u00e9e en 1992 par la gestion-rachat de l&#8217;entreprise d&#8217;impression de Philips Kommunikations Industrie AG.<\/p>\n<p style=\"text-align: justify;\">Avec la fondation de la soci\u00e9t\u00e9 s\u0153ur PSi Laser en 2003, le portefeuille des produits d&#8217;imprimantes laser est externalis\u00e9: PSi Printer Systems international se concentre sur le business des imprimantes matricielles, tandis que PSi Laser se sp\u00e9cialise sur les imprimantes laser. Cela permet de garantir une r\u00e9ponse encore plus efficace aux demandes sp\u00e9cifiques des march\u00e9s cibles respectifs.<\/p>\n<p style=\"text-align: justify;\">En juillet 2014, PSi Matrix GmbH reprend l&#8217;ensemble des activit\u00e9s de PSi Printer Systems international GmbH.<\/p>\n<p style=\"text-align: justify;\">Les solutions de produits innovantes font de PSi Printer Systems International un cr\u00e9ateur de tendance de la branche. Avec un d\u00e9bit d&#8217;impression de 470 \u00e0 800 pages par heure et des co\u00fbts de possession extr\u00eamement faibles, les produits r\u00e9duisent l&#8217;\u00e9cart entre les imprimantes matricielles et les imprimantes lignes. Elles sont robustes et fonctionnent de mani\u00e8re fiable m\u00eame dans des environnements difficiles.\u00a0 Des caract\u00e9ristiques sp\u00e9ciales, comme par ex. des passages de papier \u00e0 plat, des chargeurs multiples de papier, des cutters int\u00e9gr\u00e9s, la capacit\u00e9 de traiter tous les codes \u00e0 barres actuels et les \u00abModules personnalis\u00e9\u00bb pour la connectivit\u00e9 \u00e0 quasiment tous les environnements h\u00f4tes qualifient les imprimantes matricielles PSi pour des applications en particulier dans l&#8217;industrie, la logistique, les fournisseurs de services et les banques.<\/p>\n<p style=\"text-align: justify;\">Le si\u00e8ge social de PSi Matrix GmbH est bas\u00e9 \u00e0 Freufenberg \u00e0 c\u00f4t\u00e9 de Siegen en\u00a0 Allemagne.<\/p>\n<p style=\"text-align: justify;\">La ligne de fabrication interne produit des imprimantes pour les clients sous le Label PSi et OEM. Les produits sont exclusivement distribu\u00e9s par des partenaires, comme les VAR et les int\u00e9grateurs de syst\u00e8mes. La filiale PSi Matrix \u00e0 P\u00e9kin soutient les activit\u00e9s de vente internationale en Chine.<\/p>\n<p>&nbsp;<\/p>\n<p>Les autres membres de PSi Group sont:<\/p>\n<ul>\n<li>PSi Laser &#8211; l&#8217;un des principaux fabricants d&#8217;imprimantes laser en continu<\/li>\n<\/ul>\n<p><a href=\"http:\/\/www.psi-laser.de\">www.psi-laser.de<\/a><\/p>\n<ul>\n<li>PSi Engineering &#8211; d\u00e9veloppement de logiciels<\/li>\n<\/ul>\n<p><a href=\"http:\/\/www.psi-engineering.de\">www.psi-engineering.de<\/a>[\/vc_column_text][\/vc_column][\/vc_row]<\/p>\n","protected":false},"excerpt":{"rendered":"<p>[vc_row][vc_column][vc_column_text] Rapide, flexible, \u00e9conomique &#8211;\u00a0 les solutions d\u2019impression matricielle de PSi Matrix GmbH [\/vc_column_text][\/vc_column][\/vc_row][vc_row][vc_column][vc_column_text] PSi &#8211; Printer Systems International a \u00e9t\u00e9 l&#8217;un des principaux fabricants d&#8217;imprimantes matricielles haut de gamme pour les applications professionnelles. La soci\u00e9t\u00e9 a \u00e9t\u00e9 fond\u00e9e en 1992 par la gestion-rachat de l&#8217;entreprise d&#8217;impression de Philips Kommunikations Industrie AG. Avec la fondation&hellip;<\/p>\n","protected":false},"author":3,"featured_media":0,"parent":0,"menu_order":0,"comment_status":"closed","ping_status":"closed","template":"","meta":[],"druckertyp":[],"ahnlichedrucker":[],"serie":[],"_links":{"self":[{"href":"https:\/\/psi-matrix.eu\/fr\/wp-json\/wp\/v2\/pages\/3377"}],"collection":[{"href":"https:\/\/psi-matrix.eu\/fr\/wp-json\/wp\/v2\/pages"}],"about":[{"href":"https:\/\/psi-matrix.eu\/fr\/wp-json\/wp\/v2\/types\/page"}],"author":[{"embeddable":true,"href":"https:\/\/psi-matrix.eu\/fr\/wp-json\/wp\/v2\/users\/3"}],"replies":[{"embeddable":true,"href":"https:\/\/psi-matrix.eu\/fr\/wp-json\/wp\/v2\/comments?post=3377"}],"version-history":[{"count":3,"href":"https:\/\/psi-matrix.eu\/fr\/wp-json\/wp\/v2\/pages\/3377\/revisions"}],"predecessor-version":[{"id":3604,"href":"https:\/\/psi-matrix.eu\/fr\/wp-json\/wp\/v2\/pages\/3377\/revisions\/3604"}],"wp:attachment":[{"href":"https:\/\/psi-matrix.eu\/fr\/wp-json\/wp\/v2\/media?parent=3377"}],"wp:term":[{"taxonomy":"druckertyp","embeddable":true,"href":"https:\/\/psi-matrix.eu\/fr\/wp-json\/wp\/v2\/druckertyp?post=3377"},{"taxonomy":"ahnlichedrucker","embeddable":true,"href":"https:\/\/psi-matrix.eu\/fr\/wp-json\/wp\/v2\/ahnlichedrucker?post=3377"},{"taxonomy":"serie","embeddable":true,"href":"https:\/\/psi-matrix.eu\/fr\/wp-json\/wp\/v2\/serie?post=3377"}],"curies":[{"name":"wp","href":"https:\/\/api.w.org\/{rel}","templated":true}]}}