{"id":3375,"date":"2016-07-27T14:24:54","date_gmt":"2016-07-27T12:24:54","guid":{"rendered":"http:\/\/psi-matrix.eu\/fr\/mission-statement\/"},"modified":"2016-11-25T08:12:28","modified_gmt":"2016-11-25T06:12:28","slug":"mission-statement","status":"publish","type":"page","link":"https:\/\/psi-matrix.eu\/fr\/company-profile\/mission-statement\/","title":{"rendered":"Mission de la soci\u00e9t\u00e9"},"content":{"rendered":"<p>[vc_row][vc_column][vc_column_text]<\/p>\n<h3>Culture de l\u2019entreprise<\/h3>\n<p>[\/vc_column_text][\/vc_column][\/vc_row][vc_row][vc_column][vc_column_text]\u00abSolutions d&#8217;impression professionnelle\u00bb &#8211; notre slogan est notre guide.<\/p>\n<p style=\"text-align: justify;\">PSi Matrix s&#8217;engage \u00e0 offrir des solutions orient\u00e9es sur le march\u00e9 professionnel des imprimantes pour les entreprises dans la logistique, les industries, l&#8217;automobile et les applications de service.<\/p>\n<p style=\"text-align: justify;\">L&#8217;objectif de PSi Matrix est d&#8217;atteindre et de maintenir une position de leader sur le march\u00e9 en cr\u00e9ant des produits innovants avec des caract\u00e9ristiques uniques, une excellente qualit\u00e9 et un support client exemplaire.<\/p>\n<p>[\/vc_column_text][\/vc_column][\/vc_row]<\/p>\n","protected":false},"excerpt":{"rendered":"<p>[vc_row][vc_column][vc_column_text] Culture de l\u2019entreprise [\/vc_column_text][\/vc_column][\/vc_row][vc_row][vc_column][vc_column_text]\u00abSolutions d&#8217;impression professionnelle\u00bb &#8211; notre slogan est notre guide. PSi Matrix s&#8217;engage \u00e0 offrir des solutions orient\u00e9es sur le march\u00e9 professionnel des imprimantes pour les entreprises dans la logistique, les industries, l&#8217;automobile et les applications de service. L&#8217;objectif de PSi Matrix est d&#8217;atteindre et de maintenir une position de leader sur&hellip;<\/p>\n","protected":false},"author":3,"featured_media":0,"parent":3377,"menu_order":0,"comment_status":"closed","ping_status":"closed","template":"","meta":[],"druckertyp":[],"ahnlichedrucker":[],"serie":[],"_links":{"self":[{"href":"https:\/\/psi-matrix.eu\/fr\/wp-json\/wp\/v2\/pages\/3375"}],"collection":[{"href":"https:\/\/psi-matrix.eu\/fr\/wp-json\/wp\/v2\/pages"}],"about":[{"href":"https:\/\/psi-matrix.eu\/fr\/wp-json\/wp\/v2\/types\/page"}],"author":[{"embeddable":true,"href":"https:\/\/psi-matrix.eu\/fr\/wp-json\/wp\/v2\/users\/3"}],"replies":[{"embeddable":true,"href":"https:\/\/psi-matrix.eu\/fr\/wp-json\/wp\/v2\/comments?post=3375"}],"version-history":[{"count":2,"href":"https:\/\/psi-matrix.eu\/fr\/wp-json\/wp\/v2\/pages\/3375\/revisions"}],"predecessor-version":[{"id":3601,"href":"https:\/\/psi-matrix.eu\/fr\/wp-json\/wp\/v2\/pages\/3375\/revisions\/3601"}],"up":[{"embeddable":true,"href":"https:\/\/psi-matrix.eu\/fr\/wp-json\/wp\/v2\/pages\/3377"}],"wp:attachment":[{"href":"https:\/\/psi-matrix.eu\/fr\/wp-json\/wp\/v2\/media?parent=3375"}],"wp:term":[{"taxonomy":"druckertyp","embeddable":true,"href":"https:\/\/psi-matrix.eu\/fr\/wp-json\/wp\/v2\/druckertyp?post=3375"},{"taxonomy":"ahnlichedrucker","embeddable":true,"href":"https:\/\/psi-matrix.eu\/fr\/wp-json\/wp\/v2\/ahnlichedrucker?post=3375"},{"taxonomy":"serie","embeddable":true,"href":"https:\/\/psi-matrix.eu\/fr\/wp-json\/wp\/v2\/serie?post=3375"}],"curies":[{"name":"wp","href":"https:\/\/api.w.org\/{rel}","templated":true}]}}