{"id":3374,"date":"2016-07-27T14:29:00","date_gmt":"2016-07-27T12:29:00","guid":{"rendered":"http:\/\/psi-matrix.eu\/fr\/quality-management\/"},"modified":"2024-01-12T13:42:12","modified_gmt":"2024-01-12T11:42:12","slug":"quality-management","status":"publish","type":"page","link":"https:\/\/psi-matrix.eu\/fr\/company-profile\/quality-management\/","title":{"rendered":"Notre gestion de la qualit\u00e9"},"content":{"rendered":"<p>[vc_row][vc_column][vc_column_text]<\/p>\n<h3>Notre gestion de la qualit\u00e9<\/h3>\n<p>[\/vc_column_text][\/vc_column][\/vc_row][vc_row][vc_column][vc_column_text]D\u00e9termine nos processus de travail depuis de nombreuses ann\u00e9es dans une large mesure. La plupart des \u00e9quipements de production modernes, des employ\u00e9s bien form\u00e9s, un contr\u00f4le de qualit\u00e9 ax\u00e9 sur le processus et une documentation compl\u00e8te de l&#8217;ensemble du flux de travail garantissent que l&#8217;installation de production PSi d\u00e9livre des produits de la meilleure qualit\u00e9 possible avec le plus faibles taux d&#8217;\u00e9chec.<\/p>\n<p>&nbsp;<\/p>\n<p>Tous les processus pertinents, y compris les ventes, la production, le traitement des commandes et la logistique, sont transparents et tra\u00e7ables \u00e0 tout moment.<\/p>\n<p>&nbsp;<\/p>\n<p>Notre strat\u00e9gie d&#8217;entreprise est d&#8217;accorder et d&#8217;am\u00e9liorer la qualit\u00e9 en continu. Nos objectifs de qualit\u00e9 sont d\u00e9finis par la direction, r\u00e9guli\u00e8rement transmis \u00e0 tous les secteurs d&#8217;activit\u00e9 et \u00e9valu\u00e9s en permanence.<\/p>\n<p>&nbsp;<\/p>\n<p>Nous sommes un partenaire comp\u00e9tent pour nos clients gr\u00e2ce \u00e0 la qualit\u00e9 et \u00e0 la fiabilit\u00e9 de nos produits, de notre support et de nos applications de service.<\/p>\n<p>&nbsp;<\/p>\n<p>Les lignes directrices suivantes renforcent et am\u00e9liorent notre demande mondiale de qualit\u00e9:<\/p>\n<ul>\n<li>Le respect des exigences et des demandes futures de nos clients est la condition pour un partenariat de longue date et est la base de notre relation d&#8217;affaires. La qualit\u00e9 est garantie par toute notre \u00e9quipe. Cette exigence est assur\u00e9e par la responsabilit\u00e9 et l&#8217;encouragement continu et la motivation de nos coll\u00e8gues.<\/li>\n<li style=\"text-align: justify;\">La qualit\u00e9 est un engagement commun. Notre succ\u00e8s est accord\u00e9 par l&#8217;esprit d\u2019ouverture de la communication et l&#8217;obligation de maintenir les objectifs de qualit\u00e9.<\/li>\n<\/ul>\n<p>[\/vc_column_text][\/vc_column][\/vc_row]<\/p>\n","protected":false},"excerpt":{"rendered":"<p>[vc_row][vc_column][vc_column_text] Notre gestion de la qualit\u00e9 [\/vc_column_text][\/vc_column][\/vc_row][vc_row][vc_column][vc_column_text]D\u00e9termine nos processus de travail depuis de nombreuses ann\u00e9es dans une large mesure. La plupart des \u00e9quipements de production modernes, des employ\u00e9s bien form\u00e9s, un contr\u00f4le de qualit\u00e9 ax\u00e9 sur le processus et une documentation compl\u00e8te de l&#8217;ensemble du flux de travail garantissent que l&#8217;installation de production PSi d\u00e9livre&hellip;<\/p>\n","protected":false},"author":3,"featured_media":0,"parent":3377,"menu_order":0,"comment_status":"closed","ping_status":"closed","template":"","meta":[],"druckertyp":[],"ahnlichedrucker":[],"serie":[],"_links":{"self":[{"href":"https:\/\/psi-matrix.eu\/fr\/wp-json\/wp\/v2\/pages\/3374"}],"collection":[{"href":"https:\/\/psi-matrix.eu\/fr\/wp-json\/wp\/v2\/pages"}],"about":[{"href":"https:\/\/psi-matrix.eu\/fr\/wp-json\/wp\/v2\/types\/page"}],"author":[{"embeddable":true,"href":"https:\/\/psi-matrix.eu\/fr\/wp-json\/wp\/v2\/users\/3"}],"replies":[{"embeddable":true,"href":"https:\/\/psi-matrix.eu\/fr\/wp-json\/wp\/v2\/comments?post=3374"}],"version-history":[{"count":5,"href":"https:\/\/psi-matrix.eu\/fr\/wp-json\/wp\/v2\/pages\/3374\/revisions"}],"predecessor-version":[{"id":7802,"href":"https:\/\/psi-matrix.eu\/fr\/wp-json\/wp\/v2\/pages\/3374\/revisions\/7802"}],"up":[{"embeddable":true,"href":"https:\/\/psi-matrix.eu\/fr\/wp-json\/wp\/v2\/pages\/3377"}],"wp:attachment":[{"href":"https:\/\/psi-matrix.eu\/fr\/wp-json\/wp\/v2\/media?parent=3374"}],"wp:term":[{"taxonomy":"druckertyp","embeddable":true,"href":"https:\/\/psi-matrix.eu\/fr\/wp-json\/wp\/v2\/druckertyp?post=3374"},{"taxonomy":"ahnlichedrucker","embeddable":true,"href":"https:\/\/psi-matrix.eu\/fr\/wp-json\/wp\/v2\/ahnlichedrucker?post=3374"},{"taxonomy":"serie","embeddable":true,"href":"https:\/\/psi-matrix.eu\/fr\/wp-json\/wp\/v2\/serie?post=3374"}],"curies":[{"name":"wp","href":"https:\/\/api.w.org\/{rel}","templated":true}]}}