{"id":3373,"date":"2016-07-27T14:32:17","date_gmt":"2016-07-27T12:32:17","guid":{"rendered":"http:\/\/psi-matrix.eu\/fr\/contact\/"},"modified":"2022-11-17T20:43:00","modified_gmt":"2022-11-17T18:43:00","slug":"contact","status":"publish","type":"page","link":"https:\/\/psi-matrix.eu\/fr\/contact\/","title":{"rendered":"Prendre contact"},"content":{"rendered":"<p>[vc_row][vc_column]<div class=\"dt-fancy-separator title-left h3-size style-dotted accent-title-color\" style=\"width: 100%;\"><div class=\"dt-fancy-title\"><span class=\"separator-holder separator-left\" style=\"border-color: #e0001a;\"><\/span>Contact - Adresse et directions<span class=\"separator-holder separator-right\" style=\"border-color: #e0001a;\"><\/span><\/div><\/div>[\/vc_column][\/vc_row][vc_row][vc_column width=&#8221;1\/2&#8243;][vc_column_text]<\/p>\n<h4>Contacter pour:<\/h4>\n<p><strong>PSi Matrix GmbH<\/strong><br \/>\n<strong>Hommeswiese 116a<\/strong><br \/>\n<strong>57258 Freudenberg<\/strong><br \/>\n<strong>Germany<\/strong><\/p>\n<p><i class=\"fa fa-phone\"><\/i><a href=\"tel: (+49) 2734 \/ 284 77 500\">\u00a0(+49) 2734 \/ 284 77 500<\/a><br \/>\n<i class=\"fa fa-fax\"><\/i>\u00a0(+49) 2734 \/ 284 77 599<br \/>\n<i class=\"fa fa-envelope\"><\/i>\u00a0<a href=\"mailto:sales@psi-matrix.eu\">sales@psi-matrix.eu<\/a><br \/>\n<i class=\"fa fa-internet-explorer\"><\/i>\u00a0<a href=\"https:\/\/www.psi-matrix.eu\">http:\/\/www.psi-matrix.eu<\/a>[\/vc_column_text][\/vc_column][vc_column width=&#8221;1\/2&#8243; offset=&#8221;vc_hidden-lg vc_hidden-md vc_hidden-sm vc_hidden-xs&#8221;][vc_gmaps link=&#8221;#E-8_JTNDaWZyYW1lJTIwc3JjJTNEJTIyaHR0cHMlM0ElMkYlMkZ3d3cuZ29vZ2xlLmNvbSUyRm1hcHMlMkZlbWJlZCUzRnBiJTNEJTIxMW0xOCUyMTFtMTIlMjExbTMlMjExZDI1MTUuMzcwNDEzODU5NDAxJTIxMmQ3Ljg3NDA4NzExNTc0ODMyODUlMjEzZDUwLjkxNjg2NDU3OTU0MjQ2JTIxMm0zJTIxMWYwJTIxMmYwJTIxM2YwJTIxM20yJTIxMWkxMDI0JTIxMmk3NjglMjE0ZjEzLjElMjEzbTMlMjExbTIlMjExczB4MCUyNTNBMHg3N2JkYWNlNzhjYThkZDc3JTIxMnNQU2klMkJNYXRyaXglMkJHbWJIJTIxNWUwJTIxM20yJTIxMXNkZSUyMTJzdXMlMjE0djE0ODEwMTA3MjU2MTMlMjIlMjB3aWR0aCUzRCUyMjYwMCUyMiUyMGhlaWdodCUzRCUyMjQ1MCUyMiUyMGZyYW1lYm9yZGVyJTNEJTIyMCUyMiUyMHN0eWxlJTNEJTIyYm9yZGVyJTNBMCUyMiUyMGFsbG93ZnVsbHNjcmVlbiUzRSUzQyUyRmlmcmFtZSUzRSUyMA==&#8221;][\/vc_column][\/vc_row][vc_row margin_top=&#8221;40&#8243; css=&#8221;.vc_custom_1458728169352{margin-bottom: 0px !important;}&#8221;][vc_column]<div class=\"dt-fancy-separator title-left h3-size style-dotted accent-title-color\" style=\"width: 100%;\"><div class=\"dt-fancy-title\"><span class=\"separator-holder separator-left\" style=\"border-color: #e0001a;\"><\/span>Formulaire de contact<span class=\"separator-holder separator-right\" style=\"border-color: #e0001a;\"><\/span><\/div><\/div>[\/vc_column][\/vc_row][vc_row][vc_column]<div role=\"form\" class=\"wpcf7\" id=\"wpcf7-f3615-o1\" lang=\"de-DE\" dir=\"ltr\">\n<div class=\"screen-reader-response\"><p role=\"status\" aria-live=\"polite\" aria-atomic=\"true\"><\/p> <ul><\/ul><\/div>\n<form action=\"\/fr\/wp-json\/wp\/v2\/pages\/3373#wpcf7-f3615-o1\" method=\"post\" class=\"wpcf7-form init\" novalidate=\"novalidate\" data-status=\"init\">\n<div style=\"display: none;\">\n<input type=\"hidden\" name=\"_wpcf7\" value=\"3615\" \/>\n<input type=\"hidden\" name=\"_wpcf7_version\" value=\"5.4.2\" \/>\n<input type=\"hidden\" name=\"_wpcf7_locale\" value=\"de_DE\" \/>\n<input type=\"hidden\" name=\"_wpcf7_unit_tag\" value=\"wpcf7-f3615-o1\" \/>\n<input type=\"hidden\" name=\"_wpcf7_container_post\" value=\"0\" \/>\n<input type=\"hidden\" name=\"_wpcf7_posted_data_hash\" value=\"\" \/>\n<\/div>\n<p>Votre nom (obligatoire)<br \/>\n    <span class=\"wpcf7-form-control-wrap your-name\"><input type=\"text\" name=\"your-name\" value=\"\" size=\"40\" class=\"wpcf7-form-control wpcf7-text wpcf7-validates-as-required\" aria-required=\"true\" aria-invalid=\"false\" \/><\/span> <\/p>\n<p>Soci\u00e9t\u00e9<br \/>\n    <span class=\"wpcf7-form-control-wrap firma\"><input type=\"text\" name=\"firma\" value=\"\" size=\"40\" class=\"wpcf7-form-control wpcf7-text\" aria-invalid=\"false\" \/><\/span> <\/p>\n<p>Votre Telefonnummer<br \/>\n    <span class=\"wpcf7-form-control-wrap your-phone\"><input type=\"text\" name=\"your-phone\" value=\"\" size=\"40\" class=\"wpcf7-form-control wpcf7-text\" aria-invalid=\"false\" \/><\/span> <\/p>\n<p>Votre adresse e-mail (obligatoire)<br \/>\n    <span class=\"wpcf7-form-control-wrap your-email\"><input type=\"email\" name=\"your-email\" value=\"\" size=\"40\" class=\"wpcf7-form-control wpcf7-text wpcf7-email wpcf7-validates-as-required wpcf7-validates-as-email\" aria-required=\"true\" aria-invalid=\"false\" \/><\/span><br \/>\n<span id=\"wpcf7-69dfe694123a5-wrapper\" class=\"wpcf7-form-control-wrap E-Mail-wrap\" ><label for=\"wpcf7-69dfe694123a5-field\" class=\"hp-message\">Please leave this field empty.<\/label><input id=\"wpcf7-69dfe694123a5-field\"  class=\"wpcf7-form-control wpcf7-text\" type=\"text\" name=\"E-Mail\" value=\"\" size=\"40\" tabindex=\"-1\" autocomplete=\"off\" \/><\/span>\n<\/p>\n<p><span class=\"wpcf7-form-control-wrap checkbox-66\"><span class=\"wpcf7-form-control wpcf7-checkbox\"><span class=\"wpcf7-list-item first\"><input type=\"checkbox\" name=\"checkbox-66[]\" value=\"S&#039;il vous pla\u00eet appelez\" \/><span class=\"wpcf7-list-item-label\">S&#039;il vous pla\u00eet appelez<\/span><\/span><span class=\"wpcf7-list-item last\"><input type=\"checkbox\" name=\"checkbox-66[]\" value=\"email de confirmation\" \/><span class=\"wpcf7-list-item-label\">email de confirmation<\/span><\/span><\/span><\/span><\/p>\n<p>Ce qui concerne<br \/>\n    <span class=\"wpcf7-form-control-wrap your-subject\"><input type=\"text\" name=\"your-subject\" value=\"\" size=\"40\" class=\"wpcf7-form-control wpcf7-text\" aria-invalid=\"false\" \/><\/span> <\/p>\n<p>Votre message<br \/>\n    <span class=\"wpcf7-form-control-wrap your-message\"><textarea name=\"your-message\" cols=\"40\" rows=\"10\" class=\"wpcf7-form-control wpcf7-textarea\" aria-invalid=\"false\"><\/textarea><\/span> <\/p>\n<p><span class=\"wpcf7-form-control-wrap quiz-62\"><label><span class=\"wpcf7-quiz-label\">Question de s\u00e9curit\u00e9: La capitale de la France?<\/span> <input type=\"text\" name=\"quiz-62\" size=\"40\" class=\"wpcf7-form-control wpcf7-quiz\" autocomplete=\"off\" aria-required=\"true\" aria-invalid=\"false\" \/><\/label><input type=\"hidden\" name=\"_wpcf7_quiz_answer_quiz-62\" value=\"a507e993af65854bcc4d5b823426bacf\" \/><\/span><br \/>\n<br><br \/>\n<font color=\"#d90024\"><strong>Before sending this form please note following advice:<\/strong><\/font><br \/>\n<span class=\"wpcf7-form-control-wrap acceptance-858\"><span class=\"wpcf7-form-control wpcf7-acceptance\"><span class=\"wpcf7-list-item\"><input type=\"checkbox\" name=\"acceptance-858\" value=\"1\" aria-invalid=\"false\" \/><\/span><\/span><\/span> Les donn\u00e9es envoy\u00e9es seront trait\u00e9es uniquement dans le but de traiter votre demande.<br \/>\nDe plus amples informations peuvent \u00eatre trouv\u00e9es dans notre <a href=\"https:\/\/psi-matrix.eu\/fr\/politique-de-confidentialite\/\">politique de confidentialit\u00e9.<\/a>.<\/p>\n<p><br><\/p>\n<p><input type=\"submit\" value=\"Envoyer\" class=\"wpcf7-form-control wpcf7-submit\" \/><\/p>\n<div class=\"wpcf7-response-output\" aria-hidden=\"true\"><\/div><\/form><\/div>[\/vc_column][\/vc_row]<\/p>\n","protected":false},"excerpt":{"rendered":"<p>[vc_row][vc_column][\/vc_column][\/vc_row][vc_row][vc_column width=&#8221;1\/2&#8243;][vc_column_text] Contacter pour: PSi Matrix GmbH Hommeswiese 116a 57258 Freudenberg Germany \u00a0(+49) 2734 \/ 284 77 500 \u00a0(+49) 2734 \/ 284 77 599 \u00a0sales@psi-matrix.eu \u00a0http:\/\/www.psi-matrix.eu[\/vc_column_text][\/vc_column][vc_column width=&#8221;1\/2&#8243; offset=&#8221;vc_hidden-lg vc_hidden-md vc_hidden-sm vc_hidden-xs&#8221;][vc_gmaps link=&#8221;#E-8_JTNDaWZyYW1lJTIwc3JjJTNEJTIyaHR0cHMlM0ElMkYlMkZ3d3cuZ29vZ2xlLmNvbSUyRm1hcHMlMkZlbWJlZCUzRnBiJTNEJTIxMW0xOCUyMTFtMTIlMjExbTMlMjExZDI1MTUuMzcwNDEzODU5NDAxJTIxMmQ3Ljg3NDA4NzExNTc0ODMyODUlMjEzZDUwLjkxNjg2NDU3OTU0MjQ2JTIxMm0zJTIxMWYwJTIxMmYwJTIxM2YwJTIxM20yJTIxMWkxMDI0JTIxMmk3NjglMjE0ZjEzLjElMjEzbTMlMjExbTIlMjExczB4MCUyNTNBMHg3N2JkYWNlNzhjYThkZDc3JTIxMnNQU2klMkJNYXRyaXglMkJHbWJIJTIxNWUwJTIxM20yJTIxMXNkZSUyMTJzdXMlMjE0djE0ODEwMTA3MjU2MTMlMjIlMjB3aWR0aCUzRCUyMjYwMCUyMiUyMGhlaWdodCUzRCUyMjQ1MCUyMiUyMGZyYW1lYm9yZGVyJTNEJTIyMCUyMiUyMHN0eWxlJTNEJTIyYm9yZGVyJTNBMCUyMiUyMGFsbG93ZnVsbHNjcmVlbiUzRSUzQyUyRmlmcmFtZSUzRSUyMA==&#8221;][\/vc_column][\/vc_row][vc_row margin_top=&#8221;40&#8243; css=&#8221;.vc_custom_1458728169352{margin-bottom: 0px !important;}&#8221;][vc_column][\/vc_column][\/vc_row][vc_row][vc_column][\/vc_column][\/vc_row]<\/p>\n","protected":false},"author":3,"featured_media":0,"parent":0,"menu_order":0,"comment_status":"closed","ping_status":"closed","template":"","meta":[],"druckertyp":[],"ahnlichedrucker":[],"serie":[],"_links":{"self":[{"href":"https:\/\/psi-matrix.eu\/fr\/wp-json\/wp\/v2\/pages\/3373"}],"collection":[{"href":"https:\/\/psi-matrix.eu\/fr\/wp-json\/wp\/v2\/pages"}],"about":[{"href":"https:\/\/psi-matrix.eu\/fr\/wp-json\/wp\/v2\/types\/page"}],"author":[{"embeddable":true,"href":"https:\/\/psi-matrix.eu\/fr\/wp-json\/wp\/v2\/users\/3"}],"replies":[{"embeddable":true,"href":"https:\/\/psi-matrix.eu\/fr\/wp-json\/wp\/v2\/comments?post=3373"}],"version-history":[{"count":7,"href":"https:\/\/psi-matrix.eu\/fr\/wp-json\/wp\/v2\/pages\/3373\/revisions"}],"predecessor-version":[{"id":7628,"href":"https:\/\/psi-matrix.eu\/fr\/wp-json\/wp\/v2\/pages\/3373\/revisions\/7628"}],"wp:attachment":[{"href":"https:\/\/psi-matrix.eu\/fr\/wp-json\/wp\/v2\/media?parent=3373"}],"wp:term":[{"taxonomy":"druckertyp","embeddable":true,"href":"https:\/\/psi-matrix.eu\/fr\/wp-json\/wp\/v2\/druckertyp?post=3373"},{"taxonomy":"ahnlichedrucker","embeddable":true,"href":"https:\/\/psi-matrix.eu\/fr\/wp-json\/wp\/v2\/ahnlichedrucker?post=3373"},{"taxonomy":"serie","embeddable":true,"href":"https:\/\/psi-matrix.eu\/fr\/wp-json\/wp\/v2\/serie?post=3373"}],"curies":[{"name":"wp","href":"https:\/\/api.w.org\/{rel}","templated":true}]}}