{"id":3372,"date":"2016-07-27T14:41:33","date_gmt":"2016-07-27T12:41:33","guid":{"rendered":"http:\/\/psi-matrix.eu\/fr\/connectivity\/"},"modified":"2016-12-02T16:28:21","modified_gmt":"2016-12-02T14:28:21","slug":"connectivity","status":"publish","type":"page","link":"https:\/\/psi-matrix.eu\/fr\/products\/connectivity\/","title":{"rendered":"Connectivit\u00e9"},"content":{"rendered":"<p>[vc_row][vc_column][vc_column_text]<\/p>\n<h3>La cl\u00e9 d\u2019une connexion flexible au syst\u00e8me.<\/h3>\n<p style=\"text-align: justify;\">Les modules personnalis\u00e9s (PM) rendent la connexion directe des imprimantes PP40x et PP80x \u00e0 la plupart des r\u00e9seaux et syst\u00e8mes importants.<\/p>\n<p style=\"text-align: justify;\">Les interfaces, les \u00e9mulations et les convertisseurs de protocole sont int\u00e9gr\u00e9s dans le PM.<\/p>\n<p style=\"text-align: justify;\">Les imprimantes des familles PP40x et PP80x peuvent \u00eatre adapt\u00e9es lorsque l\u2019environnement du syst\u00e8me change.<\/p>\n<p>[\/vc_column_text]<div class=\"ult-spacer spacer-69ec81d886eef\" data-id=\"69ec81d886eef\" data-height=\"20\" data-height-mobile=\"20\" data-height-tab=\"20\" data-height-tab-portrait=\"\" data-height-mobile-landscape=\"\" style=\"clear:both;display:block;\"><\/div>[vc_column_text css=&#8221;.vc_custom_1469779505660{margin-top: 30px !important;}&#8221;]<form autocomplete=\"off\" name=\"wpv-filter-470\" action=\"\/fr\/wp-json\/wp\/v2\/pages\/3372?wpv_view_count=470\" method=\"get\" class=\"wpv-filter-form js-wpv-filter-form js-wpv-filter-form-470 js-wpv-form-full js-wpv-dps-enabled js-wpv-ajax-results-enabled\" data-viewnumber=\"470\" data-viewid=\"470\" data-viewhash=\"eyJuYW1lIjoiaGF1cHRhbnNpY2h0LWNvbm5lY3Rpdml0eSJ9\" data-viewwidgetid=\"0\" data-orderby=\"\" data-order=\"\" data-orderbyas=\"\" data-orderbysecond=\"\" data-ordersecond=\"\" data-parametric=\"{&quot;query&quot;:&quot;normal&quot;,&quot;id&quot;:470,&quot;view_id&quot;:470,&quot;widget_id&quot;:0,&quot;view_hash&quot;:&quot;470&quot;,&quot;action&quot;:&quot;\\\/fr\\\/wp-json\\\/wp\\\/v2\\\/pages\\\/3372?wpv_view_count=470&quot;,&quot;sort&quot;:{&quot;orderby&quot;:&quot;&quot;,&quot;order&quot;:&quot;&quot;,&quot;orderby_as&quot;:&quot;&quot;,&quot;orderby_second&quot;:&quot;&quot;,&quot;order_second&quot;:&quot;&quot;},&quot;orderby&quot;:&quot;&quot;,&quot;order&quot;:&quot;&quot;,&quot;orderby_as&quot;:&quot;&quot;,&quot;orderby_second&quot;:&quot;&quot;,&quot;order_second&quot;:&quot;&quot;,&quot;ajax_form&quot;:&quot;&quot;,&quot;ajax_results&quot;:&quot;&quot;,&quot;effect&quot;:&quot;fade&quot;,&quot;prebefore&quot;:&quot;&quot;,&quot;before&quot;:&quot;&quot;,&quot;after&quot;:&quot;&quot;,&quot;attributes&quot;:[],&quot;environment&quot;:{&quot;current_post_id&quot;:3372,&quot;parent_post_id&quot;:3372,&quot;parent_term_id&quot;:0,&quot;parent_user_id&quot;:0,&quot;archive&quot;:{&quot;type&quot;:&quot;&quot;,&quot;name&quot;:&quot;&quot;,&quot;data&quot;:[]}},&quot;loop&quot;:{&quot;type&quot;:&quot;&quot;,&quot;name&quot;:&quot;&quot;,&quot;data&quot;:[],&quot;id&quot;:0}}\" data-attributes=\"[]\" data-environment=\"{&quot;current_post_id&quot;:3372,&quot;parent_post_id&quot;:3372,&quot;parent_term_id&quot;:0,&quot;parent_user_id&quot;:0,&quot;archive&quot;:{&quot;type&quot;:&quot;&quot;,&quot;name&quot;:&quot;&quot;,&quot;data&quot;:[]}}\"><input type=\"hidden\" class=\"js-wpv-dps-filter-data js-wpv-filter-data-for-this-form\" data-action=\"\/fr\/wp-json\/wp\/v2\/pages\/3372?wpv_view_count=470\" data-page=\"1\" data-ajax=\"enable\" data-effect=\"fade\" data-maxpages=\"0\" data-ajaxprebefore=\"\" data-ajaxbefore=\"\" data-ajaxafter=\"\" \/><input class=\"wpv_view_count wpv_view_count-470\" type=\"hidden\" name=\"wpv_view_count\" value=\"470\" \/>\nSchnittstellen: <select name=\"wpv-schnittstelle\" class=\"js-wpv-filter-trigger\"><option selected='selected' value=\"0\">Tous<\/option><option value=\"ethernet-fr\">Ethernet<\/option><option value=\"igp-fr\">IGP<\/option><option value=\"ipds-fr\">IPDS<\/option><option value=\"parallel-fr\">Parall\u00e8le<\/option><option value=\"seriell-fr\">Port s\u00e9rie<\/option><option value=\"usb-fr\">USB<\/option><\/select>\nImprimeur: <select name=\"wpv-druckertyp\" class=\"js-wpv-filter-trigger\"><option selected='selected' value=\"0\">Aucune imprimante s\u00e9lectionn\u00e9e<\/option><option value=\"pp405-fr\">PP 405<\/option><option value=\"pp407-fr\">PP 407<\/option><option value=\"pp408-fr\">PP 408<\/option><option value=\"pp803-fr\">PP 803<\/option><option value=\"pp806-fr\">PP 806<\/option><option value=\"pp809-fr\">PP 809<\/option><option value=\"pp-80x-with-qr-code-fr\">PP 80x with QR-Code<\/option><\/select>\n<input type=\"button\" class=\"wpv-reset-trigger js-wpv-reset-trigger\" name=\"wpv_filter_reset\" value=\"Effacer la s\u00e9lection\" \/>\n\n<br>\n<br>\n<\/form>\n<div id=\"wpv-view-layout-470\" class=\"js-wpv-view-layout js-wpv-layout-responsive js-wpv-view-layout-470\" data-viewnumber=\"470\" data-pagination=\"{&quot;id&quot;:470,&quot;query&quot;:&quot;normal&quot;,&quot;type&quot;:&quot;disabled&quot;,&quot;effect&quot;:&quot;fade&quot;,&quot;duration&quot;:500,&quot;speed&quot;:5,&quot;pause_on_hover&quot;:&quot;disabled&quot;,&quot;stop_rollover&quot;:&quot;false&quot;,&quot;cache_pages&quot;:&quot;enabled&quot;,&quot;preload_images&quot;:&quot;enabled&quot;,&quot;preload_pages&quot;:&quot;enabled&quot;,&quot;preload_reach&quot;:1,&quot;spinner&quot;:&quot;builtin&quot;,&quot;spinner_image&quot;:&quot;https:\/\/psi-matrix.eu\/wordpress\/wp-content\/plugins\/wp-views\/res\/img\/ajax-loader.gif&quot;,&quot;callback_next&quot;:&quot;&quot;,&quot;manage_history&quot;:&quot;disabled&quot;,&quot;has_controls_in_form&quot;:&quot;disabled&quot;,&quot;infinite_tolerance&quot;:&quot;0&quot;,&quot;max_pages&quot;:0,&quot;page&quot;:1,&quot;base_permalink&quot;:&quot;\/fr\/wp-json\/wp\/v2\/pages\/3372?wpv_view_count=470&amp;wpv_paged=WPV_PAGE_NUM&quot;,&quot;loop&quot;:{&quot;type&quot;:&quot;&quot;,&quot;name&quot;:&quot;&quot;,&quot;data&quot;:[],&quot;id&quot;:0}}\" data-permalink=\"\/fr\/wp-json\/wp\/v2\/pages\/3372?wpv_view_count=470\">\n\n\t\n\t\n\t<div class=\"container wpv-loop js-wpv-loop\">\n\t\n\t\t\n\t\t<div class=\"row \">\n\t\t\t<div class=\"col-sm-4\"><div class=\"box-connectivity-headline\"><h4><a href=\"https:\/\/psi-matrix.eu\/fr\/connectivity\/pm-ipds-ethernet-fuer-serie-40x\/\">IBM 4247 IPDS Ethernet for Series 40x<\/a><\/h4><\/div>\n<div class=\"box-connectivity-foto\"><a href=\"https:\/\/psi-matrix.eu\/fr\/connectivity\/pm-ipds-ethernet-fuer-serie-40x\/\"><img width=\"300\" height=\"253\" src=\"https:\/\/psi-matrix.eu\/wordpress\/wp-content\/uploads\/2016\/04\/PM_ETH_EasyCom_03_kl-300x253.png\" class=\"attachment-medium size-medium wp-post-image\" alt=\"\" loading=\"lazy\" srcset=\"https:\/\/psi-matrix.eu\/wordpress\/wp-content\/uploads\/2016\/04\/PM_ETH_EasyCom_03_kl-300x253.png 300w, https:\/\/psi-matrix.eu\/wordpress\/wp-content\/uploads\/2016\/04\/PM_ETH_EasyCom_03_kl.png 419w\" sizes=\"(max-width: 300px) 100vw, 300px\" \/><\/a><\/div><\/div>\n\t\t\n\t\t\n\t\t\t<div class=\"col-sm-4\"><div class=\"box-connectivity-headline\"><h4><a href=\"https:\/\/psi-matrix.eu\/fr\/connectivity\/ibm_4247_ipds_ethernet_pour_pp80x\/\">IBM 4247 IPDS Ethernet pour PP 80x<\/a><\/h4><\/div>\n<div class=\"box-connectivity-foto\"><a href=\"https:\/\/psi-matrix.eu\/fr\/connectivity\/ibm_4247_ipds_ethernet_pour_pp80x\/\"><img width=\"300\" height=\"253\" src=\"https:\/\/psi-matrix.eu\/wordpress\/wp-content\/uploads\/2016\/04\/PM_ETH_EasyCom_006_kl-300x253.png\" class=\"attachment-medium size-medium wp-post-image\" alt=\"\" loading=\"lazy\" srcset=\"https:\/\/psi-matrix.eu\/wordpress\/wp-content\/uploads\/2016\/04\/PM_ETH_EasyCom_006_kl-300x253.png 300w, https:\/\/psi-matrix.eu\/wordpress\/wp-content\/uploads\/2016\/04\/PM_ETH_EasyCom_006_kl.png 354w\" sizes=\"(max-width: 300px) 100vw, 300px\" \/><\/a><\/div><\/div>\n\t\t\n\t\t\n\t\t\t<div class=\"col-sm-4\"><div class=\"box-connectivity-headline\"><h4><a href=\"https:\/\/psi-matrix.eu\/fr\/connectivity\/pm-pns-ethernet-usb-parallel-und-seriell-fuer-serie-40x\/\">PM (PNS) Ethernet, USB, Parallel and Serial for Serie 40x<\/a><\/h4><\/div>\n<div class=\"box-connectivity-foto\"><a href=\"https:\/\/psi-matrix.eu\/fr\/connectivity\/pm-pns-ethernet-usb-parallel-und-seriell-fuer-serie-40x\/\"><img width=\"300\" height=\"209\" src=\"https:\/\/psi-matrix.eu\/wordpress\/wp-content\/uploads\/2016\/04\/PM_USB_SER_PAR_ETH_PNS_PP40x-300x209.png\" class=\"attachment-medium size-medium wp-post-image\" alt=\"\" loading=\"lazy\" srcset=\"https:\/\/psi-matrix.eu\/wordpress\/wp-content\/uploads\/2016\/04\/PM_USB_SER_PAR_ETH_PNS_PP40x-300x209.png 300w, https:\/\/psi-matrix.eu\/wordpress\/wp-content\/uploads\/2016\/04\/PM_USB_SER_PAR_ETH_PNS_PP40x.png 400w\" sizes=\"(max-width: 300px) 100vw, 300px\" \/><\/a><\/div><\/div>\n\t\t<\/div>\n\t\t\n\t\t\n\t\t<div class=\"row \">\n\t\t\t<div class=\"col-sm-4\"><div class=\"box-connectivity-headline\"><h4><a href=\"https:\/\/psi-matrix.eu\/fr\/connectivity\/pm-ethernet-10100-mbit-for-serie-40x\/\">PM Ethernet 10\/100 MBit for Series 40x<\/a><\/h4><\/div>\n<div class=\"box-connectivity-foto\"><a href=\"https:\/\/psi-matrix.eu\/fr\/connectivity\/pm-ethernet-10100-mbit-for-serie-40x\/\"><img width=\"300\" height=\"124\" src=\"https:\/\/psi-matrix.eu\/wordpress\/wp-content\/uploads\/2016\/04\/PM_ETH_40x_n_kl-300x124.png\" class=\"attachment-medium size-medium wp-post-image\" alt=\"\" loading=\"lazy\" srcset=\"https:\/\/psi-matrix.eu\/wordpress\/wp-content\/uploads\/2016\/04\/PM_ETH_40x_n_kl-300x124.png 300w, https:\/\/psi-matrix.eu\/wordpress\/wp-content\/uploads\/2016\/04\/PM_ETH_40x_n_kl.png 500w\" sizes=\"(max-width: 300px) 100vw, 300px\" \/><\/a><\/div><\/div>\n\t\t\n\t\t\n\t\t\t<div class=\"col-sm-4\"><div class=\"box-connectivity-headline\"><h4><a href=\"https:\/\/psi-matrix.eu\/fr\/connectivity\/pm-ethernet-10100-mbit-fuer-serie-80x\/\">PM Ethernet 10\/100 MBit pour la s\u00e9rie 80x<\/a><\/h4><\/div>\n<div class=\"box-connectivity-foto\"><a href=\"https:\/\/psi-matrix.eu\/fr\/connectivity\/pm-ethernet-10100-mbit-fuer-serie-80x\/\"><img width=\"300\" height=\"124\" src=\"https:\/\/psi-matrix.eu\/wordpress\/wp-content\/uploads\/2016\/04\/PM_ETH_80x_n_kl-300x124.png\" class=\"attachment-medium size-medium wp-post-image\" alt=\"\" loading=\"lazy\" srcset=\"https:\/\/psi-matrix.eu\/wordpress\/wp-content\/uploads\/2016\/04\/PM_ETH_80x_n_kl-300x124.png 300w, https:\/\/psi-matrix.eu\/wordpress\/wp-content\/uploads\/2016\/04\/PM_ETH_80x_n_kl.png 500w\" sizes=\"(max-width: 300px) 100vw, 300px\" \/><\/a><\/div><\/div>\n\t\t\n\t\t\n\t\t\t<div class=\"col-sm-4\"><div class=\"box-connectivity-headline\"><h4><a href=\"https:\/\/psi-matrix.eu\/fr\/connectivity\/pm-igp-ethernet-for-serie-40x\/\">PM IGP Ethernet for Series 40x<\/a><\/h4><\/div>\n<div class=\"box-connectivity-foto\"><a href=\"https:\/\/psi-matrix.eu\/fr\/connectivity\/pm-igp-ethernet-for-serie-40x\/\"><img width=\"300\" height=\"197\" src=\"https:\/\/psi-matrix.eu\/wordpress\/wp-content\/uploads\/2016\/04\/PM_IGP_ETH_PP40x_003-300x197.png\" class=\"attachment-medium size-medium wp-post-image\" alt=\"\" loading=\"lazy\" srcset=\"https:\/\/psi-matrix.eu\/wordpress\/wp-content\/uploads\/2016\/04\/PM_IGP_ETH_PP40x_003-300x197.png 300w, https:\/\/psi-matrix.eu\/wordpress\/wp-content\/uploads\/2016\/04\/PM_IGP_ETH_PP40x_003-768x505.png 768w, https:\/\/psi-matrix.eu\/wordpress\/wp-content\/uploads\/2016\/04\/PM_IGP_ETH_PP40x_003.png 800w\" sizes=\"(max-width: 300px) 100vw, 300px\" \/><\/a><\/div><\/div>\n\t\t<\/div>\n\t\t\n\t\t\n\t\t<div class=\"row \">\n\t\t\t<div class=\"col-sm-4\"><div class=\"box-connectivity-headline\"><h4><a href=\"https:\/\/psi-matrix.eu\/fr\/connectivity\/pm-igp-ethernet-fuer-serie-80x\/\">PM IGP Ethernet for Series 80x<\/a><\/h4><\/div>\n<div class=\"box-connectivity-foto\"><a href=\"https:\/\/psi-matrix.eu\/fr\/connectivity\/pm-igp-ethernet-fuer-serie-80x\/\"><img width=\"300\" height=\"209\" src=\"https:\/\/psi-matrix.eu\/wordpress\/wp-content\/uploads\/2016\/07\/pm_eth_igp_80x-300x209.png\" class=\"attachment-medium size-medium wp-post-image\" alt=\"\" loading=\"lazy\" srcset=\"https:\/\/psi-matrix.eu\/wordpress\/wp-content\/uploads\/2016\/07\/pm_eth_igp_80x-300x209.png 300w, https:\/\/psi-matrix.eu\/wordpress\/wp-content\/uploads\/2016\/07\/pm_eth_igp_80x.png 400w\" sizes=\"(max-width: 300px) 100vw, 300px\" \/><\/a><\/div><\/div>\n\t\t\n\t\t\n\t\t\t<div class=\"col-sm-4\"><div class=\"box-connectivity-headline\"><h4><a href=\"https:\/\/psi-matrix.eu\/fr\/connectivity\/pm-igp-parallel-for-serie-40x\/\">PM IGP Parallel for Series 40x<\/a><\/h4><\/div>\n<div class=\"box-connectivity-foto\"><a href=\"https:\/\/psi-matrix.eu\/fr\/connectivity\/pm-igp-parallel-for-serie-40x\/\"><img width=\"300\" height=\"209\" src=\"https:\/\/psi-matrix.eu\/wordpress\/wp-content\/uploads\/2016\/04\/PM_IGP_PAR_PP40x-300x209.png\" class=\"attachment-medium size-medium wp-post-image\" alt=\"\" loading=\"lazy\" srcset=\"https:\/\/psi-matrix.eu\/wordpress\/wp-content\/uploads\/2016\/04\/PM_IGP_PAR_PP40x-300x209.png 300w, https:\/\/psi-matrix.eu\/wordpress\/wp-content\/uploads\/2016\/04\/PM_IGP_PAR_PP40x.png 400w\" sizes=\"(max-width: 300px) 100vw, 300px\" \/><\/a><\/div><\/div>\n\t\t\n\t\t\n\t\t\t<div class=\"col-sm-4\"><div class=\"box-connectivity-headline\"><h4><a href=\"https:\/\/psi-matrix.eu\/fr\/connectivity\/pm-igp-parallel-for-serie-80x\/\">PM IGP Parallel for Series 80x<\/a><\/h4><\/div>\n<div class=\"box-connectivity-foto\"><a href=\"https:\/\/psi-matrix.eu\/fr\/connectivity\/pm-igp-parallel-for-serie-80x\/\"><img width=\"300\" height=\"209\" src=\"https:\/\/psi-matrix.eu\/wordpress\/wp-content\/uploads\/2016\/04\/PM_par_igp_80x-300x209.png\" class=\"attachment-medium size-medium wp-post-image\" alt=\"\" loading=\"lazy\" srcset=\"https:\/\/psi-matrix.eu\/wordpress\/wp-content\/uploads\/2016\/04\/PM_par_igp_80x-300x209.png 300w, https:\/\/psi-matrix.eu\/wordpress\/wp-content\/uploads\/2016\/04\/PM_par_igp_80x.png 400w\" sizes=\"(max-width: 300px) 100vw, 300px\" \/><\/a><\/div><\/div>\n\t\t<\/div>\n\t\t\n\t\t\n\t\t<div class=\"row \">\n\t\t\t<div class=\"col-sm-4\"><div class=\"box-connectivity-headline\"><h4><a href=\"https:\/\/psi-matrix.eu\/fr\/connectivity\/pm-serial-and-parallel-for-serie-80x\/\">PM s\u00e9rie et parall\u00e8le pour la s\u00e9rie 80x<\/a><\/h4><\/div>\n<div class=\"box-connectivity-foto\"><a href=\"https:\/\/psi-matrix.eu\/fr\/connectivity\/pm-serial-and-parallel-for-serie-80x\/\"><img width=\"300\" height=\"209\" src=\"https:\/\/psi-matrix.eu\/wordpress\/wp-content\/uploads\/2016\/04\/PM_SER_PAR_PP80x-300x209.png\" class=\"attachment-medium size-medium wp-post-image\" alt=\"\" loading=\"lazy\" srcset=\"https:\/\/psi-matrix.eu\/wordpress\/wp-content\/uploads\/2016\/04\/PM_SER_PAR_PP80x-300x209.png 300w, https:\/\/psi-matrix.eu\/wordpress\/wp-content\/uploads\/2016\/04\/PM_SER_PAR_PP80x.png 400w\" sizes=\"(max-width: 300px) 100vw, 300px\" \/><\/a><\/div><\/div>\n\t\t\n\t\t\n\t\t\t<div class=\"col-sm-4\"><div class=\"box-connectivity-headline\"><h4><a href=\"https:\/\/psi-matrix.eu\/fr\/connectivity\/pm-usb-parallel-and-serial-for-serie-40x\/\">PM USB, Parallel and Serial for Serie 40x<\/a><\/h4><\/div>\n<div class=\"box-connectivity-foto\"><a href=\"https:\/\/psi-matrix.eu\/fr\/connectivity\/pm-usb-parallel-and-serial-for-serie-40x\/\"><img width=\"300\" height=\"209\" src=\"https:\/\/psi-matrix.eu\/wordpress\/wp-content\/uploads\/2016\/04\/PM_USB_SER_PAR_PP40x-300x209.png\" class=\"attachment-medium size-medium wp-post-image\" alt=\"\" loading=\"lazy\" srcset=\"https:\/\/psi-matrix.eu\/wordpress\/wp-content\/uploads\/2016\/04\/PM_USB_SER_PAR_PP40x-300x209.png 300w, https:\/\/psi-matrix.eu\/wordpress\/wp-content\/uploads\/2016\/04\/PM_USB_SER_PAR_PP40x.png 400w\" sizes=\"(max-width: 300px) 100vw, 300px\" \/><\/a><\/div><\/div>\n\t\t\n\t\t\t<div class=\"col-sm-4\"><\/div>\n\t\t<\/div>\n\t\n\t<\/div>\n\t\n\t\n\t\n<\/div>[\/vc_column_text][\/vc_column][\/vc_row]<\/p>\n","protected":false},"excerpt":{"rendered":"<p>[vc_row][vc_column][vc_column_text] La cl\u00e9 d\u2019une connexion flexible au syst\u00e8me. Les modules personnalis\u00e9s (PM) rendent la connexion directe des imprimantes PP40x et PP80x \u00e0 la plupart des r\u00e9seaux et syst\u00e8mes importants. Les interfaces, les \u00e9mulations et les convertisseurs de protocole sont int\u00e9gr\u00e9s dans le PM. Les imprimantes des familles PP40x et PP80x peuvent \u00eatre adapt\u00e9es lorsque l\u2019environnement&hellip;<\/p>\n","protected":false},"author":3,"featured_media":0,"parent":3437,"menu_order":0,"comment_status":"closed","ping_status":"closed","template":"","meta":[],"druckertyp":[],"ahnlichedrucker":[],"serie":[],"_links":{"self":[{"href":"https:\/\/psi-matrix.eu\/fr\/wp-json\/wp\/v2\/pages\/3372"}],"collection":[{"href":"https:\/\/psi-matrix.eu\/fr\/wp-json\/wp\/v2\/pages"}],"about":[{"href":"https:\/\/psi-matrix.eu\/fr\/wp-json\/wp\/v2\/types\/page"}],"author":[{"embeddable":true,"href":"https:\/\/psi-matrix.eu\/fr\/wp-json\/wp\/v2\/users\/3"}],"replies":[{"embeddable":true,"href":"https:\/\/psi-matrix.eu\/fr\/wp-json\/wp\/v2\/comments?post=3372"}],"version-history":[{"count":3,"href":"https:\/\/psi-matrix.eu\/fr\/wp-json\/wp\/v2\/pages\/3372\/revisions"}],"predecessor-version":[{"id":3765,"href":"https:\/\/psi-matrix.eu\/fr\/wp-json\/wp\/v2\/pages\/3372\/revisions\/3765"}],"up":[{"embeddable":true,"href":"https:\/\/psi-matrix.eu\/fr\/wp-json\/wp\/v2\/pages\/3437"}],"wp:attachment":[{"href":"https:\/\/psi-matrix.eu\/fr\/wp-json\/wp\/v2\/media?parent=3372"}],"wp:term":[{"taxonomy":"druckertyp","embeddable":true,"href":"https:\/\/psi-matrix.eu\/fr\/wp-json\/wp\/v2\/druckertyp?post=3372"},{"taxonomy":"ahnlichedrucker","embeddable":true,"href":"https:\/\/psi-matrix.eu\/fr\/wp-json\/wp\/v2\/ahnlichedrucker?post=3372"},{"taxonomy":"serie","embeddable":true,"href":"https:\/\/psi-matrix.eu\/fr\/wp-json\/wp\/v2\/serie?post=3372"}],"curies":[{"name":"wp","href":"https:\/\/api.w.org\/{rel}","templated":true}]}}