{"id":3370,"date":"2016-07-27T14:50:35","date_gmt":"2016-07-27T12:50:35","guid":{"rendered":"http:\/\/psi-matrix.eu\/fr\/pp204\/"},"modified":"2022-03-16T10:09:01","modified_gmt":"2022-03-16T08:09:01","slug":"pp204-fr","status":"publish","type":"page","link":"https:\/\/psi-matrix.eu\/fr\/products\/pp204-fr\/","title":{"rendered":"L\u2019imprimante matricielle PSi PP 204"},"content":{"rendered":"<p>[vc_row][vc_column width=&#8221;1\/2&#8243;][vc_empty_space height=&#8221;100px&#8221;][vc_single_image image=&#8221;4019&#8243; img_size=&#8221;full&#8221; uslignment=&#8221;center&#8221;][\/vc_column][vc_column width=&#8221;1\/2&#8243;]<div class=\"standard-arrow list-divider bullet-top\"><h3>\u2026. Le pacte<\/h3>\n<p>Caract\u00e9ristiques\u00a0L\u2019imprimante matricielle PSi PP 204<\/p>\n<ul>\n<li>Imprimante 24 aiguilles \u00e0 haute\u00a0performance<\/li>\n<li>Design compact et moderne<\/li>\n<li>Haute performance\u00a0d\u2018impression jusqu\u2018\u00e0 400 cps<br \/>\n(10 cpp) ou 319 pages\/heure<\/li>\n<li>Alimentation en papier continu\u00a0et en feuilles d\u00e9tach\u00e9es<\/li>\n<li>Jusqu\u2018\u00e0 5 exemplaires (1+4)<\/li>\n<li>Positionnement pr\u00e9cis de\u00a0l\u2018impression<\/li>\n<li>9 polices \u00e0 taille variable<\/li>\n<li>Impression parfaite des codesbarres<\/li>\n<\/ul>\n<p>Permet l&#8217;essor \u00e9conomique de l&#8217;impression matricielle professionnelle<\/p>\n<\/div>[vc_empty_space height=&#8221;20px&#8221;][\/vc_column][\/vc_row][vc_row][vc_column width=&#8221;1\/2&#8243;][vc_column_text]<\/p>\n<h3 style=\"text-align: justify;\">L\u2019imprimante matricielle PSi PP 204<\/h3>\n<p style=\"text-align: justify;\">L\u2019imprimante matricielle 24 aiguilles \u2013 PP204 \u2013 permet d\u2019imprimer \u00e0 une vitesse \u00e9lev\u00e9e pouvant atteindre 400 cps (caract\u00e8res par seconde) \u00e0 10 cpi (caract\u00e8res par pouce) et 319 pages par heure.<br \/>\nAvec sa t\u00eate d&#8217;impression longue dur\u00e9e de vie (400millions de caract\u00e8re) et le ruban (5 millions de caract\u00e8res) les co\u00fbts d&#8217;impression sont extr\u00eamement faibles avec 0,25 cents par page.<\/p>\n<p style=\"text-align: justify;\">L&#8217;imprimante PP204 poss\u00e8de 19 polices de caract\u00e8res r\u00e9sidentes. Elle permet l&#8217;impression pr\u00e9cise de codes barres. Elle peut imprimer des formulaires jusqu&#8217;\u00e0 5 exemplaires pour une flexibilit\u00e9 et une qualit\u00e9 \u00e9lev\u00e9e dans des applications exigeantes comme le bureau, l&#8217;administration, la logistique et l&#8217;industrie.<br \/>\nElle est dot\u00e9e d\u2019une capacit\u00e9 m\u00e9moire Jusqu&#8217;\u00e0 128 Ko disponibles pour stocker les donn\u00e9es et les polices.<br \/>\nEn plus de l&#8217;entr\u00e9e papier paravent, l\u2019imprimante offre \u00e9galement la possibilit\u00e9 d&#8217;ins\u00e9rer des feuilles coup\u00e9es. La fonction &#8220;stationnement\u00bb pour papier paravent permet de passer d\u2019une \u00e0 l\u2019autre de ces options tr\u00e8s facilement.<\/p>\n<p>[\/vc_column_text][\/vc_column][vc_column width=&#8221;1\/2&#8243;][vc_tta_tabs][vc_tta_section title=&#8221;Fiche technique&#8221; tab_id=&#8221;Fiche-techniquePP204&#8243;][vc_column_text]\n\n\n<div id=\"wpv-view-layout-1010-CPID3370\" class=\"js-wpv-view-layout js-wpv-layout-responsive js-wpv-view-layout-1010-CPID3370\" data-viewnumber=\"1010-CPID3370\" data-pagination=\"{&quot;id&quot;:1010,&quot;query&quot;:&quot;normal&quot;,&quot;type&quot;:&quot;disabled&quot;,&quot;effect&quot;:&quot;fade&quot;,&quot;duration&quot;:500,&quot;speed&quot;:5,&quot;pause_on_hover&quot;:&quot;disabled&quot;,&quot;stop_rollover&quot;:&quot;false&quot;,&quot;cache_pages&quot;:&quot;enabled&quot;,&quot;preload_images&quot;:&quot;enabled&quot;,&quot;preload_pages&quot;:&quot;enabled&quot;,&quot;preload_reach&quot;:1,&quot;spinner&quot;:&quot;builtin&quot;,&quot;spinner_image&quot;:&quot;https:\/\/psi-matrix.eu\/wordpress\/wp-content\/plugins\/wp-views\/res\/img\/ajax-loader.gif&quot;,&quot;callback_next&quot;:&quot;&quot;,&quot;manage_history&quot;:&quot;disabled&quot;,&quot;has_controls_in_form&quot;:&quot;disabled&quot;,&quot;infinite_tolerance&quot;:&quot;0&quot;,&quot;max_pages&quot;:0,&quot;page&quot;:1,&quot;base_permalink&quot;:&quot;\/fr\/wp-json\/wp\/v2\/pages\/3370?wpv_view_count=1010-CPID3370&amp;wpv_paged=WPV_PAGE_NUM&quot;,&quot;loop&quot;:{&quot;type&quot;:&quot;&quot;,&quot;name&quot;:&quot;&quot;,&quot;data&quot;:[],&quot;id&quot;:0}}\" data-permalink=\"\/fr\/wp-json\/wp\/v2\/pages\/3370?wpv_view_count=1010-CPID3370\">\n\n\t\n\t\n\t<table width=\"100%\" class=\"wpv-loop js-wpv-loop\">\n\t\n\t\t\n\t\t<tr>\n\t\t\t<td>\n\t\t\t\t<h6><a href=\"https:\/\/psi-matrix.eu\/fr\/fiche-technique\/data-sheet-pp-204\/\">Fiche technique PP 204<\/a><\/h6>\n<a href=\"https:\/\/psi-matrix.eu\/fr\/fiche-technique\/data-sheet-pp-204\/\"><img width=\"252\" height=\"356\" src=\"https:\/\/psi-matrix.eu\/wordpress\/wp-content\/uploads\/2016\/07\/PP204_F_03_2022.jpg\" class=\"attachment-small size-small wp-post-image\" alt=\"\" loading=\"lazy\" srcset=\"https:\/\/psi-matrix.eu\/wordpress\/wp-content\/uploads\/2016\/07\/PP204_F_03_2022.jpg 252w, https:\/\/psi-matrix.eu\/wordpress\/wp-content\/uploads\/2016\/07\/PP204_F_03_2022-212x300.jpg 212w\" sizes=\"(max-width: 252px) 100vw, 252px\" \/><\/a>\n\t\t\t<\/td>\n\t\t\n\t\t\t<td><\/td>\n\t\t<\/tr>\n\t\n\t<\/table>\n\t\n\t\n\t\n<\/div>\n[\/vc_column_text][\/vc_tta_section][vc_tta_section title=&#8221;Consummables&#8221; tab_id=&#8221;ConsummablesPP204&#8243;][vc_column_text]\n\n\n<div id=\"wpv-view-layout-1014-CPID3370\" class=\"js-wpv-view-layout js-wpv-layout-responsive js-wpv-view-layout-1014-CPID3370\" data-viewnumber=\"1014-CPID3370\" data-pagination=\"{&quot;id&quot;:1014,&quot;query&quot;:&quot;normal&quot;,&quot;type&quot;:&quot;disabled&quot;,&quot;effect&quot;:&quot;fade&quot;,&quot;duration&quot;:500,&quot;speed&quot;:5,&quot;pause_on_hover&quot;:&quot;disabled&quot;,&quot;stop_rollover&quot;:&quot;false&quot;,&quot;cache_pages&quot;:&quot;enabled&quot;,&quot;preload_images&quot;:&quot;enabled&quot;,&quot;preload_pages&quot;:&quot;enabled&quot;,&quot;preload_reach&quot;:1,&quot;spinner&quot;:&quot;builtin&quot;,&quot;spinner_image&quot;:&quot;https:\/\/psi-matrix.eu\/wordpress\/wp-content\/plugins\/wp-views\/res\/img\/ajax-loader.gif&quot;,&quot;callback_next&quot;:&quot;&quot;,&quot;manage_history&quot;:&quot;disabled&quot;,&quot;has_controls_in_form&quot;:&quot;disabled&quot;,&quot;infinite_tolerance&quot;:&quot;0&quot;,&quot;max_pages&quot;:0,&quot;page&quot;:1,&quot;base_permalink&quot;:&quot;\/fr\/wp-json\/wp\/v2\/pages\/3370?wpv_view_count=1014-CPID3370&amp;wpv_paged=WPV_PAGE_NUM&quot;,&quot;loop&quot;:{&quot;type&quot;:&quot;&quot;,&quot;name&quot;:&quot;&quot;,&quot;data&quot;:[],&quot;id&quot;:0}}\" data-permalink=\"\/fr\/wp-json\/wp\/v2\/pages\/3370?wpv_view_count=1014-CPID3370\">\n\n\t\n\t\n\t<table width=\"100%\" class=\"wpv-loop js-wpv-loop\">\n\t\n\t\t\n\t\t<tr>\n\t\t\t<td>\n\t\t\t\t<h6><a href=\"https:\/\/psi-matrix.eu\/fr\/consommables\/ribbon-cassette-src99\/\">Ribbon Cassette S\/RC99<\/a><\/h6>\n<div class=\"image-in-tabs\"><a href=\"https:\/\/psi-matrix.eu\/fr\/consommables\/ribbon-cassette-src99\/\"><img width=\"400\" height=\"279\" src=\"https:\/\/psi-matrix.eu\/wordpress\/wp-content\/uploads\/2016\/04\/Ribbon_20x-kl.png\" class=\"attachment-full size-full listenbild wp-post-image\" alt=\"\" loading=\"lazy\" srcset=\"https:\/\/psi-matrix.eu\/wordpress\/wp-content\/uploads\/2016\/04\/Ribbon_20x-kl.png 400w, https:\/\/psi-matrix.eu\/wordpress\/wp-content\/uploads\/2016\/04\/Ribbon_20x-kl-300x209.png 300w\" sizes=\"(max-width: 400px) 100vw, 400px\" \/><\/a><\/div>\n\t\t\t<\/td>\n\t\t\n\t\t\t<td><\/td>\n\t\t<\/tr>\n\t\n\t<\/table>\n\t\n\t\n\t\n<\/div>[\/vc_column_text][\/vc_tta_section][vc_tta_section title=&#8221;Accessoires&#8221; tab_id=&#8221;Accessoires PP204&#8243;][vc_column_text]\n\n\n<div id=\"wpv-view-layout-1016-CPID3370\" class=\"js-wpv-view-layout js-wpv-layout-responsive js-wpv-view-layout-1016-CPID3370\" data-viewnumber=\"1016-CPID3370\" data-pagination=\"{&quot;id&quot;:1016,&quot;query&quot;:&quot;normal&quot;,&quot;type&quot;:&quot;disabled&quot;,&quot;effect&quot;:&quot;fade&quot;,&quot;duration&quot;:500,&quot;speed&quot;:5,&quot;pause_on_hover&quot;:&quot;disabled&quot;,&quot;stop_rollover&quot;:&quot;false&quot;,&quot;cache_pages&quot;:&quot;enabled&quot;,&quot;preload_images&quot;:&quot;enabled&quot;,&quot;preload_pages&quot;:&quot;enabled&quot;,&quot;preload_reach&quot;:1,&quot;spinner&quot;:&quot;builtin&quot;,&quot;spinner_image&quot;:&quot;https:\/\/psi-matrix.eu\/wordpress\/wp-content\/plugins\/wp-views\/res\/img\/ajax-loader.gif&quot;,&quot;callback_next&quot;:&quot;&quot;,&quot;manage_history&quot;:&quot;disabled&quot;,&quot;has_controls_in_form&quot;:&quot;disabled&quot;,&quot;infinite_tolerance&quot;:&quot;0&quot;,&quot;max_pages&quot;:0,&quot;page&quot;:1,&quot;base_permalink&quot;:&quot;\/fr\/wp-json\/wp\/v2\/pages\/3370?wpv_view_count=1016-CPID3370&amp;wpv_paged=WPV_PAGE_NUM&quot;,&quot;loop&quot;:{&quot;type&quot;:&quot;&quot;,&quot;name&quot;:&quot;&quot;,&quot;data&quot;:[],&quot;id&quot;:0}}\" data-permalink=\"\/fr\/wp-json\/wp\/v2\/pages\/3370?wpv_view_count=1016-CPID3370\">\n\n\t\n\t\n\t<table width=\"100%\" class=\"wpv-loop js-wpv-loop\">\n\t\n\t\t\n\t\t<tr>\n\t\t\t<td width=\"50%\">\n\t\t\t\t<div class=\"headline-in-tabs\"><h6><a href=\"https:\/\/psi-matrix.eu\/fr\/accessoires\/printer-stand-pp-204\/\">Socle PP 204<\/a><\/h6><\/div>\n<div class=\"image-in-tabs\"><a href=\"https:\/\/psi-matrix.eu\/fr\/accessoires\/printer-stand-pp-204\/\"><img width=\"638\" height=\"505\" src=\"https:\/\/psi-matrix.eu\/wordpress\/wp-content\/uploads\/2016\/08\/Standfuss_PP204.png\" class=\"attachment-full size-full listenbild wp-post-image\" alt=\"\" loading=\"lazy\" srcset=\"https:\/\/psi-matrix.eu\/wordpress\/wp-content\/uploads\/2016\/08\/Standfuss_PP204.png 638w, https:\/\/psi-matrix.eu\/wordpress\/wp-content\/uploads\/2016\/08\/Standfuss_PP204-300x237.png 300w\" sizes=\"(max-width: 638px) 100vw, 638px\" \/><\/a><\/div>\n\t\t\t<\/td>\n\t\t\n\t\t\t<td><\/td>\n\t\t<\/tr>\n\t\n\t<\/table>\n\t\n\t\n\t\n<\/div>\n[\/vc_column_text][\/vc_tta_section][vc_tta_section title=&#8221;Pilote d&#8217;imprimante&#8221; tab_id=&#8221;Pilote-d-imprimantePP204&#8243;][vc_column_text]<div id=\"wpv-view-layout-1012-CPID3370\" class=\"js-wpv-view-layout js-wpv-layout-responsive js-wpv-view-layout-1012-CPID3370\" data-viewnumber=\"1012-CPID3370\" data-pagination=\"{&quot;id&quot;:1012,&quot;query&quot;:&quot;normal&quot;,&quot;type&quot;:&quot;disabled&quot;,&quot;effect&quot;:&quot;fade&quot;,&quot;duration&quot;:&quot;500&quot;,&quot;speed&quot;:5,&quot;pause_on_hover&quot;:&quot;disabled&quot;,&quot;stop_rollover&quot;:&quot;false&quot;,&quot;cache_pages&quot;:&quot;enabled&quot;,&quot;preload_images&quot;:&quot;enabled&quot;,&quot;preload_pages&quot;:&quot;enabled&quot;,&quot;preload_reach&quot;:&quot;1&quot;,&quot;spinner&quot;:&quot;builtin&quot;,&quot;spinner_image&quot;:&quot;https:\/\/psi-matrix.eu\/wordpress\/wp-content\/plugins\/wp-views\/embedded\/res\/img\/ajax-loader.gif&quot;,&quot;callback_next&quot;:&quot;&quot;,&quot;manage_history&quot;:&quot;disabled&quot;,&quot;has_controls_in_form&quot;:&quot;disabled&quot;,&quot;infinite_tolerance&quot;:&quot;0&quot;,&quot;max_pages&quot;:0,&quot;page&quot;:1,&quot;base_permalink&quot;:&quot;\/fr\/wp-json\/wp\/v2\/pages\/3370?wpv_view_count=1012-CPID3370&amp;wpv_paged=WPV_PAGE_NUM&quot;,&quot;loop&quot;:{&quot;type&quot;:&quot;&quot;,&quot;name&quot;:&quot;&quot;,&quot;data&quot;:[],&quot;id&quot;:0}}\" data-permalink=\"\/fr\/wp-json\/wp\/v2\/pages\/3370?wpv_view_count=1012-CPID3370\">\n\n\t\n\t\n\t<table width=\"100%\" class=\"wpv-loop js-wpv-loop\">\n\t\n\t\t\n\t\t<tr>\n\t\t\t<td>\n\t\t\t\t<h6><a href=\"https:\/\/psi-matrix.eu\/fr\/pilote-d-imprimante\/driver-pp-204-win-3264-bit-german\/\">Pilote PP 204 Win (32\/64 Bit) sign\u00e9<\/a><\/h6>\n<div class=\"box-treiber\">Anglais, allemand<\/div>\n<br>\n<br>\n\t\t\t<\/td>\n\t\t\n\t\t\t<td><\/td>\n\t\t<\/tr>\n\t\n\t<\/table>\n\t\n\t\n\t\n<\/div>[\/vc_column_text][\/vc_tta_section][vc_tta_section title=&#8221;Connectivit\u00e9&#8221; tab_id=&#8221;Connectivit\u00e9PP204&#8243;][vc_column_text]\n\n\n<div id=\"wpv-view-layout-1008-CPID3370\" class=\"js-wpv-view-layout js-wpv-layout-responsive js-wpv-view-layout-1008-CPID3370\" data-viewnumber=\"1008-CPID3370\" data-pagination=\"{&quot;id&quot;:1008,&quot;query&quot;:&quot;normal&quot;,&quot;type&quot;:&quot;disabled&quot;,&quot;effect&quot;:&quot;fade&quot;,&quot;duration&quot;:500,&quot;speed&quot;:5,&quot;pause_on_hover&quot;:&quot;disabled&quot;,&quot;stop_rollover&quot;:&quot;false&quot;,&quot;cache_pages&quot;:&quot;enabled&quot;,&quot;preload_images&quot;:&quot;enabled&quot;,&quot;preload_pages&quot;:&quot;enabled&quot;,&quot;preload_reach&quot;:1,&quot;spinner&quot;:&quot;builtin&quot;,&quot;spinner_image&quot;:&quot;https:\/\/psi-matrix.eu\/wordpress\/wp-content\/plugins\/wp-views\/res\/img\/ajax-loader.gif&quot;,&quot;callback_next&quot;:&quot;&quot;,&quot;manage_history&quot;:&quot;disabled&quot;,&quot;has_controls_in_form&quot;:&quot;disabled&quot;,&quot;infinite_tolerance&quot;:&quot;0&quot;,&quot;max_pages&quot;:0,&quot;page&quot;:1,&quot;base_permalink&quot;:&quot;\/fr\/wp-json\/wp\/v2\/pages\/3370?wpv_view_count=1008-CPID3370&amp;wpv_paged=WPV_PAGE_NUM&quot;,&quot;loop&quot;:{&quot;type&quot;:&quot;&quot;,&quot;name&quot;:&quot;&quot;,&quot;data&quot;:[],&quot;id&quot;:0}}\" data-permalink=\"\/fr\/wp-json\/wp\/v2\/pages\/3370?wpv_view_count=1008-CPID3370\">\n\n\t\n\t\n\t\t<strong>No items found<\/strong>\n\t\n<\/div>\n[\/vc_column_text][\/vc_tta_section][vc_tta_section title=&#8221;Documentaires&#8221; tab_id=&#8221;DocumentairesPP204&#8243;][vc_column_text]\n\n\n<div id=\"wpv-view-layout-2581-CPID3370\" class=\"js-wpv-view-layout js-wpv-layout-responsive js-wpv-view-layout-2581-CPID3370\" data-viewnumber=\"2581-CPID3370\" data-pagination=\"{&quot;id&quot;:2581,&quot;query&quot;:&quot;normal&quot;,&quot;type&quot;:&quot;disabled&quot;,&quot;effect&quot;:&quot;fade&quot;,&quot;duration&quot;:500,&quot;speed&quot;:5,&quot;pause_on_hover&quot;:&quot;disabled&quot;,&quot;stop_rollover&quot;:&quot;false&quot;,&quot;cache_pages&quot;:&quot;enabled&quot;,&quot;preload_images&quot;:&quot;enabled&quot;,&quot;preload_pages&quot;:&quot;enabled&quot;,&quot;preload_reach&quot;:1,&quot;spinner&quot;:&quot;builtin&quot;,&quot;spinner_image&quot;:&quot;https:\/\/psi-matrix.eu\/wordpress\/wp-content\/plugins\/wp-views\/res\/img\/ajax-loader.gif&quot;,&quot;callback_next&quot;:&quot;&quot;,&quot;manage_history&quot;:&quot;disabled&quot;,&quot;has_controls_in_form&quot;:&quot;disabled&quot;,&quot;infinite_tolerance&quot;:&quot;0&quot;,&quot;max_pages&quot;:0,&quot;page&quot;:1,&quot;base_permalink&quot;:&quot;\/fr\/wp-json\/wp\/v2\/pages\/3370?wpv_view_count=2581-CPID3370&amp;wpv_paged=WPV_PAGE_NUM&quot;,&quot;loop&quot;:{&quot;type&quot;:&quot;&quot;,&quot;name&quot;:&quot;&quot;,&quot;data&quot;:[],&quot;id&quot;:0}}\" data-permalink=\"\/fr\/wp-json\/wp\/v2\/pages\/3370?wpv_view_count=2581-CPID3370\">\n\n\t\n\t\n\t<table width=\"100%\" class=\"wpv-loop js-wpv-loop\">\n\t\n\t\t\n\t\t<tr>\n\t\t\t<td>\n\t\t\t\t<div class=\"headline-in-tabs-doku\"><h6><a href=\"https:\/\/psi-matrix.eu\/fr\/documentation\/user-manual-pp-20x\/\">User Manual PP 20x<\/a><\/h6><\/div>\n\t\t\t<\/td>\n\t\t\n\t\t\n\t\t\t<td>\n\t\t\t\t<div class=\"headline-in-tabs-doku\"><h6><a href=\"https:\/\/psi-matrix.eu\/fr\/documentation\/assembly-instructions-printer-stand-pp-204\/\">Assembly Instructions Printer Stand PP 204<\/a><\/h6><\/div>\n\t\t\t<\/td>\n\t\t<\/tr>\n\t\t\n\t<\/table>\n\t\n\t\n\t\n<\/div>\n[\/vc_column_text][\/vc_tta_section][\/vc_tta_tabs][\/vc_column][\/vc_row][vc_row][vc_column]<div class=\"templatera_shortcode\"><div class=\"vc_row wpb_row vc_row-fluid dt-default\" style=\"margin-top: 0px;margin-bottom: 0px\"><div class=\"wpb_column vc_column_container vc_col-sm-12\"><div class=\"vc_column-inner\"><div class=\"wpb_wrapper\"><div class=\"vc_empty_space\"   style=\"height: 20px\"><span class=\"vc_empty_space_inner\"><\/span><\/div><div class=\"hr-thin style-dotted accent-border-color\" style=\"width: 100%;border-top-width: 1px;\"><\/div><div class=\"vc_empty_space\"   style=\"height: 20px\"><span class=\"vc_empty_space_inner\"><\/span><\/div><\/div><\/div><\/div><\/div><div class=\"vc_row wpb_row vc_row-fluid dt-default\" style=\"margin-top: 0px;margin-bottom: 0px\"><div class=\"wpb_column vc_column_container vc_col-sm-6\"><div class=\"vc_column-inner\"><div class=\"wpb_wrapper\">\n\t<div class=\"wpb_text_column wpb_content_element \" >\n\t\t<div class=\"wpb_wrapper\">\n\t\t\t<h4>Applications<\/h4>\n\n\t\t<\/div>\n\t<\/div>\n\n\t<div class=\"wpb_text_column wpb_content_element \" >\n\t\t<div class=\"wpb_wrapper\">\n\t\t\t\n\n\n<div id=\"wpv-view-layout-1086-CPID3692\" class=\"js-wpv-view-layout js-wpv-layout-responsive js-wpv-view-layout-1086-CPID3692\" data-viewnumber=\"1086-CPID3692\" data-pagination=\"{&quot;id&quot;:1086,&quot;query&quot;:&quot;normal&quot;,&quot;type&quot;:&quot;disabled&quot;,&quot;effect&quot;:&quot;fade&quot;,&quot;duration&quot;:500,&quot;speed&quot;:5,&quot;pause_on_hover&quot;:&quot;disabled&quot;,&quot;stop_rollover&quot;:&quot;false&quot;,&quot;cache_pages&quot;:&quot;enabled&quot;,&quot;preload_images&quot;:&quot;enabled&quot;,&quot;preload_pages&quot;:&quot;enabled&quot;,&quot;preload_reach&quot;:1,&quot;spinner&quot;:&quot;builtin&quot;,&quot;spinner_image&quot;:&quot;https:\/\/psi-matrix.eu\/wordpress\/wp-content\/plugins\/wp-views\/res\/img\/ajax-loader.gif&quot;,&quot;callback_next&quot;:&quot;&quot;,&quot;manage_history&quot;:&quot;disabled&quot;,&quot;has_controls_in_form&quot;:&quot;disabled&quot;,&quot;infinite_tolerance&quot;:&quot;0&quot;,&quot;max_pages&quot;:0,&quot;page&quot;:1,&quot;base_permalink&quot;:&quot;\/fr\/wp-json\/wp\/v2\/pages\/3370?wpv_view_count=1086-CPID3692&amp;wpv_paged=WPV_PAGE_NUM&quot;,&quot;loop&quot;:{&quot;type&quot;:&quot;&quot;,&quot;name&quot;:&quot;&quot;,&quot;data&quot;:[],&quot;id&quot;:0}}\" data-permalink=\"\/fr\/wp-json\/wp\/v2\/pages\/3370?wpv_view_count=1086-CPID3692\">\n\n\t\n\t\n\t\t<strong>No items found<\/strong>\n\t\n<\/div>\n\n\n\t\t<\/div>\n\t<\/div>\n<\/div><\/div><\/div><div class=\"wpb_column vc_column_container vc_col-sm-6\"><div class=\"vc_column-inner\"><div class=\"wpb_wrapper\">\n\t<div class=\"wpb_text_column wpb_content_element \" >\n\t\t<div class=\"wpb_wrapper\">\n\t\t\t<h4>Printable\u00a0Media<\/h4>\n\n\t\t<\/div>\n\t<\/div>\n\n\t<div class=\"wpb_text_column wpb_content_element \" >\n\t\t<div class=\"wpb_wrapper\">\n\t\t\t<form autocomplete=\"off\" name=\"wpv-filter-1134-CPID3692\" action=\"\/fr\/wp-json\/wp\/v2\/pages\/3370?wpv_view_count=1134-CPID3692\" method=\"get\" class=\"wpv-filter-form js-wpv-filter-form js-wpv-filter-form-1134-CPID3692 js-wpv-form-full\" data-viewnumber=\"1134-CPID3692\" data-viewid=\"1134\" data-viewhash=\"eyJuYW1lIjoiZHJ1Y2ttZWRpZW4ifQ==\" data-viewwidgetid=\"0\" data-orderby=\"\" data-order=\"\" data-orderbyas=\"\" data-orderbysecond=\"\" data-ordersecond=\"\" data-parametric=\"{&quot;query&quot;:&quot;normal&quot;,&quot;id&quot;:1134,&quot;view_id&quot;:1134,&quot;widget_id&quot;:0,&quot;view_hash&quot;:&quot;1134-CPID3692&quot;,&quot;action&quot;:&quot;\\\/fr\\\/wp-json\\\/wp\\\/v2\\\/pages\\\/3370?wpv_view_count=1134-CPID3692&quot;,&quot;sort&quot;:{&quot;orderby&quot;:&quot;&quot;,&quot;order&quot;:&quot;&quot;,&quot;orderby_as&quot;:&quot;&quot;,&quot;orderby_second&quot;:&quot;&quot;,&quot;order_second&quot;:&quot;&quot;},&quot;orderby&quot;:&quot;&quot;,&quot;order&quot;:&quot;&quot;,&quot;orderby_as&quot;:&quot;&quot;,&quot;orderby_second&quot;:&quot;&quot;,&quot;order_second&quot;:&quot;&quot;,&quot;ajax_form&quot;:&quot;&quot;,&quot;ajax_results&quot;:&quot;&quot;,&quot;effect&quot;:&quot;fade&quot;,&quot;prebefore&quot;:&quot;&quot;,&quot;before&quot;:&quot;&quot;,&quot;after&quot;:&quot;&quot;,&quot;attributes&quot;:[],&quot;environment&quot;:{&quot;current_post_id&quot;:3692,&quot;parent_post_id&quot;:3692,&quot;parent_term_id&quot;:0,&quot;parent_user_id&quot;:0,&quot;archive&quot;:{&quot;type&quot;:&quot;&quot;,&quot;name&quot;:&quot;&quot;,&quot;data&quot;:[]}},&quot;loop&quot;:{&quot;type&quot;:&quot;&quot;,&quot;name&quot;:&quot;&quot;,&quot;data&quot;:[],&quot;id&quot;:0}}\" data-attributes=\"[]\" data-environment=\"{&quot;current_post_id&quot;:3692,&quot;parent_post_id&quot;:3692,&quot;parent_term_id&quot;:0,&quot;parent_user_id&quot;:0,&quot;archive&quot;:{&quot;type&quot;:&quot;&quot;,&quot;name&quot;:&quot;&quot;,&quot;data&quot;:[]}}\"><input type=\"hidden\" class=\"js-wpv-dps-filter-data js-wpv-filter-data-for-this-form\" data-action=\"\/fr\/wp-json\/wp\/v2\/pages\/3370?wpv_view_count=1134-CPID3692\" data-page=\"1\" data-ajax=\"disable\" data-effect=\"fade\" data-maxpages=\"0\" data-ajaxprebefore=\"\" data-ajaxbefore=\"\" data-ajaxafter=\"\" \/><input class=\"wpv_view_count wpv_view_count-1134-CPID3692\" type=\"hidden\" name=\"wpv_view_count\" value=\"1134-CPID3692\" \/>\n\n<\/form>\n<div id=\"wpv-view-layout-1134-CPID3692\" class=\"js-wpv-view-layout js-wpv-layout-responsive js-wpv-view-layout-1134-CPID3692\" data-viewnumber=\"1134-CPID3692\" data-pagination=\"{&quot;id&quot;:1134,&quot;query&quot;:&quot;normal&quot;,&quot;type&quot;:&quot;disabled&quot;,&quot;effect&quot;:&quot;fade&quot;,&quot;duration&quot;:500,&quot;speed&quot;:5,&quot;pause_on_hover&quot;:&quot;disabled&quot;,&quot;stop_rollover&quot;:&quot;false&quot;,&quot;cache_pages&quot;:&quot;enabled&quot;,&quot;preload_images&quot;:&quot;enabled&quot;,&quot;preload_pages&quot;:&quot;enabled&quot;,&quot;preload_reach&quot;:1,&quot;spinner&quot;:&quot;builtin&quot;,&quot;spinner_image&quot;:&quot;https:\/\/psi-matrix.eu\/wordpress\/wp-content\/plugins\/wp-views\/res\/img\/ajax-loader.gif&quot;,&quot;callback_next&quot;:&quot;&quot;,&quot;manage_history&quot;:&quot;disabled&quot;,&quot;has_controls_in_form&quot;:&quot;disabled&quot;,&quot;infinite_tolerance&quot;:&quot;0&quot;,&quot;max_pages&quot;:0,&quot;page&quot;:1,&quot;base_permalink&quot;:&quot;\/fr\/wp-json\/wp\/v2\/pages\/3370?wpv_view_count=1134-CPID3692&amp;wpv_paged=WPV_PAGE_NUM&quot;,&quot;loop&quot;:{&quot;type&quot;:&quot;&quot;,&quot;name&quot;:&quot;&quot;,&quot;data&quot;:[],&quot;id&quot;:0}}\" data-permalink=\"\/fr\/wp-json\/wp\/v2\/pages\/3370?wpv_view_count=1134-CPID3692\">\n\n\t\n\t\n\t\t<strong>No items found<\/strong>\n\t\n<\/div>\n\n\t\t<\/div>\n\t<\/div>\n<\/div><\/div><\/div><\/div><div class=\"vc_row wpb_row vc_row-fluid dt-default\" style=\"margin-top: 0px;margin-bottom: 0px\"><div class=\"wpb_column vc_column_container vc_col-sm-12\"><div class=\"vc_column-inner\"><div class=\"wpb_wrapper\"><\/div><\/div><\/div><\/div><\/div>[\/vc_column][\/vc_row]<\/p>\n","protected":false},"excerpt":{"rendered":"<p>La nouvelle famille d\u2019imprimante matricielle PP20x permet aux entreprises d\u2019acc\u00e9der \u00e0 l&#8217;impression matricielle \u00e9conomique professionnelle \u00e0 grande vitesse.<\/p>\n","protected":false},"author":3,"featured_media":0,"parent":3437,"menu_order":0,"comment_status":"closed","ping_status":"closed","template":"","meta":[],"druckertyp":[334],"ahnlichedrucker":[],"serie":[355],"_links":{"self":[{"href":"https:\/\/psi-matrix.eu\/fr\/wp-json\/wp\/v2\/pages\/3370"}],"collection":[{"href":"https:\/\/psi-matrix.eu\/fr\/wp-json\/wp\/v2\/pages"}],"about":[{"href":"https:\/\/psi-matrix.eu\/fr\/wp-json\/wp\/v2\/types\/page"}],"author":[{"embeddable":true,"href":"https:\/\/psi-matrix.eu\/fr\/wp-json\/wp\/v2\/users\/3"}],"replies":[{"embeddable":true,"href":"https:\/\/psi-matrix.eu\/fr\/wp-json\/wp\/v2\/comments?post=3370"}],"version-history":[{"count":11,"href":"https:\/\/psi-matrix.eu\/fr\/wp-json\/wp\/v2\/pages\/3370\/revisions"}],"predecessor-version":[{"id":4022,"href":"https:\/\/psi-matrix.eu\/fr\/wp-json\/wp\/v2\/pages\/3370\/revisions\/4022"}],"up":[{"embeddable":true,"href":"https:\/\/psi-matrix.eu\/fr\/wp-json\/wp\/v2\/pages\/3437"}],"wp:attachment":[{"href":"https:\/\/psi-matrix.eu\/fr\/wp-json\/wp\/v2\/media?parent=3370"}],"wp:term":[{"taxonomy":"druckertyp","embeddable":true,"href":"https:\/\/psi-matrix.eu\/fr\/wp-json\/wp\/v2\/druckertyp?post=3370"},{"taxonomy":"ahnlichedrucker","embeddable":true,"href":"https:\/\/psi-matrix.eu\/fr\/wp-json\/wp\/v2\/ahnlichedrucker?post=3370"},{"taxonomy":"serie","embeddable":true,"href":"https:\/\/psi-matrix.eu\/fr\/wp-json\/wp\/v2\/serie?post=3370"}],"curies":[{"name":"wp","href":"https:\/\/api.w.org\/{rel}","templated":true}]}}