{"id":3369,"date":"2016-07-27T14:54:31","date_gmt":"2016-07-27T12:54:31","guid":{"rendered":"http:\/\/psi-matrix.eu\/fr\/pp205\/"},"modified":"2022-03-16T10:11:19","modified_gmt":"2022-03-16T08:11:19","slug":"pp205-fr","status":"publish","type":"page","link":"https:\/\/psi-matrix.eu\/fr\/products\/pp205-fr\/","title":{"rendered":"L\u2019imprimante matricielle PSi PP 205"},"content":{"rendered":"<p>[vc_row][vc_column width=&#8221;1\/2&#8243;][vc_empty_space height=&#8221;102px&#8221;][vc_single_image image=&#8221;4030&#8243; img_size=&#8221;full&#8221; uslignment=&#8221;center&#8221;][\/vc_column][vc_column width=&#8221;1\/2&#8243;]<div class=\"standard-arrow list-divider bullet-top\"><h3>&#8230;. Le pacte \u00e9conomique<\/h3>\n<p>Caract\u00e9ristiques\u00a0L\u2019imprimante matricielle PSi PP 205<\/p>\n<ul>\n<li>Imprimante 24 aiguilles \u00e0 haute performance<\/li>\n<li>Design compact et moderne<\/li>\n<li>Haute performance d\u2018impression\u00a0jusqu\u2018<br \/>\n\u00e0 537 cps (12 cpp) 360 pages\/heure<br \/>\n\u00e0 448 cps (10 cpp) 319 pages\/heure<\/li>\n<li>Alimentation en papier continu et en\u00a0feuilles d\u00e9tach\u00e9es<\/li>\n<li>Jusqu\u2018 \u00e0 5 exemplaires (1+4)<\/li>\n<li>Positionnement pr\u00e9cis de\u00a0l\u2018impression<\/li>\n<li>9 polices \u00e0 taille variable<\/li>\n<li>Impression parfaite des codes-barres<\/li>\n<\/ul>\n<p>Permet l\u2019essor \u00e9conomique de l\u2019impression matricielle professionnelle<\/p>\n<\/div>[vc_empty_space height=&#8221;20px&#8221;][\/vc_column][\/vc_row][vc_row][vc_column width=&#8221;1\/2&#8243;][vc_column_text]<\/p>\n<h3 style=\"text-align: justify;\">L\u2019imprimante matricielle PSi PP 205<\/h3>\n<p style=\"text-align: justify;\">L\u2019imprimante matricielle PSi PP 205 \u00e0 24 fils PSi PP 205 convainc avec des vitesses\u00a0d\u2018impression \u00e9lev\u00e9es allant jusqu\u2018\u00e0 400 cps. Gr\u00e2ce \u00e0 la t\u00eate\u00a0d\u2018impression longue dur\u00e9e (400 millions de traits par fil) et \u00e0 la cartouche\u00a0de ruban (5 millions de caract\u00e8res), les co\u00fbts d\u2018impression\u00a0sont extr\u00eamement faibles avec 0,25 Cent par page.<br \/>\nAvec jusqu\u2018\u00e0 5 copies de garantie pour une grande flexibilit\u00e9 et\u00a0de la qualit\u00e9 dans des applications exigeantes, comme le bureau,\u00a0l\u2018administration, la logistique et l\u2018industrie. Jusqu\u2018\u00e0 128 Ko d\u2018espace\u00a0m\u00e9moire sont disponibles pour stocker les donn\u00e9es et les polices.<\/p>\n<p>[\/vc_column_text][\/vc_column][vc_column width=&#8221;1\/2&#8243;][vc_tta_tabs][vc_tta_section title=&#8221;Fiche technique&#8221; tab_id=&#8221;Fiche-techniquePP205&#8243;][vc_column_text]\n\n\n<div id=\"wpv-view-layout-1010-CPID3369\" class=\"js-wpv-view-layout js-wpv-layout-responsive js-wpv-view-layout-1010-CPID3369\" data-viewnumber=\"1010-CPID3369\" data-pagination=\"{&quot;id&quot;:1010,&quot;query&quot;:&quot;normal&quot;,&quot;type&quot;:&quot;disabled&quot;,&quot;effect&quot;:&quot;fade&quot;,&quot;duration&quot;:500,&quot;speed&quot;:5,&quot;pause_on_hover&quot;:&quot;disabled&quot;,&quot;stop_rollover&quot;:&quot;false&quot;,&quot;cache_pages&quot;:&quot;enabled&quot;,&quot;preload_images&quot;:&quot;enabled&quot;,&quot;preload_pages&quot;:&quot;enabled&quot;,&quot;preload_reach&quot;:1,&quot;spinner&quot;:&quot;builtin&quot;,&quot;spinner_image&quot;:&quot;https:\/\/psi-matrix.eu\/wordpress\/wp-content\/plugins\/wp-views\/res\/img\/ajax-loader.gif&quot;,&quot;callback_next&quot;:&quot;&quot;,&quot;manage_history&quot;:&quot;disabled&quot;,&quot;has_controls_in_form&quot;:&quot;disabled&quot;,&quot;infinite_tolerance&quot;:&quot;0&quot;,&quot;max_pages&quot;:0,&quot;page&quot;:1,&quot;base_permalink&quot;:&quot;\/fr\/wp-json\/wp\/v2\/pages\/3369?wpv_view_count=1010-CPID3369&amp;wpv_paged=WPV_PAGE_NUM&quot;,&quot;loop&quot;:{&quot;type&quot;:&quot;&quot;,&quot;name&quot;:&quot;&quot;,&quot;data&quot;:[],&quot;id&quot;:0}}\" data-permalink=\"\/fr\/wp-json\/wp\/v2\/pages\/3369?wpv_view_count=1010-CPID3369\">\n\n\t\n\t\n\t<table width=\"100%\" class=\"wpv-loop js-wpv-loop\">\n\t\n\t\t\n\t\t<tr>\n\t\t\t<td>\n\t\t\t\t<h6><a href=\"https:\/\/psi-matrix.eu\/fr\/fiche-technique\/data-sheet-pp-205\/\">Fiche technique PP 205<\/a><\/h6>\n<a href=\"https:\/\/psi-matrix.eu\/fr\/fiche-technique\/data-sheet-pp-205\/\"><img width=\"252\" height=\"356\" src=\"https:\/\/psi-matrix.eu\/wordpress\/wp-content\/uploads\/2016\/07\/PP205_F_03_2022.jpg\" class=\"attachment-small size-small wp-post-image\" alt=\"\" loading=\"lazy\" srcset=\"https:\/\/psi-matrix.eu\/wordpress\/wp-content\/uploads\/2016\/07\/PP205_F_03_2022.jpg 252w, https:\/\/psi-matrix.eu\/wordpress\/wp-content\/uploads\/2016\/07\/PP205_F_03_2022-212x300.jpg 212w\" sizes=\"(max-width: 252px) 100vw, 252px\" \/><\/a>\n\t\t\t<\/td>\n\t\t\n\t\t\t<td><\/td>\n\t\t<\/tr>\n\t\n\t<\/table>\n\t\n\t\n\t\n<\/div>\n[\/vc_column_text][\/vc_tta_section][vc_tta_section title=&#8221;Consummables&#8221; tab_id=&#8221;ConsummablesPP205&#8243;][vc_column_text]\n\n\n<div id=\"wpv-view-layout-1014-CPID3369\" class=\"js-wpv-view-layout js-wpv-layout-responsive js-wpv-view-layout-1014-CPID3369\" data-viewnumber=\"1014-CPID3369\" data-pagination=\"{&quot;id&quot;:1014,&quot;query&quot;:&quot;normal&quot;,&quot;type&quot;:&quot;disabled&quot;,&quot;effect&quot;:&quot;fade&quot;,&quot;duration&quot;:500,&quot;speed&quot;:5,&quot;pause_on_hover&quot;:&quot;disabled&quot;,&quot;stop_rollover&quot;:&quot;false&quot;,&quot;cache_pages&quot;:&quot;enabled&quot;,&quot;preload_images&quot;:&quot;enabled&quot;,&quot;preload_pages&quot;:&quot;enabled&quot;,&quot;preload_reach&quot;:1,&quot;spinner&quot;:&quot;builtin&quot;,&quot;spinner_image&quot;:&quot;https:\/\/psi-matrix.eu\/wordpress\/wp-content\/plugins\/wp-views\/res\/img\/ajax-loader.gif&quot;,&quot;callback_next&quot;:&quot;&quot;,&quot;manage_history&quot;:&quot;disabled&quot;,&quot;has_controls_in_form&quot;:&quot;disabled&quot;,&quot;infinite_tolerance&quot;:&quot;0&quot;,&quot;max_pages&quot;:0,&quot;page&quot;:1,&quot;base_permalink&quot;:&quot;\/fr\/wp-json\/wp\/v2\/pages\/3369?wpv_view_count=1014-CPID3369&amp;wpv_paged=WPV_PAGE_NUM&quot;,&quot;loop&quot;:{&quot;type&quot;:&quot;&quot;,&quot;name&quot;:&quot;&quot;,&quot;data&quot;:[],&quot;id&quot;:0}}\" data-permalink=\"\/fr\/wp-json\/wp\/v2\/pages\/3369?wpv_view_count=1014-CPID3369\">\n\n\t\n\t\n\t<table width=\"100%\" class=\"wpv-loop js-wpv-loop\">\n\t\n\t\t\n\t\t<tr>\n\t\t\t<td>\n\t\t\t\t<h6><a href=\"https:\/\/psi-matrix.eu\/fr\/consommables\/ribbon-cassette-src99\/\">Ribbon Cassette S\/RC99<\/a><\/h6>\n<div class=\"image-in-tabs\"><a href=\"https:\/\/psi-matrix.eu\/fr\/consommables\/ribbon-cassette-src99\/\"><img width=\"400\" height=\"279\" src=\"https:\/\/psi-matrix.eu\/wordpress\/wp-content\/uploads\/2016\/04\/Ribbon_20x-kl.png\" class=\"attachment-full size-full listenbild wp-post-image\" alt=\"\" loading=\"lazy\" srcset=\"https:\/\/psi-matrix.eu\/wordpress\/wp-content\/uploads\/2016\/04\/Ribbon_20x-kl.png 400w, https:\/\/psi-matrix.eu\/wordpress\/wp-content\/uploads\/2016\/04\/Ribbon_20x-kl-300x209.png 300w\" sizes=\"(max-width: 400px) 100vw, 400px\" \/><\/a><\/div>\n\t\t\t<\/td>\n\t\t\n\t\t\t<td><\/td>\n\t\t<\/tr>\n\t\n\t<\/table>\n\t\n\t\n\t\n<\/div>[\/vc_column_text][\/vc_tta_section][vc_tta_section title=&#8221;Accessoires&#8221; tab_id=&#8221;AccessoiresPP205&#8243;][vc_column_text]\n\n\n<div id=\"wpv-view-layout-1016-CPID3369\" class=\"js-wpv-view-layout js-wpv-layout-responsive js-wpv-view-layout-1016-CPID3369\" data-viewnumber=\"1016-CPID3369\" data-pagination=\"{&quot;id&quot;:1016,&quot;query&quot;:&quot;normal&quot;,&quot;type&quot;:&quot;disabled&quot;,&quot;effect&quot;:&quot;fade&quot;,&quot;duration&quot;:500,&quot;speed&quot;:5,&quot;pause_on_hover&quot;:&quot;disabled&quot;,&quot;stop_rollover&quot;:&quot;false&quot;,&quot;cache_pages&quot;:&quot;enabled&quot;,&quot;preload_images&quot;:&quot;enabled&quot;,&quot;preload_pages&quot;:&quot;enabled&quot;,&quot;preload_reach&quot;:1,&quot;spinner&quot;:&quot;builtin&quot;,&quot;spinner_image&quot;:&quot;https:\/\/psi-matrix.eu\/wordpress\/wp-content\/plugins\/wp-views\/res\/img\/ajax-loader.gif&quot;,&quot;callback_next&quot;:&quot;&quot;,&quot;manage_history&quot;:&quot;disabled&quot;,&quot;has_controls_in_form&quot;:&quot;disabled&quot;,&quot;infinite_tolerance&quot;:&quot;0&quot;,&quot;max_pages&quot;:0,&quot;page&quot;:1,&quot;base_permalink&quot;:&quot;\/fr\/wp-json\/wp\/v2\/pages\/3369?wpv_view_count=1016-CPID3369&amp;wpv_paged=WPV_PAGE_NUM&quot;,&quot;loop&quot;:{&quot;type&quot;:&quot;&quot;,&quot;name&quot;:&quot;&quot;,&quot;data&quot;:[],&quot;id&quot;:0}}\" data-permalink=\"\/fr\/wp-json\/wp\/v2\/pages\/3369?wpv_view_count=1016-CPID3369\">\n\n\t\n\t\n\t\t<strong>No items found<\/strong>\n\t\n<\/div>\n[\/vc_column_text][\/vc_tta_section][vc_tta_section title=&#8221;Pilote d&#8217;imprimante&#8221; tab_id=&#8221;Pilote-d-imprimantePP205&#8243;][vc_column_text]<div id=\"wpv-view-layout-1012-CPID3369\" class=\"js-wpv-view-layout js-wpv-layout-responsive js-wpv-view-layout-1012-CPID3369\" data-viewnumber=\"1012-CPID3369\" data-pagination=\"{&quot;id&quot;:1012,&quot;query&quot;:&quot;normal&quot;,&quot;type&quot;:&quot;disabled&quot;,&quot;effect&quot;:&quot;fade&quot;,&quot;duration&quot;:&quot;500&quot;,&quot;speed&quot;:5,&quot;pause_on_hover&quot;:&quot;disabled&quot;,&quot;stop_rollover&quot;:&quot;false&quot;,&quot;cache_pages&quot;:&quot;enabled&quot;,&quot;preload_images&quot;:&quot;enabled&quot;,&quot;preload_pages&quot;:&quot;enabled&quot;,&quot;preload_reach&quot;:&quot;1&quot;,&quot;spinner&quot;:&quot;builtin&quot;,&quot;spinner_image&quot;:&quot;https:\/\/psi-matrix.eu\/wordpress\/wp-content\/plugins\/wp-views\/embedded\/res\/img\/ajax-loader.gif&quot;,&quot;callback_next&quot;:&quot;&quot;,&quot;manage_history&quot;:&quot;disabled&quot;,&quot;has_controls_in_form&quot;:&quot;disabled&quot;,&quot;infinite_tolerance&quot;:&quot;0&quot;,&quot;max_pages&quot;:0,&quot;page&quot;:1,&quot;base_permalink&quot;:&quot;\/fr\/wp-json\/wp\/v2\/pages\/3369?wpv_view_count=1012-CPID3369&amp;wpv_paged=WPV_PAGE_NUM&quot;,&quot;loop&quot;:{&quot;type&quot;:&quot;&quot;,&quot;name&quot;:&quot;&quot;,&quot;data&quot;:[],&quot;id&quot;:0}}\" data-permalink=\"\/fr\/wp-json\/wp\/v2\/pages\/3369?wpv_view_count=1012-CPID3369\">\n\n\t\n\t\n\t<table width=\"100%\" class=\"wpv-loop js-wpv-loop\">\n\t\n\t\t\n\t\t<tr>\n\t\t\t<td>\n\t\t\t\t<h6><a href=\"https:\/\/psi-matrix.eu\/fr\/pilote-d-imprimante\/driver-pp-205-win-3264-bit-german\/\">Pilote PP 205 Win (32\/64 Bit) sign\u00e9<\/a><\/h6>\n<div class=\"box-treiber\">Anglais, allemand<\/div>\n<br>\n<br>\n\t\t\t<\/td>\n\t\t\n\t\t\t<td><\/td>\n\t\t<\/tr>\n\t\n\t<\/table>\n\t\n\t\n\t\n<\/div>[\/vc_column_text][\/vc_tta_section][vc_tta_section title=&#8221;Connectivit\u00e9&#8221; tab_id=&#8221;Connectivit\u00e9PP205&#8243;][vc_column_text]\n\n\n<div id=\"wpv-view-layout-1008-CPID3369\" class=\"js-wpv-view-layout js-wpv-layout-responsive js-wpv-view-layout-1008-CPID3369\" data-viewnumber=\"1008-CPID3369\" data-pagination=\"{&quot;id&quot;:1008,&quot;query&quot;:&quot;normal&quot;,&quot;type&quot;:&quot;disabled&quot;,&quot;effect&quot;:&quot;fade&quot;,&quot;duration&quot;:500,&quot;speed&quot;:5,&quot;pause_on_hover&quot;:&quot;disabled&quot;,&quot;stop_rollover&quot;:&quot;false&quot;,&quot;cache_pages&quot;:&quot;enabled&quot;,&quot;preload_images&quot;:&quot;enabled&quot;,&quot;preload_pages&quot;:&quot;enabled&quot;,&quot;preload_reach&quot;:1,&quot;spinner&quot;:&quot;builtin&quot;,&quot;spinner_image&quot;:&quot;https:\/\/psi-matrix.eu\/wordpress\/wp-content\/plugins\/wp-views\/res\/img\/ajax-loader.gif&quot;,&quot;callback_next&quot;:&quot;&quot;,&quot;manage_history&quot;:&quot;disabled&quot;,&quot;has_controls_in_form&quot;:&quot;disabled&quot;,&quot;infinite_tolerance&quot;:&quot;0&quot;,&quot;max_pages&quot;:0,&quot;page&quot;:1,&quot;base_permalink&quot;:&quot;\/fr\/wp-json\/wp\/v2\/pages\/3369?wpv_view_count=1008-CPID3369&amp;wpv_paged=WPV_PAGE_NUM&quot;,&quot;loop&quot;:{&quot;type&quot;:&quot;&quot;,&quot;name&quot;:&quot;&quot;,&quot;data&quot;:[],&quot;id&quot;:0}}\" data-permalink=\"\/fr\/wp-json\/wp\/v2\/pages\/3369?wpv_view_count=1008-CPID3369\">\n\n\t\n\t\n\t\t<strong>No items found<\/strong>\n\t\n<\/div>\n[\/vc_column_text][\/vc_tta_section][vc_tta_section title=&#8221;Documentaires&#8221; tab_id=&#8221;DocumentairesPP205&#8243;][vc_column_text]\n\n\n<div id=\"wpv-view-layout-2581-CPID3369\" class=\"js-wpv-view-layout js-wpv-layout-responsive js-wpv-view-layout-2581-CPID3369\" data-viewnumber=\"2581-CPID3369\" data-pagination=\"{&quot;id&quot;:2581,&quot;query&quot;:&quot;normal&quot;,&quot;type&quot;:&quot;disabled&quot;,&quot;effect&quot;:&quot;fade&quot;,&quot;duration&quot;:500,&quot;speed&quot;:5,&quot;pause_on_hover&quot;:&quot;disabled&quot;,&quot;stop_rollover&quot;:&quot;false&quot;,&quot;cache_pages&quot;:&quot;enabled&quot;,&quot;preload_images&quot;:&quot;enabled&quot;,&quot;preload_pages&quot;:&quot;enabled&quot;,&quot;preload_reach&quot;:1,&quot;spinner&quot;:&quot;builtin&quot;,&quot;spinner_image&quot;:&quot;https:\/\/psi-matrix.eu\/wordpress\/wp-content\/plugins\/wp-views\/res\/img\/ajax-loader.gif&quot;,&quot;callback_next&quot;:&quot;&quot;,&quot;manage_history&quot;:&quot;disabled&quot;,&quot;has_controls_in_form&quot;:&quot;disabled&quot;,&quot;infinite_tolerance&quot;:&quot;0&quot;,&quot;max_pages&quot;:0,&quot;page&quot;:1,&quot;base_permalink&quot;:&quot;\/fr\/wp-json\/wp\/v2\/pages\/3369?wpv_view_count=2581-CPID3369&amp;wpv_paged=WPV_PAGE_NUM&quot;,&quot;loop&quot;:{&quot;type&quot;:&quot;&quot;,&quot;name&quot;:&quot;&quot;,&quot;data&quot;:[],&quot;id&quot;:0}}\" data-permalink=\"\/fr\/wp-json\/wp\/v2\/pages\/3369?wpv_view_count=2581-CPID3369\">\n\n\t\n\t\n\t<table width=\"100%\" class=\"wpv-loop js-wpv-loop\">\n\t\n\t\t\n\t\t<tr>\n\t\t\t<td>\n\t\t\t\t<div class=\"headline-in-tabs-doku\"><h6><a href=\"https:\/\/psi-matrix.eu\/fr\/documentation\/user-manual-pp-20x\/\">User Manual PP 20x<\/a><\/h6><\/div>\n\t\t\t<\/td>\n\t\t\n\t\t\t<td><\/td>\n\t\t<\/tr>\n\t\n\t<\/table>\n\t\n\t\n\t\n<\/div>\n[\/vc_column_text][\/vc_tta_section][\/vc_tta_tabs][\/vc_column][\/vc_row][vc_row][vc_column]<div class=\"templatera_shortcode\"><div class=\"vc_row wpb_row vc_row-fluid dt-default\" style=\"margin-top: 0px;margin-bottom: 0px\"><div class=\"wpb_column vc_column_container vc_col-sm-12\"><div class=\"vc_column-inner\"><div class=\"wpb_wrapper\"><div class=\"vc_empty_space\"   style=\"height: 20px\"><span class=\"vc_empty_space_inner\"><\/span><\/div><div class=\"hr-thin style-dotted accent-border-color\" style=\"width: 100%;border-top-width: 1px;\"><\/div><div class=\"vc_empty_space\"   style=\"height: 20px\"><span class=\"vc_empty_space_inner\"><\/span><\/div><\/div><\/div><\/div><\/div><div class=\"vc_row wpb_row vc_row-fluid dt-default\" style=\"margin-top: 0px;margin-bottom: 0px\"><div class=\"wpb_column vc_column_container vc_col-sm-6\"><div class=\"vc_column-inner\"><div class=\"wpb_wrapper\">\n\t<div class=\"wpb_text_column wpb_content_element \" >\n\t\t<div class=\"wpb_wrapper\">\n\t\t\t<h4>Applications<\/h4>\n\n\t\t<\/div>\n\t<\/div>\n\n\t<div class=\"wpb_text_column wpb_content_element \" >\n\t\t<div class=\"wpb_wrapper\">\n\t\t\t\n\n\n<div id=\"wpv-view-layout-1086-CPID3692\" class=\"js-wpv-view-layout js-wpv-layout-responsive js-wpv-view-layout-1086-CPID3692\" data-viewnumber=\"1086-CPID3692\" data-pagination=\"{&quot;id&quot;:1086,&quot;query&quot;:&quot;normal&quot;,&quot;type&quot;:&quot;disabled&quot;,&quot;effect&quot;:&quot;fade&quot;,&quot;duration&quot;:500,&quot;speed&quot;:5,&quot;pause_on_hover&quot;:&quot;disabled&quot;,&quot;stop_rollover&quot;:&quot;false&quot;,&quot;cache_pages&quot;:&quot;enabled&quot;,&quot;preload_images&quot;:&quot;enabled&quot;,&quot;preload_pages&quot;:&quot;enabled&quot;,&quot;preload_reach&quot;:1,&quot;spinner&quot;:&quot;builtin&quot;,&quot;spinner_image&quot;:&quot;https:\/\/psi-matrix.eu\/wordpress\/wp-content\/plugins\/wp-views\/res\/img\/ajax-loader.gif&quot;,&quot;callback_next&quot;:&quot;&quot;,&quot;manage_history&quot;:&quot;disabled&quot;,&quot;has_controls_in_form&quot;:&quot;disabled&quot;,&quot;infinite_tolerance&quot;:&quot;0&quot;,&quot;max_pages&quot;:0,&quot;page&quot;:1,&quot;base_permalink&quot;:&quot;\/fr\/wp-json\/wp\/v2\/pages\/3369?wpv_view_count=1086-CPID3692&amp;wpv_paged=WPV_PAGE_NUM&quot;,&quot;loop&quot;:{&quot;type&quot;:&quot;&quot;,&quot;name&quot;:&quot;&quot;,&quot;data&quot;:[],&quot;id&quot;:0}}\" data-permalink=\"\/fr\/wp-json\/wp\/v2\/pages\/3369?wpv_view_count=1086-CPID3692\">\n\n\t\n\t\n\t\t<strong>No items found<\/strong>\n\t\n<\/div>\n\n\n\t\t<\/div>\n\t<\/div>\n<\/div><\/div><\/div><div class=\"wpb_column vc_column_container vc_col-sm-6\"><div class=\"vc_column-inner\"><div class=\"wpb_wrapper\">\n\t<div class=\"wpb_text_column wpb_content_element \" >\n\t\t<div class=\"wpb_wrapper\">\n\t\t\t<h4>Printable\u00a0Media<\/h4>\n\n\t\t<\/div>\n\t<\/div>\n\n\t<div class=\"wpb_text_column wpb_content_element \" >\n\t\t<div class=\"wpb_wrapper\">\n\t\t\t<form autocomplete=\"off\" name=\"wpv-filter-1134-CPID3692\" action=\"\/fr\/wp-json\/wp\/v2\/pages\/3369?wpv_view_count=1134-CPID3692\" method=\"get\" class=\"wpv-filter-form js-wpv-filter-form js-wpv-filter-form-1134-CPID3692 js-wpv-form-full\" data-viewnumber=\"1134-CPID3692\" data-viewid=\"1134\" data-viewhash=\"eyJuYW1lIjoiZHJ1Y2ttZWRpZW4ifQ==\" data-viewwidgetid=\"0\" data-orderby=\"\" data-order=\"\" data-orderbyas=\"\" data-orderbysecond=\"\" data-ordersecond=\"\" data-parametric=\"{&quot;query&quot;:&quot;normal&quot;,&quot;id&quot;:1134,&quot;view_id&quot;:1134,&quot;widget_id&quot;:0,&quot;view_hash&quot;:&quot;1134-CPID3692&quot;,&quot;action&quot;:&quot;\\\/fr\\\/wp-json\\\/wp\\\/v2\\\/pages\\\/3369?wpv_view_count=1134-CPID3692&quot;,&quot;sort&quot;:{&quot;orderby&quot;:&quot;&quot;,&quot;order&quot;:&quot;&quot;,&quot;orderby_as&quot;:&quot;&quot;,&quot;orderby_second&quot;:&quot;&quot;,&quot;order_second&quot;:&quot;&quot;},&quot;orderby&quot;:&quot;&quot;,&quot;order&quot;:&quot;&quot;,&quot;orderby_as&quot;:&quot;&quot;,&quot;orderby_second&quot;:&quot;&quot;,&quot;order_second&quot;:&quot;&quot;,&quot;ajax_form&quot;:&quot;&quot;,&quot;ajax_results&quot;:&quot;&quot;,&quot;effect&quot;:&quot;fade&quot;,&quot;prebefore&quot;:&quot;&quot;,&quot;before&quot;:&quot;&quot;,&quot;after&quot;:&quot;&quot;,&quot;attributes&quot;:[],&quot;environment&quot;:{&quot;current_post_id&quot;:3692,&quot;parent_post_id&quot;:3692,&quot;parent_term_id&quot;:0,&quot;parent_user_id&quot;:0,&quot;archive&quot;:{&quot;type&quot;:&quot;&quot;,&quot;name&quot;:&quot;&quot;,&quot;data&quot;:[]}},&quot;loop&quot;:{&quot;type&quot;:&quot;&quot;,&quot;name&quot;:&quot;&quot;,&quot;data&quot;:[],&quot;id&quot;:0}}\" data-attributes=\"[]\" data-environment=\"{&quot;current_post_id&quot;:3692,&quot;parent_post_id&quot;:3692,&quot;parent_term_id&quot;:0,&quot;parent_user_id&quot;:0,&quot;archive&quot;:{&quot;type&quot;:&quot;&quot;,&quot;name&quot;:&quot;&quot;,&quot;data&quot;:[]}}\"><input type=\"hidden\" class=\"js-wpv-dps-filter-data js-wpv-filter-data-for-this-form\" data-action=\"\/fr\/wp-json\/wp\/v2\/pages\/3369?wpv_view_count=1134-CPID3692\" data-page=\"1\" data-ajax=\"disable\" data-effect=\"fade\" data-maxpages=\"0\" data-ajaxprebefore=\"\" data-ajaxbefore=\"\" data-ajaxafter=\"\" \/><input class=\"wpv_view_count wpv_view_count-1134-CPID3692\" type=\"hidden\" name=\"wpv_view_count\" value=\"1134-CPID3692\" \/>\n\n<\/form>\n<div id=\"wpv-view-layout-1134-CPID3692\" class=\"js-wpv-view-layout js-wpv-layout-responsive js-wpv-view-layout-1134-CPID3692\" data-viewnumber=\"1134-CPID3692\" data-pagination=\"{&quot;id&quot;:1134,&quot;query&quot;:&quot;normal&quot;,&quot;type&quot;:&quot;disabled&quot;,&quot;effect&quot;:&quot;fade&quot;,&quot;duration&quot;:500,&quot;speed&quot;:5,&quot;pause_on_hover&quot;:&quot;disabled&quot;,&quot;stop_rollover&quot;:&quot;false&quot;,&quot;cache_pages&quot;:&quot;enabled&quot;,&quot;preload_images&quot;:&quot;enabled&quot;,&quot;preload_pages&quot;:&quot;enabled&quot;,&quot;preload_reach&quot;:1,&quot;spinner&quot;:&quot;builtin&quot;,&quot;spinner_image&quot;:&quot;https:\/\/psi-matrix.eu\/wordpress\/wp-content\/plugins\/wp-views\/res\/img\/ajax-loader.gif&quot;,&quot;callback_next&quot;:&quot;&quot;,&quot;manage_history&quot;:&quot;disabled&quot;,&quot;has_controls_in_form&quot;:&quot;disabled&quot;,&quot;infinite_tolerance&quot;:&quot;0&quot;,&quot;max_pages&quot;:0,&quot;page&quot;:1,&quot;base_permalink&quot;:&quot;\/fr\/wp-json\/wp\/v2\/pages\/3369?wpv_view_count=1134-CPID3692&amp;wpv_paged=WPV_PAGE_NUM&quot;,&quot;loop&quot;:{&quot;type&quot;:&quot;&quot;,&quot;name&quot;:&quot;&quot;,&quot;data&quot;:[],&quot;id&quot;:0}}\" data-permalink=\"\/fr\/wp-json\/wp\/v2\/pages\/3369?wpv_view_count=1134-CPID3692\">\n\n\t\n\t\n\t\t<strong>No items found<\/strong>\n\t\n<\/div>\n\n\t\t<\/div>\n\t<\/div>\n<\/div><\/div><\/div><\/div><div class=\"vc_row wpb_row vc_row-fluid dt-default\" style=\"margin-top: 0px;margin-bottom: 0px\"><div class=\"wpb_column vc_column_container vc_col-sm-12\"><div class=\"vc_column-inner\"><div class=\"wpb_wrapper\"><\/div><\/div><\/div><\/div><\/div>[\/vc_column][\/vc_row]<\/p>\n","protected":false},"excerpt":{"rendered":"<p>L\u2018imprimante matricielle compacte et \u00e9conomique pour la logistique, l\u2018industrie et le bureau.<br \/>\nCompar\u00e9e \u00e0 la PSi PP 204, l&#8217;imprimante matricielle PSi PP 205 offre une largeur d&#8217;impression plus importante et propose quelques options suppl\u00e9mentaires pour diff\u00e9rentes applications comme par exemple dans la logistique.<\/p>\n","protected":false},"author":3,"featured_media":4030,"parent":3437,"menu_order":0,"comment_status":"closed","ping_status":"closed","template":"","meta":[],"druckertyp":[336],"ahnlichedrucker":[],"serie":[355],"_links":{"self":[{"href":"https:\/\/psi-matrix.eu\/fr\/wp-json\/wp\/v2\/pages\/3369"}],"collection":[{"href":"https:\/\/psi-matrix.eu\/fr\/wp-json\/wp\/v2\/pages"}],"about":[{"href":"https:\/\/psi-matrix.eu\/fr\/wp-json\/wp\/v2\/types\/page"}],"author":[{"embeddable":true,"href":"https:\/\/psi-matrix.eu\/fr\/wp-json\/wp\/v2\/users\/3"}],"replies":[{"embeddable":true,"href":"https:\/\/psi-matrix.eu\/fr\/wp-json\/wp\/v2\/comments?post=3369"}],"version-history":[{"count":10,"href":"https:\/\/psi-matrix.eu\/fr\/wp-json\/wp\/v2\/pages\/3369\/revisions"}],"predecessor-version":[{"id":4032,"href":"https:\/\/psi-matrix.eu\/fr\/wp-json\/wp\/v2\/pages\/3369\/revisions\/4032"}],"up":[{"embeddable":true,"href":"https:\/\/psi-matrix.eu\/fr\/wp-json\/wp\/v2\/pages\/3437"}],"wp:featuredmedia":[{"embeddable":true,"href":"https:\/\/psi-matrix.eu\/fr\/wp-json\/wp\/v2\/media\/4030"}],"wp:attachment":[{"href":"https:\/\/psi-matrix.eu\/fr\/wp-json\/wp\/v2\/media?parent=3369"}],"wp:term":[{"taxonomy":"druckertyp","embeddable":true,"href":"https:\/\/psi-matrix.eu\/fr\/wp-json\/wp\/v2\/druckertyp?post=3369"},{"taxonomy":"ahnlichedrucker","embeddable":true,"href":"https:\/\/psi-matrix.eu\/fr\/wp-json\/wp\/v2\/ahnlichedrucker?post=3369"},{"taxonomy":"serie","embeddable":true,"href":"https:\/\/psi-matrix.eu\/fr\/wp-json\/wp\/v2\/serie?post=3369"}],"curies":[{"name":"wp","href":"https:\/\/api.w.org\/{rel}","templated":true}]}}