{"id":3359,"date":"2016-07-27T16:46:18","date_gmt":"2016-07-27T14:46:18","guid":{"rendered":"http:\/\/psi-matrix.eu\/fr\/pr9\/"},"modified":"2022-03-16T10:21:53","modified_gmt":"2022-03-16T08:21:53","slug":"pr9-fr","status":"publish","type":"page","link":"https:\/\/psi-matrix.eu\/fr\/products\/pr9-fr\/","title":{"rendered":"L\u2019imprimante matricielle PSi PR9"},"content":{"rendered":"<p>[vc_row][vc_column width=&#8221;1\/2&#8243;][vc_empty_space height=&#8221;100px&#8221;][vc_single_image image=&#8221;4048&#8243; img_size=&#8221;full&#8221; uslignment=&#8221;center&#8221;][\/vc_column][vc_column width=&#8221;1\/2&#8243;]<div class=\"standard-arrow list-divider bullet-top\"><h3>\u2026.\u00a0La flexibilit\u00e9<\/h3>\n<p>Caract\u00e9ristiques\u00a0\u00a0L\u2019imprimante matricielle PSi PR9:<\/p>\n<ul>\n<li>Imprimante\u00a0 matricielle \u00e0 plat 24 aiguilles.<\/li>\n<li>Design compact et moderne<\/li>\n<li>Jusqu\u00e0 570cps (10 cpi)<\/li>\n<li>Interface conviviale<\/li>\n<li>Faible co\u00fbt de possession<\/li>\n<li>T\u00eate d&#8217;impression \u00e0 longue dur\u00e9e de vie.<\/li>\n<li>Ajustement automatique de d&#8217;\u00e9cart t\u00eate (AGC) pour une qualit\u00e9 d&#8217;impression optimale<\/li>\n<li>D\u00e9tecteur de document et alignement automatique sur le bord gauche<\/li>\n<li>Interfaces S\u00e9rie (RS-232), Parall\u00e8le et USB 2.0<\/li>\n<li>Enti\u00e8rement compatible avec les nouvelles normes internationales dans les applications financi\u00e8res<\/li>\n<\/ul>\n<\/div>[vc_empty_space height=&#8221;20px&#8221;]<div class=\"standard-arrow list-divider bullet-top\"><p>Emulations disponibles:<\/p>\n<ul>\n<li>\n<h5>Olivetti:PR40, PR50, PR2, PR2E<\/h5>\n<\/li>\n<li>\n<h5>IBM: PPDS, PPII, PP X24, 9068<\/h5>\n<\/li>\n<li>\n<h5>EPSON: LQ 1600K, LQ670K<\/h5>\n<\/li>\n<li>\n<h5>OKI:5330SC,5530SC<\/h5>\n<\/li>\n<\/ul>\n<\/div>[vc_empty_space height=&#8221;20px&#8221;]<div class=\"standard-arrow list-divider bullet-top\"><p>Interfaces:<\/p>\n<ul>\n<li>\n<h5>Standard: SER \/ PAR \/ USB 2.0<\/h5>\n<\/li>\n<li>\n<h5>En option: deuxi\u00e8me interface s\u00e9rie<\/h5>\n<\/li>\n<\/ul>\n<\/div>[vc_empty_space height=&#8221;20px&#8221;][\/vc_column][\/vc_row][vc_row][vc_column width=&#8221;1\/2&#8243;][vc_column_text]<\/p>\n<h3>L\u2019imprimante matricielle PSi PR9<\/h3>\n<p style=\"text-align: justify;\">La PR 9 est une imprimante transactionnelle\u00a0 pour le secteur bancaire, l&#8217;administration publique, et les applications industrielles.<\/p>\n<p style=\"text-align: justify;\">Les derni\u00e8res technologies comme la d\u00e9tection automatique de documents et l&#8217;alignement permettent une impression rapide et fiable des documents divers comme des livrets, des billets de passage, les prescriptions, et le papier multi exemplaire jusqu&#8217;\u00e0 7 copies.<\/p>\n<p style=\"text-align: justify;\">En option, le papier continu peut \u00e9galement \u00eatre utilis\u00e9.<\/p>\n<p style=\"text-align: justify;\">Une t\u00eate d&#8217;impression durable li\u00e9e \u00e0 des consommables longues dur\u00e9es de vie ainsi qu&#8217;une interface op\u00e9rative conviviale permet de maintenir un co\u00fbt total de fonctionnement extr\u00eamement bas.<\/p>\n<p>[\/vc_column_text][\/vc_column][vc_column width=&#8221;1\/2&#8243;][vc_tta_tabs][vc_tta_section title=&#8221;Fiche technique&#8221; tab_id=&#8221;Fiche-techniquePP204&#8243;][vc_column_text]\n\n\n<div id=\"wpv-view-layout-1010-CPID3359\" class=\"js-wpv-view-layout js-wpv-layout-responsive js-wpv-view-layout-1010-CPID3359\" data-viewnumber=\"1010-CPID3359\" data-pagination=\"{&quot;id&quot;:1010,&quot;query&quot;:&quot;normal&quot;,&quot;type&quot;:&quot;disabled&quot;,&quot;effect&quot;:&quot;fade&quot;,&quot;duration&quot;:500,&quot;speed&quot;:5,&quot;pause_on_hover&quot;:&quot;disabled&quot;,&quot;stop_rollover&quot;:&quot;false&quot;,&quot;cache_pages&quot;:&quot;enabled&quot;,&quot;preload_images&quot;:&quot;enabled&quot;,&quot;preload_pages&quot;:&quot;enabled&quot;,&quot;preload_reach&quot;:1,&quot;spinner&quot;:&quot;builtin&quot;,&quot;spinner_image&quot;:&quot;https:\/\/psi-matrix.eu\/wordpress\/wp-content\/plugins\/wp-views\/res\/img\/ajax-loader.gif&quot;,&quot;callback_next&quot;:&quot;&quot;,&quot;manage_history&quot;:&quot;disabled&quot;,&quot;has_controls_in_form&quot;:&quot;disabled&quot;,&quot;infinite_tolerance&quot;:&quot;0&quot;,&quot;max_pages&quot;:0,&quot;page&quot;:1,&quot;base_permalink&quot;:&quot;\/fr\/wp-json\/wp\/v2\/pages\/3359?wpv_view_count=1010-CPID3359&amp;wpv_paged=WPV_PAGE_NUM&quot;,&quot;loop&quot;:{&quot;type&quot;:&quot;&quot;,&quot;name&quot;:&quot;&quot;,&quot;data&quot;:[],&quot;id&quot;:0}}\" data-permalink=\"\/fr\/wp-json\/wp\/v2\/pages\/3359?wpv_view_count=1010-CPID3359\">\n\n\t\n\t\n\t<table width=\"100%\" class=\"wpv-loop js-wpv-loop\">\n\t\n\t\t\n\t\t<tr>\n\t\t\t<td>\n\t\t\t\t<h6><a href=\"https:\/\/psi-matrix.eu\/fr\/fiche-technique\/datenblatt-pr-9\/\">Fiche technique PR9<\/a><\/h6>\n<a href=\"https:\/\/psi-matrix.eu\/fr\/fiche-technique\/datenblatt-pr-9\/\"><img width=\"252\" height=\"356\" src=\"https:\/\/psi-matrix.eu\/wordpress\/wp-content\/uploads\/2016\/07\/PR9_F_03_2022.jpg\" class=\"attachment-small size-small wp-post-image\" alt=\"\" loading=\"lazy\" srcset=\"https:\/\/psi-matrix.eu\/wordpress\/wp-content\/uploads\/2016\/07\/PR9_F_03_2022.jpg 252w, https:\/\/psi-matrix.eu\/wordpress\/wp-content\/uploads\/2016\/07\/PR9_F_03_2022-212x300.jpg 212w\" sizes=\"(max-width: 252px) 100vw, 252px\" \/><\/a>\n\t\t\t<\/td>\n\t\t\n\t\t\t<td><\/td>\n\t\t<\/tr>\n\t\n\t<\/table>\n\t\n\t\n\t\n<\/div>\n[\/vc_column_text][\/vc_tta_section][vc_tta_section title=&#8221;Consummables&#8221; tab_id=&#8221;ConsummablesPP204&#8243;][vc_column_text]\n\n\n<div id=\"wpv-view-layout-1014-CPID3359\" class=\"js-wpv-view-layout js-wpv-layout-responsive js-wpv-view-layout-1014-CPID3359\" data-viewnumber=\"1014-CPID3359\" data-pagination=\"{&quot;id&quot;:1014,&quot;query&quot;:&quot;normal&quot;,&quot;type&quot;:&quot;disabled&quot;,&quot;effect&quot;:&quot;fade&quot;,&quot;duration&quot;:500,&quot;speed&quot;:5,&quot;pause_on_hover&quot;:&quot;disabled&quot;,&quot;stop_rollover&quot;:&quot;false&quot;,&quot;cache_pages&quot;:&quot;enabled&quot;,&quot;preload_images&quot;:&quot;enabled&quot;,&quot;preload_pages&quot;:&quot;enabled&quot;,&quot;preload_reach&quot;:1,&quot;spinner&quot;:&quot;builtin&quot;,&quot;spinner_image&quot;:&quot;https:\/\/psi-matrix.eu\/wordpress\/wp-content\/plugins\/wp-views\/res\/img\/ajax-loader.gif&quot;,&quot;callback_next&quot;:&quot;&quot;,&quot;manage_history&quot;:&quot;disabled&quot;,&quot;has_controls_in_form&quot;:&quot;disabled&quot;,&quot;infinite_tolerance&quot;:&quot;0&quot;,&quot;max_pages&quot;:0,&quot;page&quot;:1,&quot;base_permalink&quot;:&quot;\/fr\/wp-json\/wp\/v2\/pages\/3359?wpv_view_count=1014-CPID3359&amp;wpv_paged=WPV_PAGE_NUM&quot;,&quot;loop&quot;:{&quot;type&quot;:&quot;&quot;,&quot;name&quot;:&quot;&quot;,&quot;data&quot;:[],&quot;id&quot;:0}}\" data-permalink=\"\/fr\/wp-json\/wp\/v2\/pages\/3359?wpv_view_count=1014-CPID3359\">\n\n\t\n\t\n\t<table width=\"100%\" class=\"wpv-loop js-wpv-loop\">\n\t\n\t\t\n\t\t<tr>\n\t\t\t<td>\n\t\t\t\t<h6><a href=\"https:\/\/psi-matrix.eu\/fr\/consommables\/ribbon-cassette-src09\/\">Ribbon Cassette S\/RC09<\/a><\/h6>\n<div class=\"image-in-tabs\"><a href=\"https:\/\/psi-matrix.eu\/fr\/consommables\/ribbon-cassette-src09\/\"><img width=\"400\" height=\"279\" src=\"https:\/\/psi-matrix.eu\/wordpress\/wp-content\/uploads\/2016\/04\/Ribbon_PR9-kl.png\" class=\"attachment-full size-full listenbild wp-post-image\" alt=\"Ribbon_PR9-kl\" loading=\"lazy\" srcset=\"https:\/\/psi-matrix.eu\/wordpress\/wp-content\/uploads\/2016\/04\/Ribbon_PR9-kl.png 400w, https:\/\/psi-matrix.eu\/wordpress\/wp-content\/uploads\/2016\/04\/Ribbon_PR9-kl-300x209.png 300w\" sizes=\"(max-width: 400px) 100vw, 400px\" \/><\/a><\/div>\n\t\t\t<\/td>\n\t\t\n\t\t\t<td><\/td>\n\t\t<\/tr>\n\t\n\t<\/table>\n\t\n\t\n\t\n<\/div>[\/vc_column_text][\/vc_tta_section][vc_tta_section title=&#8221;Accessoires&#8221; tab_id=&#8221;AccessoiresPP204&#8243;][vc_column_text]\n\n\n<div id=\"wpv-view-layout-1016-CPID3359\" class=\"js-wpv-view-layout js-wpv-layout-responsive js-wpv-view-layout-1016-CPID3359\" data-viewnumber=\"1016-CPID3359\" data-pagination=\"{&quot;id&quot;:1016,&quot;query&quot;:&quot;normal&quot;,&quot;type&quot;:&quot;disabled&quot;,&quot;effect&quot;:&quot;fade&quot;,&quot;duration&quot;:500,&quot;speed&quot;:5,&quot;pause_on_hover&quot;:&quot;disabled&quot;,&quot;stop_rollover&quot;:&quot;false&quot;,&quot;cache_pages&quot;:&quot;enabled&quot;,&quot;preload_images&quot;:&quot;enabled&quot;,&quot;preload_pages&quot;:&quot;enabled&quot;,&quot;preload_reach&quot;:1,&quot;spinner&quot;:&quot;builtin&quot;,&quot;spinner_image&quot;:&quot;https:\/\/psi-matrix.eu\/wordpress\/wp-content\/plugins\/wp-views\/res\/img\/ajax-loader.gif&quot;,&quot;callback_next&quot;:&quot;&quot;,&quot;manage_history&quot;:&quot;disabled&quot;,&quot;has_controls_in_form&quot;:&quot;disabled&quot;,&quot;infinite_tolerance&quot;:&quot;0&quot;,&quot;max_pages&quot;:0,&quot;page&quot;:1,&quot;base_permalink&quot;:&quot;\/fr\/wp-json\/wp\/v2\/pages\/3359?wpv_view_count=1016-CPID3359&amp;wpv_paged=WPV_PAGE_NUM&quot;,&quot;loop&quot;:{&quot;type&quot;:&quot;&quot;,&quot;name&quot;:&quot;&quot;,&quot;data&quot;:[],&quot;id&quot;:0}}\" data-permalink=\"\/fr\/wp-json\/wp\/v2\/pages\/3359?wpv_view_count=1016-CPID3359\">\n\n\t\n\t\n\t\t<strong>No items found<\/strong>\n\t\n<\/div>\n[\/vc_column_text][\/vc_tta_section][vc_tta_section title=&#8221;Pilote d&#8217;imprimante&#8221; tab_id=&#8221;Pilote-d-imprimantePP204&#8243;][vc_column_text]<div id=\"wpv-view-layout-1012-CPID3359\" class=\"js-wpv-view-layout js-wpv-layout-responsive js-wpv-view-layout-1012-CPID3359\" data-viewnumber=\"1012-CPID3359\" data-pagination=\"{&quot;id&quot;:1012,&quot;query&quot;:&quot;normal&quot;,&quot;type&quot;:&quot;disabled&quot;,&quot;effect&quot;:&quot;fade&quot;,&quot;duration&quot;:&quot;500&quot;,&quot;speed&quot;:5,&quot;pause_on_hover&quot;:&quot;disabled&quot;,&quot;stop_rollover&quot;:&quot;false&quot;,&quot;cache_pages&quot;:&quot;enabled&quot;,&quot;preload_images&quot;:&quot;enabled&quot;,&quot;preload_pages&quot;:&quot;enabled&quot;,&quot;preload_reach&quot;:&quot;1&quot;,&quot;spinner&quot;:&quot;builtin&quot;,&quot;spinner_image&quot;:&quot;https:\/\/psi-matrix.eu\/wordpress\/wp-content\/plugins\/wp-views\/embedded\/res\/img\/ajax-loader.gif&quot;,&quot;callback_next&quot;:&quot;&quot;,&quot;manage_history&quot;:&quot;disabled&quot;,&quot;has_controls_in_form&quot;:&quot;disabled&quot;,&quot;infinite_tolerance&quot;:&quot;0&quot;,&quot;max_pages&quot;:0,&quot;page&quot;:1,&quot;base_permalink&quot;:&quot;\/fr\/wp-json\/wp\/v2\/pages\/3359?wpv_view_count=1012-CPID3359&amp;wpv_paged=WPV_PAGE_NUM&quot;,&quot;loop&quot;:{&quot;type&quot;:&quot;&quot;,&quot;name&quot;:&quot;&quot;,&quot;data&quot;:[],&quot;id&quot;:0}}\" data-permalink=\"\/fr\/wp-json\/wp\/v2\/pages\/3359?wpv_view_count=1012-CPID3359\">\n\n\t\n\t\n\t<table width=\"100%\" class=\"wpv-loop js-wpv-loop\">\n\t\n\t\t\n\t\t<tr>\n\t\t\t<td>\n\t\t\t\t<h6><a href=\"https:\/\/psi-matrix.eu\/fr\/pilote-d-imprimante\/pr-9-driver-win-3264-bit-english\/\">Pilote PR 9 Win (32\/64 Bit) anglais sign\u00e9<\/a><\/h6>\n<div class=\"box-treiber\">Anglais<\/div>\n<br>\n<br>\n\t\t\t<\/td>\n\t\t\n\t\t\n\t\t\t<td>\n\t\t\t\t<h6><a href=\"https:\/\/psi-matrix.eu\/fr\/pilote-d-imprimante\/treiber-pr-9-win-3264-bit-german-signed\/\">Pilote PR 9 Win (32\/64 Bit) allemand sign\u00e9<\/a><\/h6>\n<div class=\"box-treiber\">allemand<\/div>\n<br>\n<br>\n\t\t\t<\/td>\n\t\t<\/tr>\n\t\t\n\t<\/table>\n\t\n\t\n\t\n<\/div>[\/vc_column_text][\/vc_tta_section][vc_tta_section title=&#8221;Connectivit\u00e9&#8221; tab_id=&#8221;Connectivit\u00e9PP204&#8243;][vc_column_text]\n\n\n<div id=\"wpv-view-layout-1008-CPID3359\" class=\"js-wpv-view-layout js-wpv-layout-responsive js-wpv-view-layout-1008-CPID3359\" data-viewnumber=\"1008-CPID3359\" data-pagination=\"{&quot;id&quot;:1008,&quot;query&quot;:&quot;normal&quot;,&quot;type&quot;:&quot;disabled&quot;,&quot;effect&quot;:&quot;fade&quot;,&quot;duration&quot;:500,&quot;speed&quot;:5,&quot;pause_on_hover&quot;:&quot;disabled&quot;,&quot;stop_rollover&quot;:&quot;false&quot;,&quot;cache_pages&quot;:&quot;enabled&quot;,&quot;preload_images&quot;:&quot;enabled&quot;,&quot;preload_pages&quot;:&quot;enabled&quot;,&quot;preload_reach&quot;:1,&quot;spinner&quot;:&quot;builtin&quot;,&quot;spinner_image&quot;:&quot;https:\/\/psi-matrix.eu\/wordpress\/wp-content\/plugins\/wp-views\/res\/img\/ajax-loader.gif&quot;,&quot;callback_next&quot;:&quot;&quot;,&quot;manage_history&quot;:&quot;disabled&quot;,&quot;has_controls_in_form&quot;:&quot;disabled&quot;,&quot;infinite_tolerance&quot;:&quot;0&quot;,&quot;max_pages&quot;:0,&quot;page&quot;:1,&quot;base_permalink&quot;:&quot;\/fr\/wp-json\/wp\/v2\/pages\/3359?wpv_view_count=1008-CPID3359&amp;wpv_paged=WPV_PAGE_NUM&quot;,&quot;loop&quot;:{&quot;type&quot;:&quot;&quot;,&quot;name&quot;:&quot;&quot;,&quot;data&quot;:[],&quot;id&quot;:0}}\" data-permalink=\"\/fr\/wp-json\/wp\/v2\/pages\/3359?wpv_view_count=1008-CPID3359\">\n\n\t\n\t\n\t\t<strong>No items found<\/strong>\n\t\n<\/div>\n[\/vc_column_text][\/vc_tta_section][vc_tta_section title=&#8221;Documentaires&#8221; tab_id=&#8221;Documentaires PR9&#8243;][vc_column_text]\n\n\n<div id=\"wpv-view-layout-2581-CPID3359\" class=\"js-wpv-view-layout js-wpv-layout-responsive js-wpv-view-layout-2581-CPID3359\" data-viewnumber=\"2581-CPID3359\" data-pagination=\"{&quot;id&quot;:2581,&quot;query&quot;:&quot;normal&quot;,&quot;type&quot;:&quot;disabled&quot;,&quot;effect&quot;:&quot;fade&quot;,&quot;duration&quot;:500,&quot;speed&quot;:5,&quot;pause_on_hover&quot;:&quot;disabled&quot;,&quot;stop_rollover&quot;:&quot;false&quot;,&quot;cache_pages&quot;:&quot;enabled&quot;,&quot;preload_images&quot;:&quot;enabled&quot;,&quot;preload_pages&quot;:&quot;enabled&quot;,&quot;preload_reach&quot;:1,&quot;spinner&quot;:&quot;builtin&quot;,&quot;spinner_image&quot;:&quot;https:\/\/psi-matrix.eu\/wordpress\/wp-content\/plugins\/wp-views\/res\/img\/ajax-loader.gif&quot;,&quot;callback_next&quot;:&quot;&quot;,&quot;manage_history&quot;:&quot;disabled&quot;,&quot;has_controls_in_form&quot;:&quot;disabled&quot;,&quot;infinite_tolerance&quot;:&quot;0&quot;,&quot;max_pages&quot;:0,&quot;page&quot;:1,&quot;base_permalink&quot;:&quot;\/fr\/wp-json\/wp\/v2\/pages\/3359?wpv_view_count=2581-CPID3359&amp;wpv_paged=WPV_PAGE_NUM&quot;,&quot;loop&quot;:{&quot;type&quot;:&quot;&quot;,&quot;name&quot;:&quot;&quot;,&quot;data&quot;:[],&quot;id&quot;:0}}\" data-permalink=\"\/fr\/wp-json\/wp\/v2\/pages\/3359?wpv_view_count=2581-CPID3359\">\n\n\t\n\t\n\t<table width=\"100%\" class=\"wpv-loop js-wpv-loop\">\n\t\n\t\t\n\t\t<tr>\n\t\t\t<td>\n\t\t\t\t<div class=\"headline-in-tabs-doku\"><h6><a href=\"https:\/\/psi-matrix.eu\/fr\/documentation\/manuel-dutilisation-pr9\/\">Manuel d&#8217;utilisation PR9 (version anglaise seulement)<\/a><\/h6><\/div>\n\t\t\t<\/td>\n\t\t\n\t\t\t<td><\/td>\n\t\t<\/tr>\n\t\n\t<\/table>\n\t\n\t\n\t\n<\/div>\n[\/vc_column_text][\/vc_tta_section][\/vc_tta_tabs][\/vc_column][\/vc_row][vc_row][vc_column]<div class=\"templatera_shortcode\"><div class=\"vc_row wpb_row vc_row-fluid dt-default\" style=\"margin-top: 0px;margin-bottom: 0px\"><div class=\"wpb_column vc_column_container vc_col-sm-12\"><div class=\"vc_column-inner\"><div class=\"wpb_wrapper\"><div class=\"vc_empty_space\"   style=\"height: 20px\"><span class=\"vc_empty_space_inner\"><\/span><\/div><div class=\"hr-thin style-dotted accent-border-color\" style=\"width: 100%;border-top-width: 1px;\"><\/div><div class=\"vc_empty_space\"   style=\"height: 20px\"><span class=\"vc_empty_space_inner\"><\/span><\/div><\/div><\/div><\/div><\/div><div class=\"vc_row wpb_row vc_row-fluid dt-default\" style=\"margin-top: 0px;margin-bottom: 0px\"><div class=\"wpb_column vc_column_container vc_col-sm-6\"><div class=\"vc_column-inner\"><div class=\"wpb_wrapper\">\n\t<div class=\"wpb_text_column wpb_content_element \" >\n\t\t<div class=\"wpb_wrapper\">\n\t\t\t<h4>Applications<\/h4>\n\n\t\t<\/div>\n\t<\/div>\n\n\t<div class=\"wpb_text_column wpb_content_element \" >\n\t\t<div class=\"wpb_wrapper\">\n\t\t\t\n\n\n<div id=\"wpv-view-layout-1086-CPID3692\" class=\"js-wpv-view-layout js-wpv-layout-responsive js-wpv-view-layout-1086-CPID3692\" data-viewnumber=\"1086-CPID3692\" data-pagination=\"{&quot;id&quot;:1086,&quot;query&quot;:&quot;normal&quot;,&quot;type&quot;:&quot;disabled&quot;,&quot;effect&quot;:&quot;fade&quot;,&quot;duration&quot;:500,&quot;speed&quot;:5,&quot;pause_on_hover&quot;:&quot;disabled&quot;,&quot;stop_rollover&quot;:&quot;false&quot;,&quot;cache_pages&quot;:&quot;enabled&quot;,&quot;preload_images&quot;:&quot;enabled&quot;,&quot;preload_pages&quot;:&quot;enabled&quot;,&quot;preload_reach&quot;:1,&quot;spinner&quot;:&quot;builtin&quot;,&quot;spinner_image&quot;:&quot;https:\/\/psi-matrix.eu\/wordpress\/wp-content\/plugins\/wp-views\/res\/img\/ajax-loader.gif&quot;,&quot;callback_next&quot;:&quot;&quot;,&quot;manage_history&quot;:&quot;disabled&quot;,&quot;has_controls_in_form&quot;:&quot;disabled&quot;,&quot;infinite_tolerance&quot;:&quot;0&quot;,&quot;max_pages&quot;:0,&quot;page&quot;:1,&quot;base_permalink&quot;:&quot;\/fr\/wp-json\/wp\/v2\/pages\/3359?wpv_view_count=1086-CPID3692&amp;wpv_paged=WPV_PAGE_NUM&quot;,&quot;loop&quot;:{&quot;type&quot;:&quot;&quot;,&quot;name&quot;:&quot;&quot;,&quot;data&quot;:[],&quot;id&quot;:0}}\" data-permalink=\"\/fr\/wp-json\/wp\/v2\/pages\/3359?wpv_view_count=1086-CPID3692\">\n\n\t\n\t\n\t\t<strong>No items found<\/strong>\n\t\n<\/div>\n\n\n\t\t<\/div>\n\t<\/div>\n<\/div><\/div><\/div><div class=\"wpb_column vc_column_container vc_col-sm-6\"><div class=\"vc_column-inner\"><div class=\"wpb_wrapper\">\n\t<div class=\"wpb_text_column wpb_content_element \" >\n\t\t<div class=\"wpb_wrapper\">\n\t\t\t<h4>Printable\u00a0Media<\/h4>\n\n\t\t<\/div>\n\t<\/div>\n\n\t<div class=\"wpb_text_column wpb_content_element \" >\n\t\t<div class=\"wpb_wrapper\">\n\t\t\t<form autocomplete=\"off\" name=\"wpv-filter-1134-CPID3692\" action=\"\/fr\/wp-json\/wp\/v2\/pages\/3359?wpv_view_count=1134-CPID3692\" method=\"get\" class=\"wpv-filter-form js-wpv-filter-form js-wpv-filter-form-1134-CPID3692 js-wpv-form-full\" data-viewnumber=\"1134-CPID3692\" data-viewid=\"1134\" data-viewhash=\"eyJuYW1lIjoiZHJ1Y2ttZWRpZW4ifQ==\" data-viewwidgetid=\"0\" data-orderby=\"\" data-order=\"\" data-orderbyas=\"\" data-orderbysecond=\"\" data-ordersecond=\"\" data-parametric=\"{&quot;query&quot;:&quot;normal&quot;,&quot;id&quot;:1134,&quot;view_id&quot;:1134,&quot;widget_id&quot;:0,&quot;view_hash&quot;:&quot;1134-CPID3692&quot;,&quot;action&quot;:&quot;\\\/fr\\\/wp-json\\\/wp\\\/v2\\\/pages\\\/3359?wpv_view_count=1134-CPID3692&quot;,&quot;sort&quot;:{&quot;orderby&quot;:&quot;&quot;,&quot;order&quot;:&quot;&quot;,&quot;orderby_as&quot;:&quot;&quot;,&quot;orderby_second&quot;:&quot;&quot;,&quot;order_second&quot;:&quot;&quot;},&quot;orderby&quot;:&quot;&quot;,&quot;order&quot;:&quot;&quot;,&quot;orderby_as&quot;:&quot;&quot;,&quot;orderby_second&quot;:&quot;&quot;,&quot;order_second&quot;:&quot;&quot;,&quot;ajax_form&quot;:&quot;&quot;,&quot;ajax_results&quot;:&quot;&quot;,&quot;effect&quot;:&quot;fade&quot;,&quot;prebefore&quot;:&quot;&quot;,&quot;before&quot;:&quot;&quot;,&quot;after&quot;:&quot;&quot;,&quot;attributes&quot;:[],&quot;environment&quot;:{&quot;current_post_id&quot;:3692,&quot;parent_post_id&quot;:3692,&quot;parent_term_id&quot;:0,&quot;parent_user_id&quot;:0,&quot;archive&quot;:{&quot;type&quot;:&quot;&quot;,&quot;name&quot;:&quot;&quot;,&quot;data&quot;:[]}},&quot;loop&quot;:{&quot;type&quot;:&quot;&quot;,&quot;name&quot;:&quot;&quot;,&quot;data&quot;:[],&quot;id&quot;:0}}\" data-attributes=\"[]\" data-environment=\"{&quot;current_post_id&quot;:3692,&quot;parent_post_id&quot;:3692,&quot;parent_term_id&quot;:0,&quot;parent_user_id&quot;:0,&quot;archive&quot;:{&quot;type&quot;:&quot;&quot;,&quot;name&quot;:&quot;&quot;,&quot;data&quot;:[]}}\"><input type=\"hidden\" class=\"js-wpv-dps-filter-data js-wpv-filter-data-for-this-form\" data-action=\"\/fr\/wp-json\/wp\/v2\/pages\/3359?wpv_view_count=1134-CPID3692\" data-page=\"1\" data-ajax=\"disable\" data-effect=\"fade\" data-maxpages=\"0\" data-ajaxprebefore=\"\" data-ajaxbefore=\"\" data-ajaxafter=\"\" \/><input class=\"wpv_view_count wpv_view_count-1134-CPID3692\" type=\"hidden\" name=\"wpv_view_count\" value=\"1134-CPID3692\" \/>\n\n<\/form>\n<div id=\"wpv-view-layout-1134-CPID3692\" class=\"js-wpv-view-layout js-wpv-layout-responsive js-wpv-view-layout-1134-CPID3692\" data-viewnumber=\"1134-CPID3692\" data-pagination=\"{&quot;id&quot;:1134,&quot;query&quot;:&quot;normal&quot;,&quot;type&quot;:&quot;disabled&quot;,&quot;effect&quot;:&quot;fade&quot;,&quot;duration&quot;:500,&quot;speed&quot;:5,&quot;pause_on_hover&quot;:&quot;disabled&quot;,&quot;stop_rollover&quot;:&quot;false&quot;,&quot;cache_pages&quot;:&quot;enabled&quot;,&quot;preload_images&quot;:&quot;enabled&quot;,&quot;preload_pages&quot;:&quot;enabled&quot;,&quot;preload_reach&quot;:1,&quot;spinner&quot;:&quot;builtin&quot;,&quot;spinner_image&quot;:&quot;https:\/\/psi-matrix.eu\/wordpress\/wp-content\/plugins\/wp-views\/res\/img\/ajax-loader.gif&quot;,&quot;callback_next&quot;:&quot;&quot;,&quot;manage_history&quot;:&quot;disabled&quot;,&quot;has_controls_in_form&quot;:&quot;disabled&quot;,&quot;infinite_tolerance&quot;:&quot;0&quot;,&quot;max_pages&quot;:0,&quot;page&quot;:1,&quot;base_permalink&quot;:&quot;\/fr\/wp-json\/wp\/v2\/pages\/3359?wpv_view_count=1134-CPID3692&amp;wpv_paged=WPV_PAGE_NUM&quot;,&quot;loop&quot;:{&quot;type&quot;:&quot;&quot;,&quot;name&quot;:&quot;&quot;,&quot;data&quot;:[],&quot;id&quot;:0}}\" data-permalink=\"\/fr\/wp-json\/wp\/v2\/pages\/3359?wpv_view_count=1134-CPID3692\">\n\n\t\n\t\n\t\t<strong>No items found<\/strong>\n\t\n<\/div>\n\n\t\t<\/div>\n\t<\/div>\n<\/div><\/div><\/div><\/div><div class=\"vc_row wpb_row vc_row-fluid dt-default\" style=\"margin-top: 0px;margin-bottom: 0px\"><div class=\"wpb_column vc_column_container vc_col-sm-12\"><div class=\"vc_column-inner\"><div class=\"wpb_wrapper\"><\/div><\/div><\/div><\/div><\/div>[\/vc_column][\/vc_row]<\/p>\n","protected":false},"excerpt":{"rendered":"<p>L&#8217;imprimante livret multifonction<br \/>\nL\u2019imprimante PSi PR9 est une imprimante livret multifonction pour les banques, les pouvoirs publics, les soins de sant\u00e9 et les applications industrielles.<\/p>\n","protected":false},"author":3,"featured_media":4048,"parent":3437,"menu_order":0,"comment_status":"closed","ping_status":"closed","template":"","meta":[],"druckertyp":[335],"ahnlichedrucker":[],"serie":[352],"_links":{"self":[{"href":"https:\/\/psi-matrix.eu\/fr\/wp-json\/wp\/v2\/pages\/3359"}],"collection":[{"href":"https:\/\/psi-matrix.eu\/fr\/wp-json\/wp\/v2\/pages"}],"about":[{"href":"https:\/\/psi-matrix.eu\/fr\/wp-json\/wp\/v2\/types\/page"}],"author":[{"embeddable":true,"href":"https:\/\/psi-matrix.eu\/fr\/wp-json\/wp\/v2\/users\/3"}],"replies":[{"embeddable":true,"href":"https:\/\/psi-matrix.eu\/fr\/wp-json\/wp\/v2\/comments?post=3359"}],"version-history":[{"count":11,"href":"https:\/\/psi-matrix.eu\/fr\/wp-json\/wp\/v2\/pages\/3359\/revisions"}],"predecessor-version":[{"id":4050,"href":"https:\/\/psi-matrix.eu\/fr\/wp-json\/wp\/v2\/pages\/3359\/revisions\/4050"}],"up":[{"embeddable":true,"href":"https:\/\/psi-matrix.eu\/fr\/wp-json\/wp\/v2\/pages\/3437"}],"wp:featuredmedia":[{"embeddable":true,"href":"https:\/\/psi-matrix.eu\/fr\/wp-json\/wp\/v2\/media\/4048"}],"wp:attachment":[{"href":"https:\/\/psi-matrix.eu\/fr\/wp-json\/wp\/v2\/media?parent=3359"}],"wp:term":[{"taxonomy":"druckertyp","embeddable":true,"href":"https:\/\/psi-matrix.eu\/fr\/wp-json\/wp\/v2\/druckertyp?post=3359"},{"taxonomy":"ahnlichedrucker","embeddable":true,"href":"https:\/\/psi-matrix.eu\/fr\/wp-json\/wp\/v2\/ahnlichedrucker?post=3359"},{"taxonomy":"serie","embeddable":true,"href":"https:\/\/psi-matrix.eu\/fr\/wp-json\/wp\/v2\/serie?post=3359"}],"curies":[{"name":"wp","href":"https:\/\/api.w.org\/{rel}","templated":true}]}}