{"id":3357,"date":"2016-07-27T16:49:39","date_gmt":"2016-07-27T14:49:39","guid":{"rendered":"http:\/\/psi-matrix.eu\/fr\/printer-driver\/"},"modified":"2017-01-30T15:24:54","modified_gmt":"2017-01-30T13:24:54","slug":"printer-driver","status":"publish","type":"page","link":"https:\/\/psi-matrix.eu\/fr\/printer-driver\/","title":{"rendered":"Pilote d&#8217;imprimante"},"content":{"rendered":"<p>[vc_row][vc_column][vc_column_text]<\/p>\n<h3>Pilote d&#8217;imprimante pour imprimante PSi Matrix<\/h3>\n<p style=\"text-align: justify;\">Pour tous les mod\u00e8les d&#8217;imprimantes matricielles PSI, le pilote d&#8217;imprimante pour Windows est sign\u00e9. Par cons\u00e9quent, le pilote d&#8217;imprimante peut \u00eatre int\u00e9gr\u00e9 \u00e0 toutes les plates-formes Windows sans g\u00eaner un \u00abcontournement\u00bb. Ainsi, un red\u00e9marrage compliqu\u00e9 du syst\u00e8me avant de d\u00e9marrer un pilote d&#8217;imprimante non sign\u00e9 d&#8217;installation n&#8217;est pas n\u00e9cessaire.<\/p>\n<p style=\"text-align: justify;\">Le pilote d&#8217;imprimante PSi prend \u00e9galement en charge les fonctions respectives de l&#8217;imprimante et des options. Nous recommandons donc toujours d&#8217;utiliser un pilote d&#8217;imprimante original. Dans certains cas o\u00f9 aucun pilote d&#8217;imprimante de PSi n&#8217;est disponible, vous devez utiliser l&#8217;un des pilotes compatibles comme Epson ou IBM en fonction de l&#8217;\u00e9mulation utilis\u00e9e dans l&#8217;imprimante.<\/p>\n<p>[\/vc_column_text][vc_text_separator title=&#8221;<\/p>\n<h5>Select printer modell, operation system and language to download the printer driver&#8221;][vc_column_text]<form autocomplete=\"off\" name=\"wpv-filter-482\" action=\"\/fr\/wp-json\/wp\/v2\/pages\/3357?wpv_view_count=482\" method=\"get\" class=\"wpv-filter-form js-wpv-filter-form js-wpv-filter-form-482 js-wpv-form-full js-wpv-dps-enabled js-wpv-ajax-results-enabled\" data-viewnumber=\"482\" data-viewid=\"482\" data-viewhash=\"eyJuYW1lIjoiaGF1cHRhbnNpY2h0LXRyZWliZXIifQ==\" data-viewwidgetid=\"0\" data-orderby=\"\" data-order=\"\" data-orderbyas=\"\" data-orderbysecond=\"\" data-ordersecond=\"\" data-parametric=\"{&quot;query&quot;:&quot;normal&quot;,&quot;id&quot;:482,&quot;view_id&quot;:482,&quot;widget_id&quot;:0,&quot;view_hash&quot;:&quot;482&quot;,&quot;action&quot;:&quot;\\\/fr\\\/wp-json\\\/wp\\\/v2\\\/pages\\\/3357?wpv_view_count=482&quot;,&quot;sort&quot;:{&quot;orderby&quot;:&quot;&quot;,&quot;order&quot;:&quot;&quot;,&quot;orderby_as&quot;:&quot;&quot;,&quot;orderby_second&quot;:&quot;&quot;,&quot;order_second&quot;:&quot;&quot;},&quot;orderby&quot;:&quot;&quot;,&quot;order&quot;:&quot;&quot;,&quot;orderby_as&quot;:&quot;&quot;,&quot;orderby_second&quot;:&quot;&quot;,&quot;order_second&quot;:&quot;&quot;,&quot;ajax_form&quot;:&quot;&quot;,&quot;ajax_results&quot;:&quot;&quot;,&quot;effect&quot;:&quot;fade&quot;,&quot;prebefore&quot;:&quot;&quot;,&quot;before&quot;:&quot;&quot;,&quot;after&quot;:&quot;&quot;,&quot;attributes&quot;:[],&quot;environment&quot;:{&quot;current_post_id&quot;:3357,&quot;parent_post_id&quot;:3357,&quot;parent_term_id&quot;:0,&quot;parent_user_id&quot;:0,&quot;archive&quot;:{&quot;type&quot;:&quot;&quot;,&quot;name&quot;:&quot;&quot;,&quot;data&quot;:[]}},&quot;loop&quot;:{&quot;type&quot;:&quot;&quot;,&quot;name&quot;:&quot;&quot;,&quot;data&quot;:[],&quot;id&quot;:0}}\" data-attributes=\"[]\" data-environment=\"{&quot;current_post_id&quot;:3357,&quot;parent_post_id&quot;:3357,&quot;parent_term_id&quot;:0,&quot;parent_user_id&quot;:0,&quot;archive&quot;:{&quot;type&quot;:&quot;&quot;,&quot;name&quot;:&quot;&quot;,&quot;data&quot;:[]}}\"><input type=\"hidden\" class=\"js-wpv-dps-filter-data js-wpv-filter-data-for-this-form\" data-action=\"\/fr\/wp-json\/wp\/v2\/pages\/3357?wpv_view_count=482\" data-page=\"1\" data-ajax=\"enable\" data-effect=\"fade\" data-maxpages=\"0\" data-ajaxprebefore=\"\" data-ajaxbefore=\"\" data-ajaxafter=\"\" \/><input class=\"wpv_view_count wpv_view_count-482\" type=\"hidden\" name=\"wpv_view_count\" value=\"482\" \/>\nImprimeur:<br><select name=\"wpv-druckertyp\" class=\"js-wpv-filter-trigger\"><option selected='selected' value=\"0\">Aucune s\u00e9lection<\/option><option value=\"pp204-fr\">PP 204<\/option><option value=\"pp205-fr\">PP 205<\/option><option value=\"pp404-fr\">PP 404<\/option><option value=\"pp405-fr\">PP 405<\/option><option value=\"pp407-fr\">PP 407<\/option><option value=\"pp408-fr\">PP 408<\/option><option value=\"pp803-fr\">PP 803<\/option><option value=\"pp806-fr\">PP 806<\/option><option value=\"pp809-fr\">PP 809<\/option><option value=\"pp-80x-with-qr-code-fr\">PP 80x with QR-Code<\/option><option value=\"pr9-fr\">PR9<\/option><\/select><br>Le syst\u00e8me d'exploitation:<br><select name=\"wpv-betriebssystem\" class=\"js-wpv-filter-trigger\"><option selected='selected' value=\"0\">Aucune s\u00e9lection<\/option><option value=\"sap-fr\">SAP<\/option><option value=\"win2008-fr\">Win Server 2008<\/option><option value=\"win2012-fr\">Win Server 2012<\/option><option value=\"win-server-2016-fr\">Win Server 2016<\/option><option value=\"win-server-2019-en-2-fr\">Win Server 2019<\/option><option value=\"win10-32-bit-fr\">Win10 (32 Bit)<\/option><option value=\"win10-64-bit-fr\">Win10 (64 Bit)<\/option><option value=\"win2000-fr\">Win2000<\/option><option value=\"win7-32-bit-fr\">Win7 (32 Bit)<\/option><option value=\"win7-64-bit-fr\">Win7 (64 Bit)<\/option><option value=\"win8-32-bit-fr\">Win8 (32 Bit)<\/option><option value=\"win8-64-bit-fr\">Win8 (64 Bit)<\/option><option value=\"winxp-fr\">WinXP<\/option><\/select><br>Langue:<br><select name=\"wpv-sprache\" class=\"js-wpv-filter-trigger\"><option selected='selected' value=\"0\">Aucune s\u00e9lection<\/option><option value=\"deutsch-fr\">allemand<\/option><option value=\"englisch-fr\">Anglais<\/option><option value=\"osteuropaeisch-fr\">Europe de l'Est<\/option><option value=\"francais\">fran\u00e7ais<\/option><option value=\"italienisch-fr\">italien<\/option><option value=\"tuerkish-fr\">turc<\/option><\/select><br><br>\n<input type=\"button\" class=\"wpv-reset-trigger js-wpv-reset-trigger\" name=\"wpv_filter_reset\" value=\"Effacer la s\u00e9lection\" \/>\n\n<br>\n<br>\n<\/form>\n<div id=\"wpv-view-layout-482\" class=\"js-wpv-view-layout js-wpv-layout-responsive js-wpv-view-layout-482\" data-viewnumber=\"482\" data-pagination=\"{&quot;id&quot;:482,&quot;query&quot;:&quot;normal&quot;,&quot;type&quot;:&quot;disabled&quot;,&quot;effect&quot;:&quot;fade&quot;,&quot;duration&quot;:500,&quot;speed&quot;:5,&quot;pause_on_hover&quot;:&quot;disabled&quot;,&quot;stop_rollover&quot;:&quot;false&quot;,&quot;cache_pages&quot;:&quot;enabled&quot;,&quot;preload_images&quot;:&quot;enabled&quot;,&quot;preload_pages&quot;:&quot;enabled&quot;,&quot;preload_reach&quot;:1,&quot;spinner&quot;:&quot;builtin&quot;,&quot;spinner_image&quot;:&quot;https:\/\/psi-matrix.eu\/wordpress\/wp-content\/plugins\/wp-views\/res\/img\/ajax-loader.gif&quot;,&quot;callback_next&quot;:&quot;&quot;,&quot;manage_history&quot;:&quot;disabled&quot;,&quot;has_controls_in_form&quot;:&quot;disabled&quot;,&quot;infinite_tolerance&quot;:&quot;0&quot;,&quot;max_pages&quot;:0,&quot;page&quot;:1,&quot;base_permalink&quot;:&quot;\/fr\/wp-json\/wp\/v2\/pages\/3357?wpv_view_count=482&amp;wpv_paged=WPV_PAGE_NUM&quot;,&quot;loop&quot;:{&quot;type&quot;:&quot;&quot;,&quot;name&quot;:&quot;&quot;,&quot;data&quot;:[],&quot;id&quot;:0}}\" data-permalink=\"\/fr\/wp-json\/wp\/v2\/pages\/3357?wpv_view_count=482\">\n\n\t\n\t\n\t<ul class=\"wpv-loop js-wpv-loop treiber\">\n\t\t\n\t\t\t<li class=\"treiber\"><h4><a href=\"https:\/\/psi-matrix.eu\/fr\/pilote-d-imprimante\/driver-pp-204-win-3264-bit-german\/\">Pilote PP 204 Win (32\/64 Bit) sign\u00e9<\/a><\/h4>\n<a href=\"https:\/\/psi-matrix.eu\/fr\/pilote-d-imprimante\/driver-pp-204-win-3264-bit-german\/\"><\/a><\/li>\n\t\t\n\t\t\t<li class=\"treiber\"><h4><a href=\"https:\/\/psi-matrix.eu\/fr\/pilote-d-imprimante\/driver-pp-205-win-3264-bit-german\/\">Pilote PP 205 Win (32\/64 Bit) sign\u00e9<\/a><\/h4>\n<a href=\"https:\/\/psi-matrix.eu\/fr\/pilote-d-imprimante\/driver-pp-205-win-3264-bit-german\/\"><\/a><\/li>\n\t\t\n\t\t\t<li class=\"treiber\"><h4><a href=\"https:\/\/psi-matrix.eu\/fr\/pilote-d-imprimante\/pp-40x-driver-win-3264-bit-english\/\">Pilote PP 40x Win (32\/64 Bit) anglais sign\u00e9<\/a><\/h4>\n<a href=\"https:\/\/psi-matrix.eu\/fr\/pilote-d-imprimante\/pp-40x-driver-win-3264-bit-english\/\"><\/a><\/li>\n\t\t\n\t\t\t<li class=\"treiber\"><h4><a href=\"https:\/\/psi-matrix.eu\/fr\/pilote-d-imprimante\/pilote-pp-40x-win-3264-bit-francais-signe\/\">Pilote PP 40x Win (32\/64 Bit) fran\u00e7ais sign\u00e9<\/a><\/h4>\n<a href=\"https:\/\/psi-matrix.eu\/fr\/pilote-d-imprimante\/pilote-pp-40x-win-3264-bit-francais-signe\/\"><\/a><\/li>\n\t\t\n\t\t\t<li class=\"treiber\"><h4><a href=\"https:\/\/psi-matrix.eu\/fr\/pilote-d-imprimante\/driver-pp-40x-win-3264-bit-german\/\">Pilote PP 40x Win (32\/64 Bit) german sign\u00e9<\/a><\/h4>\n<a href=\"https:\/\/psi-matrix.eu\/fr\/pilote-d-imprimante\/driver-pp-40x-win-3264-bit-german\/\"><\/a><\/li>\n\t\t\n\t\t\t<li class=\"treiber\"><h4><a href=\"https:\/\/psi-matrix.eu\/fr\/pilote-d-imprimante\/pilote-pp-40x-win-3264-bit-italien-signe\/\">Pilote PP 40x Win (32\/64 Bit) italien sign\u00e9<\/a><\/h4>\n<a href=\"https:\/\/psi-matrix.eu\/fr\/pilote-d-imprimante\/pilote-pp-40x-win-3264-bit-italien-signe\/\"><\/a><\/li>\n\t\t\n\t\t\t<li class=\"treiber\"><h4><a href=\"https:\/\/psi-matrix.eu\/fr\/pilote-d-imprimante\/pilote-pp-40x-win-3264-bit-turkish-signe\/\">Pilote PP 40x Win (32\/64 bit) turkish sign\u00e9<\/a><\/h4>\n<a href=\"https:\/\/psi-matrix.eu\/fr\/pilote-d-imprimante\/pilote-pp-40x-win-3264-bit-turkish-signe\/\"><\/a><\/li>\n\t\t\n\t\t\t<li class=\"treiber\"><h4><a href=\"https:\/\/psi-matrix.eu\/fr\/pilote-d-imprimante\/driver-pp-80x-win-3264-bit-german\/\">Pilote PP 80x Win (32\/64 Bit) allemand sign\u00e9<\/a><\/h4>\n<a href=\"https:\/\/psi-matrix.eu\/fr\/pilote-d-imprimante\/driver-pp-80x-win-3264-bit-german\/\"><\/a><\/li>\n\t\t\n\t\t\t<li class=\"treiber\"><h4><a href=\"https:\/\/psi-matrix.eu\/fr\/pilote-d-imprimante\/pp-80x-driver-win-3264-bit-english\/\">Pilote PP 80x Win (32\/64 Bit) anglais sign\u00e9<\/a><\/h4>\n<a href=\"https:\/\/psi-matrix.eu\/fr\/pilote-d-imprimante\/pp-80x-driver-win-3264-bit-english\/\"><\/a><\/li>\n\t\t\n\t\t\t<li class=\"treiber\"><h4><a href=\"https:\/\/psi-matrix.eu\/fr\/pilote-d-imprimante\/pilote-pp-80x-win-3264-bit-francais-signe\/\">Pilote PP 80x Win (32\/64 Bit) fran\u00e7ais sign\u00e9<\/a><\/h4>\n<a href=\"https:\/\/psi-matrix.eu\/fr\/pilote-d-imprimante\/pilote-pp-80x-win-3264-bit-francais-signe\/\"><\/a><\/li>\n\t\t\n\t\t\t<li class=\"treiber\"><h4><a href=\"https:\/\/psi-matrix.eu\/fr\/pilote-d-imprimante\/pilote-pp-80x-win-3264-bit-italien-signe\/\">Pilote PP 80x Win (32\/64 Bit) italien sign\u00e9<\/a><\/h4>\n<a href=\"https:\/\/psi-matrix.eu\/fr\/pilote-d-imprimante\/pilote-pp-80x-win-3264-bit-italien-signe\/\"><\/a><\/li>\n\t\t\n\t\t\t<li class=\"treiber\"><h4><a href=\"https:\/\/psi-matrix.eu\/fr\/pilote-d-imprimante\/driver-pp-80x-win-3264-bit-tuerkish-signed\/\">Pilote PP 80x Win (32\/64 bit) turkish sign\u00e9<\/a><\/h4>\n<a href=\"https:\/\/psi-matrix.eu\/fr\/pilote-d-imprimante\/driver-pp-80x-win-3264-bit-tuerkish-signed\/\"><\/a><\/li>\n\t\t\n\t\t\t<li class=\"treiber\"><h4><a href=\"https:\/\/psi-matrix.eu\/fr\/pilote-d-imprimante\/treiber-pr-9-win-3264-bit-german-signed\/\">Pilote PR 9 Win (32\/64 Bit) allemand sign\u00e9<\/a><\/h4>\n<a href=\"https:\/\/psi-matrix.eu\/fr\/pilote-d-imprimante\/treiber-pr-9-win-3264-bit-german-signed\/\"><\/a><\/li>\n\t\t\n\t\t\t<li class=\"treiber\"><h4><a href=\"https:\/\/psi-matrix.eu\/fr\/pilote-d-imprimante\/pr-9-driver-win-3264-bit-english\/\">Pilote PR 9 Win (32\/64 Bit) anglais sign\u00e9<\/a><\/h4>\n<a href=\"https:\/\/psi-matrix.eu\/fr\/pilote-d-imprimante\/pr-9-driver-win-3264-bit-english\/\"><\/a><\/li>\n\t\t\n\t\t\t<li class=\"treiber\"><h4><a href=\"https:\/\/psi-matrix.eu\/fr\/pilote-d-imprimante\/driver-sapr3-easteurope\/\">Pilote SAP \/ R3 Easteurope PSi PP 40x et PP 80x<\/a><\/h4>\n<a href=\"https:\/\/psi-matrix.eu\/fr\/pilote-d-imprimante\/driver-sapr3-easteurope\/\"><\/a><\/li>\n\t\t\n\t\t\t<li class=\"treiber\"><h4><a href=\"https:\/\/psi-matrix.eu\/fr\/pilote-d-imprimante\/driver-sapr3\/\">Pilote SAP \/ R3 PSi PP 40x et PP 80x<\/a><\/h4>\n<a href=\"https:\/\/psi-matrix.eu\/fr\/pilote-d-imprimante\/driver-sapr3\/\"><\/a><\/li>\n\t\t\n\t<\/ul>\n\t\n\t\n\t\n<\/div>[\/vc_column_text][\/vc_column][\/vc_row][vc_row][vc_column][\/vc_column][\/vc_row][vc_row][vc_column][vc_column_text]<\/h5>\n<p>[\/vc_column_text][\/vc_column][\/vc_row]<\/p>\n","protected":false},"excerpt":{"rendered":"<p>[vc_row][vc_column][vc_column_text] Pilote d&#8217;imprimante pour imprimante PSi Matrix Pour tous les mod\u00e8les d&#8217;imprimantes matricielles PSI, le pilote d&#8217;imprimante pour Windows est sign\u00e9. Par cons\u00e9quent, le pilote d&#8217;imprimante peut \u00eatre int\u00e9gr\u00e9 \u00e0 toutes les plates-formes Windows sans g\u00eaner un \u00abcontournement\u00bb. Ainsi, un red\u00e9marrage compliqu\u00e9 du syst\u00e8me avant de d\u00e9marrer un pilote d&#8217;imprimante non sign\u00e9 d&#8217;installation n&#8217;est pas&hellip;<\/p>\n","protected":false},"author":3,"featured_media":0,"parent":0,"menu_order":0,"comment_status":"closed","ping_status":"closed","template":"","meta":[],"druckertyp":[],"ahnlichedrucker":[],"serie":[],"_links":{"self":[{"href":"https:\/\/psi-matrix.eu\/fr\/wp-json\/wp\/v2\/pages\/3357"}],"collection":[{"href":"https:\/\/psi-matrix.eu\/fr\/wp-json\/wp\/v2\/pages"}],"about":[{"href":"https:\/\/psi-matrix.eu\/fr\/wp-json\/wp\/v2\/types\/page"}],"author":[{"embeddable":true,"href":"https:\/\/psi-matrix.eu\/fr\/wp-json\/wp\/v2\/users\/3"}],"replies":[{"embeddable":true,"href":"https:\/\/psi-matrix.eu\/fr\/wp-json\/wp\/v2\/comments?post=3357"}],"version-history":[{"count":2,"href":"https:\/\/psi-matrix.eu\/fr\/wp-json\/wp\/v2\/pages\/3357\/revisions"}],"predecessor-version":[{"id":3585,"href":"https:\/\/psi-matrix.eu\/fr\/wp-json\/wp\/v2\/pages\/3357\/revisions\/3585"}],"wp:attachment":[{"href":"https:\/\/psi-matrix.eu\/fr\/wp-json\/wp\/v2\/media?parent=3357"}],"wp:term":[{"taxonomy":"druckertyp","embeddable":true,"href":"https:\/\/psi-matrix.eu\/fr\/wp-json\/wp\/v2\/druckertyp?post=3357"},{"taxonomy":"ahnlichedrucker","embeddable":true,"href":"https:\/\/psi-matrix.eu\/fr\/wp-json\/wp\/v2\/ahnlichedrucker?post=3357"},{"taxonomy":"serie","embeddable":true,"href":"https:\/\/psi-matrix.eu\/fr\/wp-json\/wp\/v2\/serie?post=3357"}],"curies":[{"name":"wp","href":"https:\/\/api.w.org\/{rel}","templated":true}]}}