{"id":3355,"date":"2016-07-27T16:56:06","date_gmt":"2016-07-27T14:56:06","guid":{"rendered":"http:\/\/psi-matrix.eu\/fr\/consumables\/"},"modified":"2019-02-06T13:45:54","modified_gmt":"2019-02-06T11:45:54","slug":"consumables","status":"publish","type":"page","link":"https:\/\/psi-matrix.eu\/fr\/consumables\/","title":{"rendered":"Consommables"},"content":{"rendered":"<p>[vc_row][vc_column][vc_column_text]<\/p>\n<h3 style=\"text-align: justify;\">Consommables<\/h3>\n<p style=\"text-align: justify;\">Les sportifs de haut niveau investissent non seulement dans la formation intensive mais aussi dans l&#8217;\u00e9quipement parfait. V\u00eatements, chaussures et \u00e9quipement de sport &#8211; chaque d\u00e9tail est bien pens\u00e9 et devient continuellement am\u00e9lior\u00e9.<\/p>\n<p style=\"text-align: justify;\">A leur image, les imprimantes matricielles PSi de haute performance reposent \u00e9galement sur l&#8217;utilisation des consommables appropri\u00e9s pour transmettre le meilleurs de leurs atouts. Les cassettes \u00e0 ruban, par exemple, sont parfaitement adapt\u00e9es aux propri\u00e9t\u00e9s m\u00e9caniques respectives de l&#8217;imprimante et sont soumises \u00e0 des contr\u00f4les de qualit\u00e9 continus allant du moulage par injection \u00e0 la production d&#8217;encre, \u00e0 l&#8217;impr\u00e9gnation du ruban et \u00e0 l&#8217;assemblage des cassettes jusqu&#8217;\u00e0 l&#8217;inspection finale.<\/p>\n<p style=\"text-align: justify;\"><strong>M\u00e9canique parfaite<\/strong><\/p>\n<p style=\"text-align: justify;\">L&#8217;adaptation parfaite des engrenages du\u00a0 ruban PSi avec les freins et les forces de traction ainsi que le guidage du ruban contre la t\u00eate d&#8217;impression garantit un fonctionnement et une long\u00e9vit\u00e9 sans d\u00e9faillance.<\/p>\n<p style=\"text-align: justify;\">Des composants non originaux qui n&#8217;interagissent pas de cette mani\u00e8re id\u00e9ale peuvent conduire \u00e0 un trajet d\u00e9fectueux du ruban qui \u00e0 son tour peut provoquer des d\u00e9fauts cons\u00e9cutifs tels que bourrage papier, rupture de roue dent\u00e9e de l\u2019entrainement du ruban, la perte de donn\u00e9es avec la perte de caract\u00e8res ou endommagement de la t\u00eate d&#8217;impression ou du rouleau d\u2019entrainement.<\/p>\n<p style=\"text-align: justify;\"><strong>Qualit\u00e9 Certifi\u00e9e<\/strong><\/p>\n<p style=\"text-align: justify;\">La m\u00e9canique des cassettes \u00e0 ruban est con\u00e7ue pour une utilisation unique. Le rechargement n&#8217;est pas possible. \u00a0Seule les cassettes ruban-encreur d&#8217;origine PSi r\u00e9pondent aux exigences de qualit\u00e9 et de long\u00e9vit\u00e9 d&#8217;impression constante, d&#8217;une part, et au bon fonctionnement et \u00e0 la faible abrasion, d&#8217;autre part.<\/p>\n<p style=\"text-align: justify;\">Ces propri\u00e9t\u00e9s sont contr\u00f4l\u00e9es et garanties par des essais r\u00e9guliers effectu\u00e9 par PSi Matrix.<\/p>\n<p style=\"text-align: justify;\">Avec une qualit\u00e9 certifi\u00e9e par PSi pour des imprimantes et des fournitures, vous avez la garantie d\u2019obtenir la meilleure qualit\u00e9 d&#8217;impression, le rendement, la performance et l&#8217;efficacit\u00e9 \u00e9lev\u00e9e!<\/p>\n<p style=\"text-align: justify;\">Contactez votre revendeur PSi Matrix local qui vous donnera des conseils d&#8217;experts sur nos imprimantes et consommables PSi.<\/p>\n<p>[\/vc_column_text][vc_empty_space height=&#8221;20&#8243;][vc_column_text]<form autocomplete=\"off\" name=\"wpv-filter-352\" action=\"\/fr\/wp-json\/wp\/v2\/pages\/3355?wpv_view_count=352\" method=\"get\" class=\"wpv-filter-form js-wpv-filter-form js-wpv-filter-form-352 js-wpv-form-full js-wpv-dps-enabled js-wpv-ajax-results-enabled\" data-viewnumber=\"352\" data-viewid=\"352\" data-viewhash=\"eyJuYW1lIjoidmVyYnJhdWNoc21hdGVyaWFsLWhhdXB0YW5zaWNodCJ9\" data-viewwidgetid=\"0\" data-orderby=\"\" data-order=\"\" data-orderbyas=\"\" data-orderbysecond=\"\" data-ordersecond=\"\" data-parametric=\"{&quot;query&quot;:&quot;normal&quot;,&quot;id&quot;:352,&quot;view_id&quot;:352,&quot;widget_id&quot;:0,&quot;view_hash&quot;:&quot;352&quot;,&quot;action&quot;:&quot;\\\/fr\\\/wp-json\\\/wp\\\/v2\\\/pages\\\/3355?wpv_view_count=352&quot;,&quot;sort&quot;:{&quot;orderby&quot;:&quot;&quot;,&quot;order&quot;:&quot;&quot;,&quot;orderby_as&quot;:&quot;&quot;,&quot;orderby_second&quot;:&quot;&quot;,&quot;order_second&quot;:&quot;&quot;},&quot;orderby&quot;:&quot;&quot;,&quot;order&quot;:&quot;&quot;,&quot;orderby_as&quot;:&quot;&quot;,&quot;orderby_second&quot;:&quot;&quot;,&quot;order_second&quot;:&quot;&quot;,&quot;ajax_form&quot;:&quot;&quot;,&quot;ajax_results&quot;:&quot;&quot;,&quot;effect&quot;:&quot;fade&quot;,&quot;prebefore&quot;:&quot;&quot;,&quot;before&quot;:&quot;&quot;,&quot;after&quot;:&quot;&quot;,&quot;attributes&quot;:[],&quot;environment&quot;:{&quot;current_post_id&quot;:3355,&quot;parent_post_id&quot;:3355,&quot;parent_term_id&quot;:0,&quot;parent_user_id&quot;:0,&quot;archive&quot;:{&quot;type&quot;:&quot;&quot;,&quot;name&quot;:&quot;&quot;,&quot;data&quot;:[]}},&quot;loop&quot;:{&quot;type&quot;:&quot;&quot;,&quot;name&quot;:&quot;&quot;,&quot;data&quot;:[],&quot;id&quot;:0}}\" data-attributes=\"[]\" data-environment=\"{&quot;current_post_id&quot;:3355,&quot;parent_post_id&quot;:3355,&quot;parent_term_id&quot;:0,&quot;parent_user_id&quot;:0,&quot;archive&quot;:{&quot;type&quot;:&quot;&quot;,&quot;name&quot;:&quot;&quot;,&quot;data&quot;:[]}}\"><input type=\"hidden\" class=\"js-wpv-dps-filter-data js-wpv-filter-data-for-this-form\" data-action=\"\/fr\/wp-json\/wp\/v2\/pages\/3355?wpv_view_count=352\" data-page=\"1\" data-ajax=\"enable\" data-effect=\"fade\" data-maxpages=\"0\" data-ajaxprebefore=\"\" data-ajaxbefore=\"\" data-ajaxafter=\"\" \/><input class=\"wpv_view_count wpv_view_count-352\" type=\"hidden\" name=\"wpv_view_count\" value=\"352\" \/>\nImprimeur: <select name=\"wpv-druckertyp\" class=\"js-wpv-filter-trigger\"><option selected='selected' value=\"0\">Aucune imprimante s\u00e9lectionn\u00e9e<\/option><option value=\"pp204-fr\">PP 204<\/option><option value=\"pp205-fr\">PP 205<\/option><option value=\"pp404-fr\">PP 404<\/option><option value=\"pp405-fr\">PP 405<\/option><option value=\"pp407-fr\">PP 407<\/option><option value=\"pp408-fr\">PP 408<\/option><option value=\"pp803-fr\">PP 803<\/option><option value=\"pp806-fr\">PP 806<\/option><option value=\"pp809-fr\">PP 809<\/option><option value=\"pp-80x-with-qr-code-fr\">PP 80x with QR-Code<\/option><option value=\"pr9-fr\">PR9<\/option><\/select>\n<input type=\"button\" class=\"wpv-reset-trigger js-wpv-reset-trigger\" name=\"wpv_filter_reset\" value=\"Effacer la s\u00e9lection\" \/>\n\n<br>\n<br>\n<\/form>\n<div id=\"wpv-view-layout-352\" class=\"js-wpv-view-layout js-wpv-layout-responsive js-wpv-view-layout-352\" data-viewnumber=\"352\" data-pagination=\"{&quot;id&quot;:352,&quot;query&quot;:&quot;normal&quot;,&quot;type&quot;:&quot;disabled&quot;,&quot;effect&quot;:&quot;fade&quot;,&quot;duration&quot;:500,&quot;speed&quot;:5,&quot;pause_on_hover&quot;:&quot;disabled&quot;,&quot;stop_rollover&quot;:&quot;false&quot;,&quot;cache_pages&quot;:&quot;enabled&quot;,&quot;preload_images&quot;:&quot;enabled&quot;,&quot;preload_pages&quot;:&quot;enabled&quot;,&quot;preload_reach&quot;:1,&quot;spinner&quot;:&quot;builtin&quot;,&quot;spinner_image&quot;:&quot;https:\/\/psi-matrix.eu\/wordpress\/wp-content\/plugins\/wp-views\/res\/img\/ajax-loader.gif&quot;,&quot;callback_next&quot;:&quot;&quot;,&quot;manage_history&quot;:&quot;disabled&quot;,&quot;has_controls_in_form&quot;:&quot;disabled&quot;,&quot;infinite_tolerance&quot;:&quot;0&quot;,&quot;max_pages&quot;:0,&quot;page&quot;:1,&quot;base_permalink&quot;:&quot;\/fr\/wp-json\/wp\/v2\/pages\/3355?wpv_view_count=352&amp;wpv_paged=WPV_PAGE_NUM&quot;,&quot;loop&quot;:{&quot;type&quot;:&quot;&quot;,&quot;name&quot;:&quot;&quot;,&quot;data&quot;:[],&quot;id&quot;:0}}\" data-permalink=\"\/fr\/wp-json\/wp\/v2\/pages\/3355?wpv_view_count=352\">\n\n\t\n\t\n\t<div class=\"container wpv-loop js-wpv-loop\">\n\t\n\t\t\n\t\t<div class=\"row \">\n\t\t\t<div class=\"col-sm-4\"><div class=\"box-connectivity-headline\"><h4><a href=\"https:\/\/psi-matrix.eu\/fr\/consommables\/ribbon-cassette-src09\/\">Ribbon Cassette S\/RC09<\/a><\/h4><\/div>\n<div class=\"box-connectivity-foto\"><a href=\"https:\/\/psi-matrix.eu\/fr\/consommables\/ribbon-cassette-src09\/\"><img width=\"300\" height=\"209\" src=\"https:\/\/psi-matrix.eu\/wordpress\/wp-content\/uploads\/2016\/04\/Ribbon_PR9-kl-300x209.png\" class=\"attachment-medium size-medium wp-post-image\" alt=\"Ribbon_PR9-kl\" loading=\"lazy\" srcset=\"https:\/\/psi-matrix.eu\/wordpress\/wp-content\/uploads\/2016\/04\/Ribbon_PR9-kl-300x209.png 300w, https:\/\/psi-matrix.eu\/wordpress\/wp-content\/uploads\/2016\/04\/Ribbon_PR9-kl.png 400w\" sizes=\"(max-width: 300px) 100vw, 300px\" \/><\/a><\/div><\/div>\n\t\t\n\t\t\n\t\t\t<div class=\"col-sm-4\"><div class=\"box-connectivity-headline\"><h4><a href=\"https:\/\/psi-matrix.eu\/fr\/consommables\/ribbon-cassette-src78\/\">Ribbon Cassette S\/RC78<\/a><\/h4><\/div>\n<div class=\"box-connectivity-foto\"><a href=\"https:\/\/psi-matrix.eu\/fr\/consommables\/ribbon-cassette-src78\/\"><img width=\"300\" height=\"217\" src=\"https:\/\/psi-matrix.eu\/wordpress\/wp-content\/uploads\/2016\/04\/Ribbon-Cassette-SRC78-kl-300x217.png\" class=\"attachment-medium size-medium wp-post-image\" alt=\"\" loading=\"lazy\" srcset=\"https:\/\/psi-matrix.eu\/wordpress\/wp-content\/uploads\/2016\/04\/Ribbon-Cassette-SRC78-kl-300x217.png 300w, https:\/\/psi-matrix.eu\/wordpress\/wp-content\/uploads\/2016\/04\/Ribbon-Cassette-SRC78-kl.png 400w\" sizes=\"(max-width: 300px) 100vw, 300px\" \/><\/a><\/div><\/div>\n\t\t\n\t\t\n\t\t\t<div class=\"col-sm-4\"><div class=\"box-connectivity-headline\"><h4><a href=\"https:\/\/psi-matrix.eu\/fr\/consommables\/ribbon-cassette-src79-4-farbig\/\">Ribbon Cassette S\/RC79 4-Color<\/a><\/h4><\/div>\n<div class=\"box-connectivity-foto\"><a href=\"https:\/\/psi-matrix.eu\/fr\/consommables\/ribbon-cassette-src79-4-farbig\/\"><img width=\"300\" height=\"209\" src=\"https:\/\/psi-matrix.eu\/wordpress\/wp-content\/uploads\/2016\/04\/Ribbon-Cassette-S_RC97-4C-kl-300x209.png\" class=\"attachment-medium size-medium wp-post-image\" alt=\"\" loading=\"lazy\" srcset=\"https:\/\/psi-matrix.eu\/wordpress\/wp-content\/uploads\/2016\/04\/Ribbon-Cassette-S_RC97-4C-kl-300x209.png 300w, https:\/\/psi-matrix.eu\/wordpress\/wp-content\/uploads\/2016\/04\/Ribbon-Cassette-S_RC97-4C-kl.png 400w\" sizes=\"(max-width: 300px) 100vw, 300px\" \/><\/a><\/div><\/div>\n\t\t<\/div>\n\t\t\n\t\t\n\t\t<div class=\"row \">\n\t\t\t<div class=\"col-sm-4\"><div class=\"box-connectivity-headline\"><h4><a href=\"https:\/\/psi-matrix.eu\/fr\/consommables\/ribbon-cassette-src96-xxl\/\">Ribbon Cassette S\/RC96 XXL<\/a><\/h4><\/div>\n<div class=\"box-connectivity-foto\"><a href=\"https:\/\/psi-matrix.eu\/fr\/consommables\/ribbon-cassette-src96-xxl\/\"><img width=\"300\" height=\"209\" src=\"https:\/\/psi-matrix.eu\/wordpress\/wp-content\/uploads\/2016\/04\/RibbonXXL-_PP407_8-Cassette-S_RC96-2-300x209.png\" class=\"attachment-medium size-medium wp-post-image\" alt=\"RibbonXXL _PP407_8 Cassette S_RC96\" loading=\"lazy\" srcset=\"https:\/\/psi-matrix.eu\/wordpress\/wp-content\/uploads\/2016\/04\/RibbonXXL-_PP407_8-Cassette-S_RC96-2-300x209.png 300w, https:\/\/psi-matrix.eu\/wordpress\/wp-content\/uploads\/2016\/04\/RibbonXXL-_PP407_8-Cassette-S_RC96-2.png 400w\" sizes=\"(max-width: 300px) 100vw, 300px\" \/><\/a><\/div><\/div>\n\t\t\n\t\t\n\t\t\t<div class=\"col-sm-4\"><div class=\"box-connectivity-headline\"><h4><a href=\"https:\/\/psi-matrix.eu\/fr\/consommables\/ribbon-cassette-src97\/\">Ribbon Cassette S\/RC97<\/a><\/h4><\/div>\n<div class=\"box-connectivity-foto\"><a href=\"https:\/\/psi-matrix.eu\/fr\/consommables\/ribbon-cassette-src97\/\"><img width=\"300\" height=\"209\" src=\"https:\/\/psi-matrix.eu\/wordpress\/wp-content\/uploads\/2016\/04\/Ribbon-Cassette-S_RC97-kl-300x209.png\" class=\"attachment-medium size-medium wp-post-image\" alt=\"\" loading=\"lazy\" srcset=\"https:\/\/psi-matrix.eu\/wordpress\/wp-content\/uploads\/2016\/04\/Ribbon-Cassette-S_RC97-kl-300x209.png 300w, https:\/\/psi-matrix.eu\/wordpress\/wp-content\/uploads\/2016\/04\/Ribbon-Cassette-S_RC97-kl.png 400w\" sizes=\"(max-width: 300px) 100vw, 300px\" \/><\/a><\/div><\/div>\n\t\t\n\t\t\n\t\t\t<div class=\"col-sm-4\"><div class=\"box-connectivity-headline\"><h4><a href=\"https:\/\/psi-matrix.eu\/fr\/consommables\/ribbon-cassette-src98\/\">Ribbon Cassette S\/RC98<\/a><\/h4><\/div>\n<div class=\"box-connectivity-foto\"><a href=\"https:\/\/psi-matrix.eu\/fr\/consommables\/ribbon-cassette-src98\/\"><img width=\"300\" height=\"209\" src=\"https:\/\/psi-matrix.eu\/wordpress\/wp-content\/uploads\/2016\/03\/Ribbon-Cassette-S_RC98-kl-300x209.png\" class=\"attachment-medium size-medium wp-post-image\" alt=\"\" loading=\"lazy\" srcset=\"https:\/\/psi-matrix.eu\/wordpress\/wp-content\/uploads\/2016\/03\/Ribbon-Cassette-S_RC98-kl-300x209.png 300w, https:\/\/psi-matrix.eu\/wordpress\/wp-content\/uploads\/2016\/03\/Ribbon-Cassette-S_RC98-kl.png 400w\" sizes=\"(max-width: 300px) 100vw, 300px\" \/><\/a><\/div><\/div>\n\t\t<\/div>\n\t\t\n\t\t\n\t\t<div class=\"row \">\n\t\t\t<div class=\"col-sm-4\"><div class=\"box-connectivity-headline\"><h4><a href=\"https:\/\/psi-matrix.eu\/fr\/consommables\/ribbon-cassette-src99\/\">Ribbon Cassette S\/RC99<\/a><\/h4><\/div>\n<div class=\"box-connectivity-foto\"><a href=\"https:\/\/psi-matrix.eu\/fr\/consommables\/ribbon-cassette-src99\/\"><img width=\"300\" height=\"209\" src=\"https:\/\/psi-matrix.eu\/wordpress\/wp-content\/uploads\/2016\/04\/Ribbon_20x-kl-300x209.png\" class=\"attachment-medium size-medium wp-post-image\" alt=\"\" loading=\"lazy\" srcset=\"https:\/\/psi-matrix.eu\/wordpress\/wp-content\/uploads\/2016\/04\/Ribbon_20x-kl-300x209.png 300w, https:\/\/psi-matrix.eu\/wordpress\/wp-content\/uploads\/2016\/04\/Ribbon_20x-kl.png 400w\" sizes=\"(max-width: 300px) 100vw, 300px\" \/><\/a><\/div><\/div>\n\t\t\n\t\t\t<div class=\"col-sm-4\"><\/div>\n\t\t\n\t\t\t<div class=\"col-sm-4\"><\/div>\n\t\t<\/div>\n\t\n\t<\/div>\n\t\n\t\n\t\n<\/div>[\/vc_column_text][\/vc_column][\/vc_row]<\/p>\n","protected":false},"excerpt":{"rendered":"<p>[vc_row][vc_column][vc_column_text] Consommables Les sportifs de haut niveau investissent non seulement dans la formation intensive mais aussi dans l&#8217;\u00e9quipement parfait. V\u00eatements, chaussures et \u00e9quipement de sport &#8211; chaque d\u00e9tail est bien pens\u00e9 et devient continuellement am\u00e9lior\u00e9. A leur image, les imprimantes matricielles PSi de haute performance reposent \u00e9galement sur l&#8217;utilisation des consommables appropri\u00e9s pour transmettre le&hellip;<\/p>\n","protected":false},"author":3,"featured_media":0,"parent":0,"menu_order":0,"comment_status":"closed","ping_status":"closed","template":"","meta":[],"druckertyp":[],"ahnlichedrucker":[],"serie":[],"_links":{"self":[{"href":"https:\/\/psi-matrix.eu\/fr\/wp-json\/wp\/v2\/pages\/3355"}],"collection":[{"href":"https:\/\/psi-matrix.eu\/fr\/wp-json\/wp\/v2\/pages"}],"about":[{"href":"https:\/\/psi-matrix.eu\/fr\/wp-json\/wp\/v2\/types\/page"}],"author":[{"embeddable":true,"href":"https:\/\/psi-matrix.eu\/fr\/wp-json\/wp\/v2\/users\/3"}],"replies":[{"embeddable":true,"href":"https:\/\/psi-matrix.eu\/fr\/wp-json\/wp\/v2\/comments?post=3355"}],"version-history":[{"count":5,"href":"https:\/\/psi-matrix.eu\/fr\/wp-json\/wp\/v2\/pages\/3355\/revisions"}],"predecessor-version":[{"id":5979,"href":"https:\/\/psi-matrix.eu\/fr\/wp-json\/wp\/v2\/pages\/3355\/revisions\/5979"}],"wp:attachment":[{"href":"https:\/\/psi-matrix.eu\/fr\/wp-json\/wp\/v2\/media?parent=3355"}],"wp:term":[{"taxonomy":"druckertyp","embeddable":true,"href":"https:\/\/psi-matrix.eu\/fr\/wp-json\/wp\/v2\/druckertyp?post=3355"},{"taxonomy":"ahnlichedrucker","embeddable":true,"href":"https:\/\/psi-matrix.eu\/fr\/wp-json\/wp\/v2\/ahnlichedrucker?post=3355"},{"taxonomy":"serie","embeddable":true,"href":"https:\/\/psi-matrix.eu\/fr\/wp-json\/wp\/v2\/serie?post=3355"}],"curies":[{"name":"wp","href":"https:\/\/api.w.org\/{rel}","templated":true}]}}